{"id":18022,"date":"2024-08-16T16:29:05","date_gmt":"2024-08-16T16:29:05","guid":{"rendered":"https:\/\/amd-bl.website\/?post_type=product&#038;p=18022"},"modified":"2025-08-21T07:42:20","modified_gmt":"2025-08-21T07:42:20","slug":"31015-pila-za-rigips-ploce-kompas-300mm-12%e2%80%b3","status":"publish","type":"product","link":"https:\/\/amd-bl.website\/?product=31015-pila-za-rigips-ploce-kompas-300mm-12%e2%80%b3","title":{"rendered":"31015 Ru\u010dna testera KOMPAS 300mm"},"content":{"rendered":"<p>Ru\u010dna pila KOMPAS 300mm<\/p>\n<p>No\u017e za rigips plo\u010de<br \/>\nLOK:A2<br \/>\nEAN: 6933528731436<\/p>\n","protected":false},"excerpt":{"rendered":"<p>Ru\u010dna pila KOMPAS 300mm No\u017e za rigips plo\u010de LOK:A2 EAN: 6933528731436<\/p>\n","protected":false},"featured_media":19147,"comment_status":"open","ping_status":"closed","template":"","meta":{"pagelayer_contact_templates":[],"_pagelayer_content":""},"product_brand":[],"product_cat":[161],"product_tag":[],"class_list":{"0":"post-18022","1":"product","2":"type-product","3":"status-publish","4":"has-post-thumbnail","6":"product_cat-rezni-alati","8":"first","9":"instock","10":"shipping-taxable","11":"purchasable","12":"product-type-simple"},"_links":{"self":[{"href":"https:\/\/amd-bl.website\/index.php?rest_route=\/wp\/v2\/product\/18022","targetHints":{"allow":["GET"]}}],"collection":[{"href":"https:\/\/amd-bl.website\/index.php?rest_route=\/wp\/v2\/product"}],"about":[{"href":"https:\/\/amd-bl.website\/index.php?rest_route=\/wp\/v2\/types\/product"}],"replies":[{"embeddable":true,"href":"https:\/\/amd-bl.website\/index.php?rest_route=%2Fwp%2Fv2%2Fcomments&post=18022"}],"wp:featuredmedia":[{"embeddable":true,"href":"https:\/\/amd-bl.website\/index.php?rest_route=\/wp\/v2\/media\/19147"}],"wp:attachment":[{"href":"https:\/\/amd-bl.website\/index.php?rest_route=%2Fwp%2Fv2%2Fmedia&parent=18022"}],"wp:term":[{"taxonomy":"product_brand","embeddable":true,"href":"https:\/\/amd-bl.website\/index.php?rest_route=%2Fwp%2Fv2%2Fproduct_brand&post=18022"},{"taxonomy":"product_cat","embeddable":true,"href":"https:\/\/amd-bl.website\/index.php?rest_route=%2Fwp%2Fv2%2Fproduct_cat&post=18022"},{"taxonomy":"product_tag","embeddable":true,"href":"https:\/\/amd-bl.website\/index.php?rest_route=%2Fwp%2Fv2%2Fproduct_tag&post=18022"}],"curies":[{"name":"wp","href":"https:\/\/api.w.org\/{rel}","templated":true}]}}