{"id":17938,"date":"2024-04-27T15:10:26","date_gmt":"2024-04-27T15:10:26","guid":{"rendered":"https:\/\/amd-bl.website\/?post_type=product&#038;p=17938"},"modified":"2025-08-21T10:39:06","modified_gmt":"2025-08-21T10:39:06","slug":"18288-zglobni-nastavak-1-2","status":"publish","type":"product","link":"https:\/\/amd-bl.website\/?product=18288-zglobni-nastavak-1-2","title":{"rendered":"18288 Zglobni nastavak 1\/2"},"content":{"rendered":"<p>LOK:C1<br \/>\nEAN:6933528718840<\/p>\n<p>\u2022 Materijal: CrMo, termi\u010dki obra\u0111en<br \/>\n\u2022 Hemijski molibden za za\u0161titu od korozije<br \/>\n\u2022 Idealan za vazdu\u0161ne, elektri\u010dne ili ru\u010dne udarne klju\u010deve<br \/>\n\u2022 Pakovanje: plasti\u010dna vje\u0161alica sa etiketom u boji<\/p>\n","protected":false},"excerpt":{"rendered":"<p>LOK:C1 EAN:6933528718840 \u2022 Materijal: CrMo, termi\u010dki obra\u0111en \u2022 Hemijski molibden za za\u0161titu od korozije \u2022 Idealan za vazdu\u0161ne, elektri\u010dne ili ru\u010dne udarne klju\u010deve \u2022 Pakovanje: plasti\u010dna vje\u0161alica sa etiketom u boji<\/p>\n","protected":false},"featured_media":17939,"comment_status":"open","ping_status":"closed","template":"","meta":{"pagelayer_contact_templates":[],"_pagelayer_content":""},"product_brand":[],"product_cat":[159,155],"product_tag":[],"class_list":{"0":"post-17938","1":"product","2":"type-product","3":"status-publish","4":"has-post-thumbnail","6":"product_cat-mehanicarski-alati","7":"product_cat-mehanicarski-alat","9":"first","10":"instock","11":"shipping-taxable","12":"purchasable","13":"product-type-simple"},"_links":{"self":[{"href":"https:\/\/amd-bl.website\/index.php?rest_route=\/wp\/v2\/product\/17938","targetHints":{"allow":["GET"]}}],"collection":[{"href":"https:\/\/amd-bl.website\/index.php?rest_route=\/wp\/v2\/product"}],"about":[{"href":"https:\/\/amd-bl.website\/index.php?rest_route=\/wp\/v2\/types\/product"}],"replies":[{"embeddable":true,"href":"https:\/\/amd-bl.website\/index.php?rest_route=%2Fwp%2Fv2%2Fcomments&post=17938"}],"wp:featuredmedia":[{"embeddable":true,"href":"https:\/\/amd-bl.website\/index.php?rest_route=\/wp\/v2\/media\/17939"}],"wp:attachment":[{"href":"https:\/\/amd-bl.website\/index.php?rest_route=%2Fwp%2Fv2%2Fmedia&parent=17938"}],"wp:term":[{"taxonomy":"product_brand","embeddable":true,"href":"https:\/\/amd-bl.website\/index.php?rest_route=%2Fwp%2Fv2%2Fproduct_brand&post=17938"},{"taxonomy":"product_cat","embeddable":true,"href":"https:\/\/amd-bl.website\/index.php?rest_route=%2Fwp%2Fv2%2Fproduct_cat&post=17938"},{"taxonomy":"product_tag","embeddable":true,"href":"https:\/\/amd-bl.website\/index.php?rest_route=%2Fwp%2Fv2%2Fproduct_tag&post=17938"}],"curies":[{"name":"wp","href":"https:\/\/api.w.org\/{rel}","templated":true}]}}