{"id":17934,"date":"2024-04-27T15:04:50","date_gmt":"2024-04-27T15:04:50","guid":{"rendered":"https:\/\/amd-bl.website\/?post_type=product&#038;p=17934"},"modified":"2025-08-21T06:37:35","modified_gmt":"2025-08-21T06:37:35","slug":"10305-kombinirke","status":"publish","type":"product","link":"https:\/\/amd-bl.website\/?product=10305-kombinirke","title":{"rendered":"10305 Kombinirke"},"content":{"rendered":"<p>LOK:A1<br \/>\nEAN:6933528711339<\/p>\n<p><span>\u2022 Od krom-vanadijum \u010delika.<\/span><br \/>\n<span>\u2022 Jastu\u010di\u0107 za dr\u017eanje, udobne ru\u010dke.<\/span><br \/>\n<span>\u2022 Dizajn visoke poluge za 47% ve\u0107u snagu rezanja i hvatanja.<\/span><br \/>\n<span>\u2022 Indukcijski kaljeni no\u017eevi za se\u010denje za dug \u017eivot. koristiti za rezanje vijaka, eksera i mnogih mjera\u010da \u017eice uklju\u010duju\u0107i \u017eicu visoke \u010dvrsto\u0107e.<\/span><br \/>\n<span>\u2022Fish Tape Pulling.povla\u010di ravnu \u010deli\u010dnu riblju traku bez o\u0161te\u0107enja trake.<\/span><br \/>\n<span>\u2022Krimpovanje konektora, koristi se za ve\u0107inu o\u010dvr\u0161\u0107enih \u017eica. Krimpuje konektore, papu\u010dice i terminale.<\/span><br \/>\n<span>\u2022Du\u017eina reza\u010da: 3\/4\u2033 (19.05mm)<\/span><br \/>\n<span>\u2022Ukupna du\u017eina: 9-1\/2\u2033 (240 mm)<\/span><\/p>\n","protected":false},"excerpt":{"rendered":"<p>LOK:A1 EAN:6933528711339 \u2022 Od krom-vanadijum \u010delika. \u2022 Jastu\u010di\u0107 za dr\u017eanje, udobne ru\u010dke. \u2022 Dizajn visoke poluge za 47% ve\u0107u snagu rezanja i hvatanja. \u2022 Indukcijski kaljeni no\u017eevi za se\u010denje za dug \u017eivot. koristiti za rezanje vijaka, eksera i mnogih mjera\u010da \u017eice uklju\u010duju\u0107i \u017eicu visoke \u010dvrsto\u0107e. \u2022Fish Tape Pulling.povla\u010di ravnu \u010deli\u010dnu riblju traku bez o\u0161te\u0107enja trake. [&hellip;]<\/p>\n","protected":false},"featured_media":17935,"comment_status":"open","ping_status":"closed","template":"","meta":{"pagelayer_contact_templates":[],"_pagelayer_content":""},"product_brand":[],"product_cat":[156],"product_tag":[],"class_list":{"0":"post-17934","1":"product","2":"type-product","3":"status-publish","4":"has-post-thumbnail","6":"product_cat-klijesta-i-stege","8":"first","9":"instock","10":"shipping-taxable","11":"purchasable","12":"product-type-simple"},"_links":{"self":[{"href":"https:\/\/amd-bl.website\/index.php?rest_route=\/wp\/v2\/product\/17934","targetHints":{"allow":["GET"]}}],"collection":[{"href":"https:\/\/amd-bl.website\/index.php?rest_route=\/wp\/v2\/product"}],"about":[{"href":"https:\/\/amd-bl.website\/index.php?rest_route=\/wp\/v2\/types\/product"}],"replies":[{"embeddable":true,"href":"https:\/\/amd-bl.website\/index.php?rest_route=%2Fwp%2Fv2%2Fcomments&post=17934"}],"wp:featuredmedia":[{"embeddable":true,"href":"https:\/\/amd-bl.website\/index.php?rest_route=\/wp\/v2\/media\/17935"}],"wp:attachment":[{"href":"https:\/\/amd-bl.website\/index.php?rest_route=%2Fwp%2Fv2%2Fmedia&parent=17934"}],"wp:term":[{"taxonomy":"product_brand","embeddable":true,"href":"https:\/\/amd-bl.website\/index.php?rest_route=%2Fwp%2Fv2%2Fproduct_brand&post=17934"},{"taxonomy":"product_cat","embeddable":true,"href":"https:\/\/amd-bl.website\/index.php?rest_route=%2Fwp%2Fv2%2Fproduct_cat&post=17934"},{"taxonomy":"product_tag","embeddable":true,"href":"https:\/\/amd-bl.website\/index.php?rest_route=%2Fwp%2Fv2%2Fproduct_tag&post=17934"}],"curies":[{"name":"wp","href":"https:\/\/api.w.org\/{rel}","templated":true}]}}