{"id":17930,"date":"2024-04-27T14:33:47","date_gmt":"2024-04-27T14:33:47","guid":{"rendered":"https:\/\/amd-bl.website\/?post_type=product&#038;p=17930"},"modified":"2026-03-31T16:08:25","modified_gmt":"2026-03-31T16:08:25","slug":"10291-spic-klijesta-duga-kriva","status":"publish","type":"product","link":"https:\/\/amd-bl.website\/?product=10291-spic-klijesta-duga-kriva","title":{"rendered":"10291 \u0160pic klije\u0161ta duga kriva"},"content":{"rendered":"","protected":false},"excerpt":{"rendered":"<p>EAN:6933528711551<\/p>\n<p>\u2022 Kovani specijalni alatni \u010delik<br \/>\n\u2022 Crno obra\u0111ena i fino polirana povr\u0161ina<br \/>\n\u2022 Nazubljene \u010deljusti pru\u017eaju ve\u0107u mo\u0107 hvatanja<br \/>\n\u2022 Dvokomponentna plasti\u010dna ru\u010dka<br \/>\n\u2022 Dizajn dugog dosega omogu\u0107ava bolji pristup u uskim,<br \/>\nte\u0161ko dostupnim podru\u010djima<br \/>\n\u2022 Pakovanje: PP kartica<\/p>\n","protected":false},"featured_media":17931,"comment_status":"open","ping_status":"closed","template":"","meta":{"pagelayer_contact_templates":[],"_pagelayer_content":""},"product_brand":[176],"product_cat":[156],"product_tag":[],"class_list":{"0":"post-17930","1":"product","2":"type-product","3":"status-publish","4":"has-post-thumbnail","6":"product_brand-rucni-alati","7":"product_cat-klijesta-i-stege","9":"first","10":"instock","11":"shipping-taxable","12":"purchasable","13":"product-type-simple"},"_links":{"self":[{"href":"https:\/\/amd-bl.website\/index.php?rest_route=\/wp\/v2\/product\/17930","targetHints":{"allow":["GET"]}}],"collection":[{"href":"https:\/\/amd-bl.website\/index.php?rest_route=\/wp\/v2\/product"}],"about":[{"href":"https:\/\/amd-bl.website\/index.php?rest_route=\/wp\/v2\/types\/product"}],"replies":[{"embeddable":true,"href":"https:\/\/amd-bl.website\/index.php?rest_route=%2Fwp%2Fv2%2Fcomments&post=17930"}],"wp:featuredmedia":[{"embeddable":true,"href":"https:\/\/amd-bl.website\/index.php?rest_route=\/wp\/v2\/media\/17931"}],"wp:attachment":[{"href":"https:\/\/amd-bl.website\/index.php?rest_route=%2Fwp%2Fv2%2Fmedia&parent=17930"}],"wp:term":[{"taxonomy":"product_brand","embeddable":true,"href":"https:\/\/amd-bl.website\/index.php?rest_route=%2Fwp%2Fv2%2Fproduct_brand&post=17930"},{"taxonomy":"product_cat","embeddable":true,"href":"https:\/\/amd-bl.website\/index.php?rest_route=%2Fwp%2Fv2%2Fproduct_cat&post=17930"},{"taxonomy":"product_tag","embeddable":true,"href":"https:\/\/amd-bl.website\/index.php?rest_route=%2Fwp%2Fv2%2Fproduct_tag&post=17930"}],"curies":[{"name":"wp","href":"https:\/\/api.w.org\/{rel}","templated":true}]}}