{"id":17910,"date":"2024-04-06T12:47:06","date_gmt":"2024-04-06T12:47:06","guid":{"rendered":"https:\/\/amd-bl.website\/?post_type=product&#038;p=17910"},"modified":"2025-01-05T15:30:17","modified_gmt":"2025-01-05T15:30:17","slug":"85412-kolica-alata-189kom","status":"publish","type":"product","link":"https:\/\/amd-bl.website\/?product=85412-kolica-alata-189kom","title":{"rendered":"85412 Kolica alata 189kom"},"content":{"rendered":"<p><span>EAN:6933528780359<\/span><\/p>\n<p><span>\u2022 3 kom reverzibilne \u010degrtaljke: 1\/4\u2033+ 3\/8\u2033+ 1\/2\u2033<\/span><br \/>\n<span>\u2022 3kom univerzalni zglobovi: 1\/4\u2033+ 3\/8\u2033+ 1\/2\u2033<\/span><br \/>\n<span>\u2022 2kom Produ\u017ene \u0161ipke: 1\/4\u2033\u00d750mm; 1\/4\u2033\u00d7100mm<\/span><br \/>\n<span>\u2022 1kom klizna \u0161ipka: 1\/4\u2033\u00d7115mm<\/span><br \/>\n<span>\u2022 1kom ru\u010dka \u0161rafcigera: 1\/4\u2033\u00d7150mm<\/span><br \/>\n<span>\u2022 5kom 1\/4\u2033 12 ta\u010daka duboke uti\u010dnice:<\/span><br \/>\n<span>8, 10, 11, 12, 13mm<\/span><br \/>\n<span>\u2022 . Uti\u010dnice 1\/4\u2033 6 ta\u010daka:<\/span><br \/>\n<span>4,4.5,5,5.5,6,7,8,9,10,11,12,13,14mm<\/span><br \/>\n<span>\u2022 2kom Produ\u017ene \u0161ipke: 3\/8\u2033\u00d775mm;3\/8\u2033\u00d7 150mm<\/span><br \/>\n<span>\u2022 1 kom klizna \u0161ipka: 3\/8\u2033\u00d7160mm<\/span><br \/>\n<span>\u2022 16kom 3\/8\u2033 uti\u010dnice sa 6 ta\u010daka:<\/span><br \/>\n<span>6,7,8,9,10,11,12,13,14,15,16,17,18,19, 21,22mm<\/span><br \/>\n<span>\u2022 1kom Produ\u017ene \u0161ipke: 1\/2\u2033\u00d7125mm<\/span><br \/>\n<span>\u2022 1kom klizna \u0161ipka: 1\/2\u2033\u00d7250mm<\/span><br \/>\n<span>\u2022 2kom Uti\u010dnice za sve\u0107ice: 1\/2\u2033\u00d714mm;<\/span><br \/>\n<span>1\/2\u2033\u00d716mm<\/span><br \/>\n<span>\u2022 16kom 1\/2\u2033 uti\u010dnice sa 6 ta\u010daka: 10, 11, 12, 13, 14, 15,<\/span><br \/>\n<span>16, 17, 18, 19, 21, 22, 24, 27, 30, 32 mm<\/span><\/p>\n<p><span>\u2022 Kombinirani klju\u010devi od 20 kom:<\/span><br \/>\n<span>6, 7, 8, 9, 10, 11, 12, 13, 14, 15, 16, 17, 18,<\/span><br \/>\n<span>19, 21, 22, 24, 27, 30, 32 mm<\/span><br \/>\n<span>\u2022 7 kom: dvostruki okasti klju\u010devi<\/span><br \/>\n<span>6\u00d77 mm, 8\u00d79 mm, 10\u00d711 mm, 12\u00d713 mm,<\/span><br \/>\n<span>14\u00d715 mm, 16\u00d717 mm, 18\u00d719 mm<\/span><\/p>\n<p><span>\u2022 7kom Phillips odvija\u010da<\/span><br \/>\n<span>PH: PH0\u00d7100mm, PH1\u00d775mm,<\/span><br \/>\n<span>PH1\u00d7100mm,PH2\u00d738mm,<\/span><br \/>\n<span>PH2\u00d7100mm, PH2\u00d7150mm, PH3\u00d7150mm<\/span><br \/>\n<span>\u2022 7kom otvor odvija\u010da<\/span><br \/>\n<span>SL: 3,0\u00d75,5\u00d70 mm,<\/span><br \/>\n<span>3,0\u00d75,5\u00d70 mm ,6.5\u00d738mm,<\/span><br \/>\n<span>6.5\u00d7100mm,6.5\u00d7150mm,8.0\u00d7150mm<\/span><br \/>\n<span>\u2022 7kom torx odvija\u010di<\/span><br \/>\n<span>TH: T8\u00d775mm, T10\u00d775mm,<\/span><br \/>\n<span>T15\u00d775mm,T20\u00d7100mm,<\/span><br \/>\n<span>T25\u00d7100mm,T27\u00d70mm,T27\u00d70mm<\/span><\/p>\n<p><span>\u2022 1kom 180mm\/7\u2033 unutra\u0161nja klije\u0161ta, ravna<\/span><br \/>\n<span>\u2022 1kom 180mm\/7\u2033 unutra\u0161nja klije\u0161ta, savijena<\/span><br \/>\n<span>\u2022 1kom 180mm\/7\u2033 spoljna klije\u0161ta, ravna \u2022<\/span><br \/>\n<span>1kom 180mm\/7\u2033 eksterna klije\u0161ta bent<\/span><br \/>\n<span>18\u2033 1\/7 kom Kombinovana klije\u0161ta<\/span><br \/>\n<span>\u2022 1kom 160mm\/6\u2033 Duga klije\u0161ta<\/span><br \/>\n<span>\u2022 1kom 160mm\/6\u2033 Dijagonalna klije\u0161ta za rezanje<\/span><br \/>\n<span>\u2022 1kom 160mm\/6\u2033 Klije\u0161ta sa savijenim nosom<\/span><br \/>\n<span>\u2022 1kom 250mm\/10\u2033 Kle\u0161ta za zaklju\u010davanje<\/span><br \/>\n<span>\u2022 1kom 1kom 250mm vodene pumpe<\/span><br \/>\n<span>\u2022 1kom 1\u2033 1 mm \u2022 4,5\u2033 Mini duge klije\u0161ta za nos<\/span><\/p>\n<p><span>\u2022 2kom Spojnice: 3\/8\u2033+1\/2\u2033<\/span><br \/>\n<span>\u2022 19kom 30mm bitovi: T20, T25, T30, T40, T45, T50, T55; H4,<\/span><br \/>\n<span>H5, H6, H7, H8, H10, H12; M5, M6, M8, M10, M12<\/span><br \/>\n<span>\u2022 19 komada 75 mm bitova: T20, T25, T30, T40, T45, T50, T55;<\/span><br \/>\n<span>H4, H5, H6, H7, H8, H10, H12; M5, M6, M8, M10, M12<\/span><br \/>\n<span>\u2022 1 kom ma\u0161inski \u010deki\u0107: 500g<\/span><br \/>\n<span>\u2022 7 kom Probija\u010di: centralno dleto: 4x120mm,<\/span><br \/>\n<span>hladno dleto: 16x170mm,24x220mm,<\/span><br \/>\n<span>dleto za iglice: 3x150mm,4x150mm 8x6mm, 5x150mm, 5x150mm, 5x<\/span><br \/>\n<span>x10mm, 10x12mm , 11x13mm,<\/span><br \/>\n<span>12x14mm, 17x19mm, 19x22mm<\/span><br \/>\n<span>\u2022 9kom \u0161esterokutni klju\u010d sa dugim krakom: 1,5, 2, 2,5, 3, 4, 5, 6, 8, 10 mm<\/span><\/p>\n<p><span>\u2022 Rolo ormari\u0107 sa 7 ladica<\/span><br \/>\n<span>\u2022 Cijelo tijelo i fioke u mat crnoj boji.<\/span><br \/>\n<span>\u2022 Unutra\u0161nji zavareni spojevi za izdr\u017eljivost.<\/span><br \/>\n<span>\u2022 Sistem brzog zaklju\u010davanja<\/span><br \/>\n<span>\u2022 Vi\u0161efunkcionalna bo\u010dna ladica\/kanta za bolje iskustvo kori\u0161\u0107enja.<\/span><br \/>\n<span>\u2022 5\u2033x2 kota\u010di\u0107a, 2 fiksna 2 okretna.<\/span><br \/>\n<span>\u2022 Ukupna veli\u010dina: 845x465x965 mm<\/span><\/p>\n","protected":false},"excerpt":{"rendered":"<p>EAN:6933528780359 \u2022 3 kom reverzibilne \u010degrtaljke: 1\/4\u2033+ 3\/8\u2033+ 1\/2\u2033 \u2022 3kom univerzalni zglobovi: 1\/4\u2033+ 3\/8\u2033+ 1\/2\u2033 \u2022 2kom Produ\u017ene \u0161ipke: 1\/4\u2033\u00d750mm; 1\/4\u2033\u00d7100mm \u2022 1kom klizna \u0161ipka: 1\/4\u2033\u00d7115mm \u2022 1kom ru\u010dka \u0161rafcigera: 1\/4\u2033\u00d7150mm \u2022 5kom 1\/4\u2033 12 ta\u010daka duboke uti\u010dnice: 8, 10, 11, 12, 13mm \u2022 . Uti\u010dnice 1\/4\u2033 6 ta\u010daka: 4,4.5,5,5.5,6,7,8,9,10,11,12,13,14mm \u2022 2kom Produ\u017ene \u0161ipke: [&hellip;]<\/p>\n","protected":false},"featured_media":19006,"comment_status":"open","ping_status":"closed","template":"","meta":{"pagelayer_contact_templates":[],"_pagelayer_content":""},"product_brand":[],"product_cat":[159],"product_tag":[],"class_list":{"0":"post-17910","1":"product","2":"type-product","3":"status-publish","4":"has-post-thumbnail","6":"product_cat-mehanicarski-alati","8":"first","9":"instock","10":"shipping-taxable","11":"purchasable","12":"product-type-simple"},"_links":{"self":[{"href":"https:\/\/amd-bl.website\/index.php?rest_route=\/wp\/v2\/product\/17910","targetHints":{"allow":["GET"]}}],"collection":[{"href":"https:\/\/amd-bl.website\/index.php?rest_route=\/wp\/v2\/product"}],"about":[{"href":"https:\/\/amd-bl.website\/index.php?rest_route=\/wp\/v2\/types\/product"}],"replies":[{"embeddable":true,"href":"https:\/\/amd-bl.website\/index.php?rest_route=%2Fwp%2Fv2%2Fcomments&post=17910"}],"wp:featuredmedia":[{"embeddable":true,"href":"https:\/\/amd-bl.website\/index.php?rest_route=\/wp\/v2\/media\/19006"}],"wp:attachment":[{"href":"https:\/\/amd-bl.website\/index.php?rest_route=%2Fwp%2Fv2%2Fmedia&parent=17910"}],"wp:term":[{"taxonomy":"product_brand","embeddable":true,"href":"https:\/\/amd-bl.website\/index.php?rest_route=%2Fwp%2Fv2%2Fproduct_brand&post=17910"},{"taxonomy":"product_cat","embeddable":true,"href":"https:\/\/amd-bl.website\/index.php?rest_route=%2Fwp%2Fv2%2Fproduct_cat&post=17910"},{"taxonomy":"product_tag","embeddable":true,"href":"https:\/\/amd-bl.website\/index.php?rest_route=%2Fwp%2Fv2%2Fproduct_tag&post=17910"}],"curies":[{"name":"wp","href":"https:\/\/api.w.org\/{rel}","templated":true}]}}