{"id":17892,"date":"2024-04-06T11:34:17","date_gmt":"2024-04-06T11:34:17","guid":{"rendered":"https:\/\/amd-bl.website\/?post_type=product&#038;p=17892"},"modified":"2025-10-02T12:00:40","modified_gmt":"2025-10-02T12:00:40","slug":"36002-metar-3m-16mm","status":"publish","type":"product","link":"https:\/\/amd-bl.website\/?product=36002-metar-3m-16mm","title":{"rendered":"36002 Metar 3m\/16mm"},"content":{"rendered":"<p>EAN:6933528736004<\/p>\n<p>\u2022 ABS ku\u0107i\u0161te prekriveno TPR-om<br \/>\n\u2022 Udoban osje\u0107aj pri dr\u017eanju i otporan na udarce<br \/>\n\u2022 Obostrano premazan najlon o\u0161trice<br \/>\n\u2022 Ru\u010dno sna\u017eno dugme za zaustavljanje<br \/>\n\u2022 Sa metri\u010dkom i in\u010dnom o\u0161tricom<br \/>\n\u2022 Preciznost: MID klasa II<br \/>\n\u2022 Sa magnetnom kukom<br \/>\n\u2022 Pakovanje: naljepnica u boji sa PP karticom<\/p>\n","protected":false},"excerpt":{"rendered":"<p>EAN:6933528736004 \u2022 ABS ku\u0107i\u0161te prekriveno TPR-om \u2022 Udoban osje\u0107aj pri dr\u017eanju i otporan na udarce \u2022 Obostrano premazan najlon o\u0161trice \u2022 Ru\u010dno sna\u017eno dugme za zaustavljanje \u2022 Sa metri\u010dkom i in\u010dnom o\u0161tricom \u2022 Preciznost: MID klasa II \u2022 Sa magnetnom kukom \u2022 Pakovanje: naljepnica u boji sa PP karticom<\/p>\n","protected":false},"featured_media":19549,"comment_status":"open","ping_status":"closed","template":"","meta":{"pagelayer_contact_templates":[],"_pagelayer_content":""},"product_brand":[],"product_cat":[68],"product_tag":[],"class_list":{"0":"post-17892","1":"product","2":"type-product","3":"status-publish","4":"has-post-thumbnail","6":"product_cat-mjerni-alati","8":"first","9":"instock","10":"shipping-taxable","11":"purchasable","12":"product-type-simple"},"_links":{"self":[{"href":"https:\/\/amd-bl.website\/index.php?rest_route=\/wp\/v2\/product\/17892","targetHints":{"allow":["GET"]}}],"collection":[{"href":"https:\/\/amd-bl.website\/index.php?rest_route=\/wp\/v2\/product"}],"about":[{"href":"https:\/\/amd-bl.website\/index.php?rest_route=\/wp\/v2\/types\/product"}],"replies":[{"embeddable":true,"href":"https:\/\/amd-bl.website\/index.php?rest_route=%2Fwp%2Fv2%2Fcomments&post=17892"}],"wp:featuredmedia":[{"embeddable":true,"href":"https:\/\/amd-bl.website\/index.php?rest_route=\/wp\/v2\/media\/19549"}],"wp:attachment":[{"href":"https:\/\/amd-bl.website\/index.php?rest_route=%2Fwp%2Fv2%2Fmedia&parent=17892"}],"wp:term":[{"taxonomy":"product_brand","embeddable":true,"href":"https:\/\/amd-bl.website\/index.php?rest_route=%2Fwp%2Fv2%2Fproduct_brand&post=17892"},{"taxonomy":"product_cat","embeddable":true,"href":"https:\/\/amd-bl.website\/index.php?rest_route=%2Fwp%2Fv2%2Fproduct_cat&post=17892"},{"taxonomy":"product_tag","embeddable":true,"href":"https:\/\/amd-bl.website\/index.php?rest_route=%2Fwp%2Fv2%2Fproduct_tag&post=17892"}],"curies":[{"name":"wp","href":"https:\/\/api.w.org\/{rel}","templated":true}]}}