{"id":17888,"date":"2024-04-06T11:25:13","date_gmt":"2024-04-06T11:25:13","guid":{"rendered":"https:\/\/amd-bl.website\/?post_type=product&#038;p=17888"},"modified":"2025-10-02T11:56:42","modified_gmt":"2025-10-02T11:56:42","slug":"35233-vaser-vaga-60cm-24","status":"publish","type":"product","link":"https:\/\/amd-bl.website\/?product=35233-vaser-vaga-60cm-24","title":{"rendered":"35233 Vaser vaga 60cm 24&#8221;"},"content":{"rendered":"<p>Libela 60cm 24&#8221;<\/p>\n<p>EAN:6933528735946<\/p>\n<p>\u2022 Aluminijski okvir za te\u0161ke uvjete rada s pra\u0161kastim premazom<br \/>\n\u2022 Miljasto dno za visoku preciznost<br \/>\n\u2022 Preciznost: 0,5 mm\/m<br \/>\n\u2022 Tri bo\u010dice: 90\u00b0,180\u00b0,45\u00b0<br \/>\n\u2022 Ve\u0107a bo\u010dica od \u010dvrstog akrila<br \/>\n\u2022 Funkcija bo\u010dice sa dvostrukim pogledom za pravo o\u010ditavanje<br \/>\n\u2022 Otporan na udarce zavr\u0161ni poklopci<br \/>\n\u2022 Pakovanje: skupljaju se<\/p>\n","protected":false},"excerpt":{"rendered":"<p>Libela 60cm 24&#8221; EAN:6933528735946 \u2022 Aluminijski okvir za te\u0161ke uvjete rada s pra\u0161kastim premazom \u2022 Miljasto dno za visoku preciznost \u2022 Preciznost: 0,5 mm\/m \u2022 Tri bo\u010dice: 90\u00b0,180\u00b0,45\u00b0 \u2022 Ve\u0107a bo\u010dica od \u010dvrstog akrila \u2022 Funkcija bo\u010dice sa dvostrukim pogledom za pravo o\u010ditavanje \u2022 Otporan na udarce zavr\u0161ni poklopci \u2022 Pakovanje: skupljaju se<\/p>\n","protected":false},"featured_media":19548,"comment_status":"open","ping_status":"closed","template":"","meta":{"pagelayer_contact_templates":[],"_pagelayer_content":""},"product_brand":[],"product_cat":[68],"product_tag":[],"class_list":{"0":"post-17888","1":"product","2":"type-product","3":"status-publish","4":"has-post-thumbnail","6":"product_cat-mjerni-alati","8":"first","9":"instock","10":"shipping-taxable","11":"purchasable","12":"product-type-simple"},"_links":{"self":[{"href":"https:\/\/amd-bl.website\/index.php?rest_route=\/wp\/v2\/product\/17888","targetHints":{"allow":["GET"]}}],"collection":[{"href":"https:\/\/amd-bl.website\/index.php?rest_route=\/wp\/v2\/product"}],"about":[{"href":"https:\/\/amd-bl.website\/index.php?rest_route=\/wp\/v2\/types\/product"}],"replies":[{"embeddable":true,"href":"https:\/\/amd-bl.website\/index.php?rest_route=%2Fwp%2Fv2%2Fcomments&post=17888"}],"wp:featuredmedia":[{"embeddable":true,"href":"https:\/\/amd-bl.website\/index.php?rest_route=\/wp\/v2\/media\/19548"}],"wp:attachment":[{"href":"https:\/\/amd-bl.website\/index.php?rest_route=%2Fwp%2Fv2%2Fmedia&parent=17888"}],"wp:term":[{"taxonomy":"product_brand","embeddable":true,"href":"https:\/\/amd-bl.website\/index.php?rest_route=%2Fwp%2Fv2%2Fproduct_brand&post=17888"},{"taxonomy":"product_cat","embeddable":true,"href":"https:\/\/amd-bl.website\/index.php?rest_route=%2Fwp%2Fv2%2Fproduct_cat&post=17888"},{"taxonomy":"product_tag","embeddable":true,"href":"https:\/\/amd-bl.website\/index.php?rest_route=%2Fwp%2Fv2%2Fproduct_tag&post=17888"}],"curies":[{"name":"wp","href":"https:\/\/api.w.org\/{rel}","templated":true}]}}