{"id":17883,"date":"2024-04-06T11:18:21","date_gmt":"2024-04-06T11:18:21","guid":{"rendered":"https:\/\/amd-bl.website\/?post_type=product&#038;p=17883"},"modified":"2025-08-21T10:54:41","modified_gmt":"2025-08-21T10:54:41","slug":"35013-traka-za-mjerenje-30mx125mm","status":"publish","type":"product","link":"https:\/\/amd-bl.website\/?product=35013-traka-za-mjerenje-30mx125mm","title":{"rendered":"35013 Traka za mjerenje 30mx125mm"},"content":{"rendered":"<p>Mjerna traka 30mx125mm<br \/>\nLOK:C4<br \/>\nEAN:6933528735724<\/p>\n<p>\u2022 Sa metri\u010dkim i in\u010dnim \u010deli\u010dnim se\u010divom<br \/>\n\u2022 Zup\u010danik za uvla\u010denje \u010distog materijala<br \/>\n\u2022 4:1 Omjer prijenosa za brzo premotavanje<br \/>\n\u2022 Sa svim ABS poklopcima<br \/>\n\u2022 Integrirana ru\u010dka dobra za kori\u0161tenje i prakti\u010dno odlaganje<br \/>\n\u2022 Ergonomska ru\u010dka<br \/>\n\u2022 Pakovanje: kutija u boji<\/p>\n","protected":false},"excerpt":{"rendered":"<p>Mjerna traka 30mx125mm LOK:C4 EAN:6933528735724 \u2022 Sa metri\u010dkim i in\u010dnim \u010deli\u010dnim se\u010divom \u2022 Zup\u010danik za uvla\u010denje \u010distog materijala \u2022 4:1 Omjer prijenosa za brzo premotavanje \u2022 Sa svim ABS poklopcima \u2022 Integrirana ru\u010dka dobra za kori\u0161tenje i prakti\u010dno odlaganje \u2022 Ergonomska ru\u010dka \u2022 Pakovanje: kutija u boji<\/p>\n","protected":false},"featured_media":17884,"comment_status":"open","ping_status":"closed","template":"","meta":{"pagelayer_contact_templates":[],"_pagelayer_content":""},"product_brand":[],"product_cat":[68],"product_tag":[],"class_list":{"0":"post-17883","1":"product","2":"type-product","3":"status-publish","4":"has-post-thumbnail","6":"product_cat-mjerni-alati","8":"first","9":"instock","10":"shipping-taxable","11":"purchasable","12":"product-type-simple"},"_links":{"self":[{"href":"https:\/\/amd-bl.website\/index.php?rest_route=\/wp\/v2\/product\/17883","targetHints":{"allow":["GET"]}}],"collection":[{"href":"https:\/\/amd-bl.website\/index.php?rest_route=\/wp\/v2\/product"}],"about":[{"href":"https:\/\/amd-bl.website\/index.php?rest_route=\/wp\/v2\/types\/product"}],"replies":[{"embeddable":true,"href":"https:\/\/amd-bl.website\/index.php?rest_route=%2Fwp%2Fv2%2Fcomments&post=17883"}],"wp:featuredmedia":[{"embeddable":true,"href":"https:\/\/amd-bl.website\/index.php?rest_route=\/wp\/v2\/media\/17884"}],"wp:attachment":[{"href":"https:\/\/amd-bl.website\/index.php?rest_route=%2Fwp%2Fv2%2Fmedia&parent=17883"}],"wp:term":[{"taxonomy":"product_brand","embeddable":true,"href":"https:\/\/amd-bl.website\/index.php?rest_route=%2Fwp%2Fv2%2Fproduct_brand&post=17883"},{"taxonomy":"product_cat","embeddable":true,"href":"https:\/\/amd-bl.website\/index.php?rest_route=%2Fwp%2Fv2%2Fproduct_cat&post=17883"},{"taxonomy":"product_tag","embeddable":true,"href":"https:\/\/amd-bl.website\/index.php?rest_route=%2Fwp%2Fv2%2Fproduct_tag&post=17883"}],"curies":[{"name":"wp","href":"https:\/\/api.w.org\/{rel}","templated":true}]}}