{"id":17877,"date":"2024-04-06T11:02:43","date_gmt":"2024-04-06T11:02:43","guid":{"rendered":"https:\/\/amd-bl.website\/?post_type=product&#038;p=17877"},"modified":"2026-03-31T17:48:43","modified_gmt":"2026-03-31T17:48:43","slug":"33001-rezac-cijevi-225mm-9","status":"publish","type":"product","link":"https:\/\/amd-bl.website\/?product=33001-rezac-cijevi-225mm-9","title":{"rendered":"33001 Reza\u010d cijevi 225mm 9&#8221;"},"content":{"rendered":"","protected":false},"excerpt":{"rendered":"<p>EAN:6933528733140<\/p>\n<p>\u2022 Funkcija automatskog otvaranja<br \/>\n\u2022 Sa funkcijom brze izmjene o\u0161trice<br \/>\n\u2022 Materijal ku\u0107i\u0161ta: livenje pod pritiskom od aluminijuma,<br \/>\noblo\u017eeno prahom.<br \/>\n\u2022 O\u0161trica od ner\u0111aju\u0107eg \u010delika 3Cr13, termi\u010dka obrada<br \/>\nHRC52-56.<br \/>\n\u2022 Nanesite na se\u010dene PVC, PPR, PU, \u200b\u200bPE i druge<br \/>\nplasti\u010dne cevi.<br \/>\n\u2022 Pakovanje: blister kartica<\/p>\n","protected":false},"featured_media":18969,"comment_status":"open","ping_status":"closed","template":"","meta":{"pagelayer_contact_templates":[],"_pagelayer_content":""},"product_brand":[176],"product_cat":[163],"product_tag":[],"class_list":{"0":"post-17877","1":"product","2":"type-product","3":"status-publish","4":"has-post-thumbnail","6":"product_brand-rucni-alati","7":"product_cat-vodoinstalaterski-alat","9":"first","10":"instock","11":"shipping-taxable","12":"purchasable","13":"product-type-simple"},"_links":{"self":[{"href":"https:\/\/amd-bl.website\/index.php?rest_route=\/wp\/v2\/product\/17877","targetHints":{"allow":["GET"]}}],"collection":[{"href":"https:\/\/amd-bl.website\/index.php?rest_route=\/wp\/v2\/product"}],"about":[{"href":"https:\/\/amd-bl.website\/index.php?rest_route=\/wp\/v2\/types\/product"}],"replies":[{"embeddable":true,"href":"https:\/\/amd-bl.website\/index.php?rest_route=%2Fwp%2Fv2%2Fcomments&post=17877"}],"wp:featuredmedia":[{"embeddable":true,"href":"https:\/\/amd-bl.website\/index.php?rest_route=\/wp\/v2\/media\/18969"}],"wp:attachment":[{"href":"https:\/\/amd-bl.website\/index.php?rest_route=%2Fwp%2Fv2%2Fmedia&parent=17877"}],"wp:term":[{"taxonomy":"product_brand","embeddable":true,"href":"https:\/\/amd-bl.website\/index.php?rest_route=%2Fwp%2Fv2%2Fproduct_brand&post=17877"},{"taxonomy":"product_cat","embeddable":true,"href":"https:\/\/amd-bl.website\/index.php?rest_route=%2Fwp%2Fv2%2Fproduct_cat&post=17877"},{"taxonomy":"product_tag","embeddable":true,"href":"https:\/\/amd-bl.website\/index.php?rest_route=%2Fwp%2Fv2%2Fproduct_tag&post=17877"}],"curies":[{"name":"wp","href":"https:\/\/api.w.org\/{rel}","templated":true}]}}