{"id":17869,"date":"2024-04-03T14:54:39","date_gmt":"2024-04-03T14:54:39","guid":{"rendered":"https:\/\/amd-bl.website\/?post_type=product&#038;p=17869"},"modified":"2025-01-05T13:56:30","modified_gmt":"2025-01-05T13:56:30","slug":"62254-elasticni-spaner-4kom","status":"publish","type":"product","link":"https:\/\/amd-bl.website\/?product=62254-elasticni-spaner-4kom","title":{"rendered":"62254 \u0160paner 4kom"},"content":{"rendered":"<p>EAN:6933528762126<\/p>\n<p>\u2022 GS odobren<br \/>\n\u2022 Kapacitet vezivanja: 225daN<br \/>\n\u2022 \u0160irina trake: 25 mm<br \/>\n\u2022 Pocin\u010dana \u010degrtaljka, sa PVC ru\u010dkom<br \/>\n\u2022 Pakovanje: plasti\u010dna vje\u0161alica sa etiketom u boji<\/p>\n","protected":false},"excerpt":{"rendered":"<p>EAN:6933528762126 \u2022 GS odobren \u2022 Kapacitet vezivanja: 225daN \u2022 \u0160irina trake: 25 mm \u2022 Pocin\u010dana \u010degrtaljka, sa PVC ru\u010dkom \u2022 Pakovanje: plasti\u010dna vje\u0161alica sa etiketom u boji<\/p>\n","protected":false},"featured_media":18985,"comment_status":"open","ping_status":"closed","template":"","meta":{"pagelayer_contact_templates":[],"_pagelayer_content":""},"product_brand":[],"product_cat":[102],"product_tag":[],"class_list":{"0":"post-17869","1":"product","2":"type-product","3":"status-publish","4":"has-post-thumbnail","6":"product_cat-razno","8":"first","9":"instock","10":"shipping-taxable","11":"purchasable","12":"product-type-simple"},"_links":{"self":[{"href":"https:\/\/amd-bl.website\/index.php?rest_route=\/wp\/v2\/product\/17869","targetHints":{"allow":["GET"]}}],"collection":[{"href":"https:\/\/amd-bl.website\/index.php?rest_route=\/wp\/v2\/product"}],"about":[{"href":"https:\/\/amd-bl.website\/index.php?rest_route=\/wp\/v2\/types\/product"}],"replies":[{"embeddable":true,"href":"https:\/\/amd-bl.website\/index.php?rest_route=%2Fwp%2Fv2%2Fcomments&post=17869"}],"wp:featuredmedia":[{"embeddable":true,"href":"https:\/\/amd-bl.website\/index.php?rest_route=\/wp\/v2\/media\/18985"}],"wp:attachment":[{"href":"https:\/\/amd-bl.website\/index.php?rest_route=%2Fwp%2Fv2%2Fmedia&parent=17869"}],"wp:term":[{"taxonomy":"product_brand","embeddable":true,"href":"https:\/\/amd-bl.website\/index.php?rest_route=%2Fwp%2Fv2%2Fproduct_brand&post=17869"},{"taxonomy":"product_cat","embeddable":true,"href":"https:\/\/amd-bl.website\/index.php?rest_route=%2Fwp%2Fv2%2Fproduct_cat&post=17869"},{"taxonomy":"product_tag","embeddable":true,"href":"https:\/\/amd-bl.website\/index.php?rest_route=%2Fwp%2Fv2%2Fproduct_tag&post=17869"}],"curies":[{"name":"wp","href":"https:\/\/api.w.org\/{rel}","templated":true}]}}