{"id":17858,"date":"2024-04-03T14:36:10","date_gmt":"2024-04-03T14:36:10","guid":{"rendered":"https:\/\/amd-bl.website\/?post_type=product&#038;p=17858"},"modified":"2025-08-21T10:20:29","modified_gmt":"2025-08-21T10:20:29","slug":"31032-skare-za-voce-200mm-8","status":"publish","type":"product","link":"https:\/\/amd-bl.website\/?product=31032-skare-za-voce-200mm-8","title":{"rendered":"31032 \u0160kare za vo\u0107e 200mm 8&#8221;"},"content":{"rendered":"<p>Makaze za vo\u0107njak.<br \/>\nLOK:B3<br \/>\nEAN:6933528731245<\/p>\n<p>\u2022 O\u0161trica od ner\u0111aju\u0107eg \u010delika, fino polirana<br \/>\n\u2022 Dr\u0161ka od legure cinka, sa PVC ru\u010dkama<br \/>\n\u2022 Pakovanje: blister kartica<\/p>\n","protected":false},"excerpt":{"rendered":"<p>Makaze za vo\u0107njak. LOK:B3 EAN:6933528731245 \u2022 O\u0161trica od ner\u0111aju\u0107eg \u010delika, fino polirana \u2022 Dr\u0161ka od legure cinka, sa PVC ru\u010dkama \u2022 Pakovanje: blister kartica<\/p>\n","protected":false},"featured_media":17859,"comment_status":"open","ping_status":"closed","template":"","meta":{"pagelayer_contact_templates":[],"_pagelayer_content":""},"product_brand":[],"product_cat":[171],"product_tag":[],"class_list":{"0":"post-17858","1":"product","2":"type-product","3":"status-publish","4":"has-post-thumbnail","6":"product_cat-vrtni-alati","8":"first","9":"instock","10":"shipping-taxable","11":"purchasable","12":"product-type-simple"},"_links":{"self":[{"href":"https:\/\/amd-bl.website\/index.php?rest_route=\/wp\/v2\/product\/17858","targetHints":{"allow":["GET"]}}],"collection":[{"href":"https:\/\/amd-bl.website\/index.php?rest_route=\/wp\/v2\/product"}],"about":[{"href":"https:\/\/amd-bl.website\/index.php?rest_route=\/wp\/v2\/types\/product"}],"replies":[{"embeddable":true,"href":"https:\/\/amd-bl.website\/index.php?rest_route=%2Fwp%2Fv2%2Fcomments&post=17858"}],"wp:featuredmedia":[{"embeddable":true,"href":"https:\/\/amd-bl.website\/index.php?rest_route=\/wp\/v2\/media\/17859"}],"wp:attachment":[{"href":"https:\/\/amd-bl.website\/index.php?rest_route=%2Fwp%2Fv2%2Fmedia&parent=17858"}],"wp:term":[{"taxonomy":"product_brand","embeddable":true,"href":"https:\/\/amd-bl.website\/index.php?rest_route=%2Fwp%2Fv2%2Fproduct_brand&post=17858"},{"taxonomy":"product_cat","embeddable":true,"href":"https:\/\/amd-bl.website\/index.php?rest_route=%2Fwp%2Fv2%2Fproduct_cat&post=17858"},{"taxonomy":"product_tag","embeddable":true,"href":"https:\/\/amd-bl.website\/index.php?rest_route=%2Fwp%2Fv2%2Fproduct_tag&post=17858"}],"curies":[{"name":"wp","href":"https:\/\/api.w.org\/{rel}","templated":true}]}}