{"id":17848,"date":"2024-04-03T14:21:55","date_gmt":"2024-04-03T14:21:55","guid":{"rendered":"https:\/\/amd-bl.website\/?post_type=product&#038;p=17848"},"modified":"2025-08-21T07:41:31","modified_gmt":"2025-08-21T07:41:31","slug":"31013-pila-150mm-6","status":"publish","type":"product","link":"https:\/\/amd-bl.website\/?product=31013-pila-150mm-6","title":{"rendered":"31013 Pila za rigips plo\u010de 150mm.6&#8221;"},"content":{"rendered":"<p>No\u017e za rigips plo\u010de<br \/>\nLOK:A2<br \/>\nEAN:6933528731023<\/p>\n<p>\u2022 7TPI 65Mn o\u0161trica<br \/>\n\u2022 Dvokomponentna plasti\u010dna ru\u010dka<br \/>\n\u2022 Pakovanje: blister kartica<\/p>\n","protected":false},"excerpt":{"rendered":"<p>No\u017e za rigips plo\u010de LOK:A2 EAN:6933528731023 \u2022 7TPI 65Mn o\u0161trica \u2022 Dvokomponentna plasti\u010dna ru\u010dka \u2022 Pakovanje: blister kartica<\/p>\n","protected":false},"featured_media":19146,"comment_status":"open","ping_status":"closed","template":"","meta":{"pagelayer_contact_templates":[],"_pagelayer_content":""},"product_brand":[],"product_cat":[161],"product_tag":[],"class_list":{"0":"post-17848","1":"product","2":"type-product","3":"status-publish","4":"has-post-thumbnail","6":"product_cat-rezni-alati","8":"first","9":"instock","10":"shipping-taxable","11":"purchasable","12":"product-type-simple"},"_links":{"self":[{"href":"https:\/\/amd-bl.website\/index.php?rest_route=\/wp\/v2\/product\/17848","targetHints":{"allow":["GET"]}}],"collection":[{"href":"https:\/\/amd-bl.website\/index.php?rest_route=\/wp\/v2\/product"}],"about":[{"href":"https:\/\/amd-bl.website\/index.php?rest_route=\/wp\/v2\/types\/product"}],"replies":[{"embeddable":true,"href":"https:\/\/amd-bl.website\/index.php?rest_route=%2Fwp%2Fv2%2Fcomments&post=17848"}],"wp:featuredmedia":[{"embeddable":true,"href":"https:\/\/amd-bl.website\/index.php?rest_route=\/wp\/v2\/media\/19146"}],"wp:attachment":[{"href":"https:\/\/amd-bl.website\/index.php?rest_route=%2Fwp%2Fv2%2Fmedia&parent=17848"}],"wp:term":[{"taxonomy":"product_brand","embeddable":true,"href":"https:\/\/amd-bl.website\/index.php?rest_route=%2Fwp%2Fv2%2Fproduct_brand&post=17848"},{"taxonomy":"product_cat","embeddable":true,"href":"https:\/\/amd-bl.website\/index.php?rest_route=%2Fwp%2Fv2%2Fproduct_cat&post=17848"},{"taxonomy":"product_tag","embeddable":true,"href":"https:\/\/amd-bl.website\/index.php?rest_route=%2Fwp%2Fv2%2Fproduct_tag&post=17848"}],"curies":[{"name":"wp","href":"https:\/\/api.w.org\/{rel}","templated":true}]}}