{"id":17844,"date":"2024-04-03T14:17:09","date_gmt":"2024-04-03T14:17:09","guid":{"rendered":"https:\/\/amd-bl.website\/?post_type=product&#038;p=17844"},"modified":"2025-08-21T10:42:49","modified_gmt":"2025-08-21T10:42:49","slug":"30092-skalpel-18x100mm","status":"publish","type":"product","link":"https:\/\/amd-bl.website\/?product=30092-skalpel-18x100mm","title":{"rendered":"30092 Skalpel 18x100mm"},"content":{"rendered":"<p>LOK:C2<br \/>\nEAN:6933528730590<\/p>\n<p><span>\u2022 Udoban rukohvat, protiv klizanja<\/span><br \/>\n<span>\u2022 Sistem no\u017eeva sa ru\u010dnim zaklju\u010davanjem<\/span><br \/>\n<span>\u2022 Ve\u0107i prekida\u010d za udobniju upotrebu<\/span><br \/>\n<span>\u2022 Ugra\u0111eni ulo\u017eak za o\u0161trice koji mo\u017ee pohraniti 2 se\u010diva<\/span><br \/>\n<span>\u2022 Ve\u0107i gumb od bakrenog jezgra pru\u017ea ja\u010de zaklju\u010davanje<\/span><br \/>\n<span>\u2022 snagu i izdr\u017eljiviji<\/span><\/p>\n","protected":false},"excerpt":{"rendered":"<p>LOK:C2 EAN:6933528730590 \u2022 Udoban rukohvat, protiv klizanja \u2022 Sistem no\u017eeva sa ru\u010dnim zaklju\u010davanjem \u2022 Ve\u0107i prekida\u010d za udobniju upotrebu \u2022 Ugra\u0111eni ulo\u017eak za o\u0161trice koji mo\u017ee pohraniti 2 se\u010diva \u2022 Ve\u0107i gumb od bakrenog jezgra pru\u017ea ja\u010de zaklju\u010davanje \u2022 snagu i izdr\u017eljiviji<\/p>\n","protected":false},"featured_media":19143,"comment_status":"open","ping_status":"closed","template":"","meta":{"pagelayer_contact_templates":[],"_pagelayer_content":""},"product_brand":[],"product_cat":[161],"product_tag":[],"class_list":{"0":"post-17844","1":"product","2":"type-product","3":"status-publish","4":"has-post-thumbnail","6":"product_cat-rezni-alati","8":"first","9":"instock","10":"shipping-taxable","11":"purchasable","12":"product-type-simple"},"_links":{"self":[{"href":"https:\/\/amd-bl.website\/index.php?rest_route=\/wp\/v2\/product\/17844","targetHints":{"allow":["GET"]}}],"collection":[{"href":"https:\/\/amd-bl.website\/index.php?rest_route=\/wp\/v2\/product"}],"about":[{"href":"https:\/\/amd-bl.website\/index.php?rest_route=\/wp\/v2\/types\/product"}],"replies":[{"embeddable":true,"href":"https:\/\/amd-bl.website\/index.php?rest_route=%2Fwp%2Fv2%2Fcomments&post=17844"}],"wp:featuredmedia":[{"embeddable":true,"href":"https:\/\/amd-bl.website\/index.php?rest_route=\/wp\/v2\/media\/19143"}],"wp:attachment":[{"href":"https:\/\/amd-bl.website\/index.php?rest_route=%2Fwp%2Fv2%2Fmedia&parent=17844"}],"wp:term":[{"taxonomy":"product_brand","embeddable":true,"href":"https:\/\/amd-bl.website\/index.php?rest_route=%2Fwp%2Fv2%2Fproduct_brand&post=17844"},{"taxonomy":"product_cat","embeddable":true,"href":"https:\/\/amd-bl.website\/index.php?rest_route=%2Fwp%2Fv2%2Fproduct_cat&post=17844"},{"taxonomy":"product_tag","embeddable":true,"href":"https:\/\/amd-bl.website\/index.php?rest_route=%2Fwp%2Fv2%2Fproduct_tag&post=17844"}],"curies":[{"name":"wp","href":"https:\/\/api.w.org\/{rel}","templated":true}]}}