{"id":17838,"date":"2024-04-03T14:10:27","date_gmt":"2024-04-03T14:10:27","guid":{"rendered":"https:\/\/amd-bl.website\/?post_type=product&#038;p=17838"},"modified":"2025-08-26T07:27:53","modified_gmt":"2025-08-26T07:27:53","slug":"30055-rucna-testera-150mm6","status":"publish","type":"product","link":"https:\/\/amd-bl.website\/?product=30055-rucna-testera-150mm6","title":{"rendered":"30055 Ru\u010dna testera 150mm,6&#8221;"},"content":{"rendered":"<p>Ru\u010dna \u017eaga 150mm,6&#8221;<\/p>\n<p>Ru\u010dna pila 150mm,6&#8221;<br \/>\nLOK:A2<br \/>\nEAN:6933528730255<\/p>\n<p>\u2022 Okvir luka od \u010detvrtaste lakirane \u010deli\u010dne cijevi<br \/>\n\u2022 Sa aluminijskom ru\u010dkom<br \/>\n\u2022 Uklju\u010duju\u0107i 1 kom list pile<br \/>\n\u2022 Pakovanje: vje\u0161alica za papir<\/p>\n","protected":false},"excerpt":{"rendered":"<p>Ru\u010dna \u017eaga 150mm,6&#8221; Ru\u010dna pila 150mm,6&#8221; LOK:A2 EAN:6933528730255 \u2022 Okvir luka od \u010detvrtaste lakirane \u010deli\u010dne cijevi \u2022 Sa aluminijskom ru\u010dkom \u2022 Uklju\u010duju\u0107i 1 kom list pile \u2022 Pakovanje: vje\u0161alica za papir<\/p>\n","protected":false},"featured_media":19510,"comment_status":"open","ping_status":"closed","template":"","meta":{"pagelayer_contact_templates":[],"_pagelayer_content":""},"product_brand":[],"product_cat":[161],"product_tag":[],"class_list":{"0":"post-17838","1":"product","2":"type-product","3":"status-publish","4":"has-post-thumbnail","6":"product_cat-rezni-alati","8":"first","9":"instock","10":"shipping-taxable","11":"purchasable","12":"product-type-simple"},"_links":{"self":[{"href":"https:\/\/amd-bl.website\/index.php?rest_route=\/wp\/v2\/product\/17838","targetHints":{"allow":["GET"]}}],"collection":[{"href":"https:\/\/amd-bl.website\/index.php?rest_route=\/wp\/v2\/product"}],"about":[{"href":"https:\/\/amd-bl.website\/index.php?rest_route=\/wp\/v2\/types\/product"}],"replies":[{"embeddable":true,"href":"https:\/\/amd-bl.website\/index.php?rest_route=%2Fwp%2Fv2%2Fcomments&post=17838"}],"wp:featuredmedia":[{"embeddable":true,"href":"https:\/\/amd-bl.website\/index.php?rest_route=\/wp\/v2\/media\/19510"}],"wp:attachment":[{"href":"https:\/\/amd-bl.website\/index.php?rest_route=%2Fwp%2Fv2%2Fmedia&parent=17838"}],"wp:term":[{"taxonomy":"product_brand","embeddable":true,"href":"https:\/\/amd-bl.website\/index.php?rest_route=%2Fwp%2Fv2%2Fproduct_brand&post=17838"},{"taxonomy":"product_cat","embeddable":true,"href":"https:\/\/amd-bl.website\/index.php?rest_route=%2Fwp%2Fv2%2Fproduct_cat&post=17838"},{"taxonomy":"product_tag","embeddable":true,"href":"https:\/\/amd-bl.website\/index.php?rest_route=%2Fwp%2Fv2%2Fproduct_tag&post=17838"}],"curies":[{"name":"wp","href":"https:\/\/api.w.org\/{rel}","templated":true}]}}