{"id":17836,"date":"2024-04-03T14:07:27","date_gmt":"2024-04-03T14:07:27","guid":{"rendered":"https:\/\/amd-bl.website\/?post_type=product&#038;p=17836"},"modified":"2025-08-21T10:17:45","modified_gmt":"2025-08-21T10:17:45","slug":"30050-rucna-testera-150mm6","status":"publish","type":"product","link":"https:\/\/amd-bl.website\/?product=30050-rucna-testera-150mm6","title":{"rendered":"30050 Ru\u010dna testera 150mm,6&#8221;"},"content":{"rendered":"<p>Ru\u010dna \u017eaga 150mm,6&#8221;<br \/>\nRu\u010dna pila 150mm,6&#8221;<br \/>\nLOK:B1<br \/>\nEAN:6933528730347<\/p>\n<p>\u2022 Uklju\u010duju\u0107i 1 kom list testere<br \/>\n\u2022 Pakovanje: plasti\u010dna vre\u0107ica<\/p>\n","protected":false},"excerpt":{"rendered":"<p>Ru\u010dna \u017eaga 150mm,6&#8221; Ru\u010dna pila 150mm,6&#8221; LOK:B1 EAN:6933528730347 \u2022 Uklju\u010duju\u0107i 1 kom list testere \u2022 Pakovanje: plasti\u010dna vre\u0107ica<\/p>\n","protected":false},"featured_media":17837,"comment_status":"open","ping_status":"closed","template":"","meta":{"pagelayer_contact_templates":[],"_pagelayer_content":""},"product_brand":[],"product_cat":[161],"product_tag":[],"class_list":{"0":"post-17836","1":"product","2":"type-product","3":"status-publish","4":"has-post-thumbnail","6":"product_cat-rezni-alati","8":"first","9":"instock","10":"shipping-taxable","11":"purchasable","12":"product-type-simple"},"_links":{"self":[{"href":"https:\/\/amd-bl.website\/index.php?rest_route=\/wp\/v2\/product\/17836","targetHints":{"allow":["GET"]}}],"collection":[{"href":"https:\/\/amd-bl.website\/index.php?rest_route=\/wp\/v2\/product"}],"about":[{"href":"https:\/\/amd-bl.website\/index.php?rest_route=\/wp\/v2\/types\/product"}],"replies":[{"embeddable":true,"href":"https:\/\/amd-bl.website\/index.php?rest_route=%2Fwp%2Fv2%2Fcomments&post=17836"}],"wp:featuredmedia":[{"embeddable":true,"href":"https:\/\/amd-bl.website\/index.php?rest_route=\/wp\/v2\/media\/17837"}],"wp:attachment":[{"href":"https:\/\/amd-bl.website\/index.php?rest_route=%2Fwp%2Fv2%2Fmedia&parent=17836"}],"wp:term":[{"taxonomy":"product_brand","embeddable":true,"href":"https:\/\/amd-bl.website\/index.php?rest_route=%2Fwp%2Fv2%2Fproduct_brand&post=17836"},{"taxonomy":"product_cat","embeddable":true,"href":"https:\/\/amd-bl.website\/index.php?rest_route=%2Fwp%2Fv2%2Fproduct_cat&post=17836"},{"taxonomy":"product_tag","embeddable":true,"href":"https:\/\/amd-bl.website\/index.php?rest_route=%2Fwp%2Fv2%2Fproduct_tag&post=17836"}],"curies":[{"name":"wp","href":"https:\/\/api.w.org\/{rel}","templated":true}]}}