{"id":17834,"date":"2024-04-03T14:00:33","date_gmt":"2024-04-03T14:00:33","guid":{"rendered":"https:\/\/amd-bl.website\/?post_type=product&#038;p=17834"},"modified":"2025-08-21T07:02:05","modified_gmt":"2025-08-21T07:02:05","slug":"115119-racna-3-8","status":"publish","type":"product","link":"https:\/\/amd-bl.website\/?product=115119-racna-3-8","title":{"rendered":"115119 Ra\u010dna 3\/8&#8221;"},"content":{"rendered":"<p>LOK:A1<br \/>\nEAN:6933528715788<\/p>\n<p>\u2022 CrMo<br \/>\n\u2022 Satenska zavr\u0161na obrada<br \/>\n\u2022 Dvokomponentna ergonomska dr\u0161ka sa \u010degrtaljkom,<br \/>\nCrV, brzo otpu\u0161tanje<br \/>\n\u2022 Pakovanje: plasti\u010dna vje\u0161alica<\/p>\n","protected":false},"excerpt":{"rendered":"<p>LOK:A1 EAN:6933528715788 \u2022 CrMo \u2022 Satenska zavr\u0161na obrada \u2022 Dvokomponentna ergonomska dr\u0161ka sa \u010degrtaljkom, CrV, brzo otpu\u0161tanje \u2022 Pakovanje: plasti\u010dna vje\u0161alica<\/p>\n","protected":false},"featured_media":19058,"comment_status":"open","ping_status":"closed","template":"","meta":{"pagelayer_contact_templates":[],"_pagelayer_content":""},"product_brand":[],"product_cat":[174],"product_tag":[],"class_list":{"0":"post-17834","1":"product","2":"type-product","3":"status-publish","4":"has-post-thumbnail","6":"product_cat-mehanicarski-alat-mehanicarski-alati","8":"first","9":"instock","10":"shipping-taxable","11":"purchasable","12":"product-type-simple"},"_links":{"self":[{"href":"https:\/\/amd-bl.website\/index.php?rest_route=\/wp\/v2\/product\/17834","targetHints":{"allow":["GET"]}}],"collection":[{"href":"https:\/\/amd-bl.website\/index.php?rest_route=\/wp\/v2\/product"}],"about":[{"href":"https:\/\/amd-bl.website\/index.php?rest_route=\/wp\/v2\/types\/product"}],"replies":[{"embeddable":true,"href":"https:\/\/amd-bl.website\/index.php?rest_route=%2Fwp%2Fv2%2Fcomments&post=17834"}],"wp:featuredmedia":[{"embeddable":true,"href":"https:\/\/amd-bl.website\/index.php?rest_route=\/wp\/v2\/media\/19058"}],"wp:attachment":[{"href":"https:\/\/amd-bl.website\/index.php?rest_route=%2Fwp%2Fv2%2Fmedia&parent=17834"}],"wp:term":[{"taxonomy":"product_brand","embeddable":true,"href":"https:\/\/amd-bl.website\/index.php?rest_route=%2Fwp%2Fv2%2Fproduct_brand&post=17834"},{"taxonomy":"product_cat","embeddable":true,"href":"https:\/\/amd-bl.website\/index.php?rest_route=%2Fwp%2Fv2%2Fproduct_cat&post=17834"},{"taxonomy":"product_tag","embeddable":true,"href":"https:\/\/amd-bl.website\/index.php?rest_route=%2Fwp%2Fv2%2Fproduct_tag&post=17834"}],"curies":[{"name":"wp","href":"https:\/\/api.w.org\/{rel}","templated":true}]}}