{"id":17807,"date":"2024-04-01T19:28:18","date_gmt":"2024-04-01T19:28:18","guid":{"rendered":"https:\/\/amd-bl.website\/?post_type=product&#038;p=17807"},"modified":"2025-08-21T10:57:38","modified_gmt":"2025-08-21T10:57:38","slug":"73195-pistolj-za-uklanjanje-prasine","status":"publish","type":"product","link":"https:\/\/amd-bl.website\/?product=73195-pistolj-za-uklanjanje-prasine","title":{"rendered":"73195 Pi\u0161tolj za uklanjanje pra\u0161ine"},"content":{"rendered":"<p>LOK:C4<br \/>\nEAN:6933528773221<\/p>\n<p><span>\u2022 CE odobrenje<\/span><br \/>\n<span>\u2022 Pogodno za \u010di\u0161\u0107enje te\u010dnosti, strugotina ili pra\u0161ine tokom<\/span><br \/>\n<span>proizvodnje ili monta\u017ee<\/span><br \/>\n<span>\u2022 Du\u017eina mlaznice 20 mm<\/span><br \/>\n<span>\u2022 Pakovanje: blister kartica<\/span><\/p>\n","protected":false},"excerpt":{"rendered":"<p>LOK:C4 EAN:6933528773221 \u2022 CE odobrenje \u2022 Pogodno za \u010di\u0161\u0107enje te\u010dnosti, strugotina ili pra\u0161ine tokom proizvodnje ili monta\u017ee \u2022 Du\u017eina mlaznice 20 mm \u2022 Pakovanje: blister kartica<\/p>\n","protected":false},"featured_media":18949,"comment_status":"open","ping_status":"closed","template":"","meta":{"pagelayer_contact_templates":[],"_pagelayer_content":""},"product_brand":[],"product_cat":[166],"product_tag":[],"class_list":{"0":"post-17807","1":"product","2":"type-product","3":"status-publish","4":"has-post-thumbnail","6":"product_cat-pneumatski-alat","8":"first","9":"instock","10":"shipping-taxable","11":"purchasable","12":"product-type-simple"},"_links":{"self":[{"href":"https:\/\/amd-bl.website\/index.php?rest_route=\/wp\/v2\/product\/17807","targetHints":{"allow":["GET"]}}],"collection":[{"href":"https:\/\/amd-bl.website\/index.php?rest_route=\/wp\/v2\/product"}],"about":[{"href":"https:\/\/amd-bl.website\/index.php?rest_route=\/wp\/v2\/types\/product"}],"replies":[{"embeddable":true,"href":"https:\/\/amd-bl.website\/index.php?rest_route=%2Fwp%2Fv2%2Fcomments&post=17807"}],"wp:featuredmedia":[{"embeddable":true,"href":"https:\/\/amd-bl.website\/index.php?rest_route=\/wp\/v2\/media\/18949"}],"wp:attachment":[{"href":"https:\/\/amd-bl.website\/index.php?rest_route=%2Fwp%2Fv2%2Fmedia&parent=17807"}],"wp:term":[{"taxonomy":"product_brand","embeddable":true,"href":"https:\/\/amd-bl.website\/index.php?rest_route=%2Fwp%2Fv2%2Fproduct_brand&post=17807"},{"taxonomy":"product_cat","embeddable":true,"href":"https:\/\/amd-bl.website\/index.php?rest_route=%2Fwp%2Fv2%2Fproduct_cat&post=17807"},{"taxonomy":"product_tag","embeddable":true,"href":"https:\/\/amd-bl.website\/index.php?rest_route=%2Fwp%2Fv2%2Fproduct_tag&post=17807"}],"curies":[{"name":"wp","href":"https:\/\/api.w.org\/{rel}","templated":true}]}}