{"id":17792,"date":"2024-04-01T19:01:47","date_gmt":"2024-04-01T19:01:47","guid":{"rendered":"https:\/\/amd-bl.website\/?post_type=product&#038;p=17792"},"modified":"2024-08-17T10:27:20","modified_gmt":"2024-08-17T10:27:20","slug":"18295-set-nasadnih-kljuceva-1-2dugi-10kom","status":"publish","type":"product","link":"https:\/\/amd-bl.website\/?product=18295-set-nasadnih-kljuceva-1-2dugi-10kom","title":{"rendered":"18295 Set nasadnih klju\u010deva 1\/2dugi 10kom"},"content":{"rendered":"<p><span>EAN:6933528718864<\/span><\/p>\n<p><span>\u2022 Materijal: CrMo, termi\u010dki obra\u0111en<\/span><br \/>\n<span>\u2022 Hemijski molibden za za\u0161titu od korozije<\/span><br \/>\n<span>\u2022 Idealan za vazdu\u0161ne, elektri\u010dne ili ru\u010dne udarne klju\u010deve<\/span><br \/>\n<span>\u2022 Pakovanje: plasti\u010dna vje\u0161alica sa etiketom u boji<\/span><\/p>\n","protected":false},"excerpt":{"rendered":"<p>EAN:6933528718864 \u2022 Materijal: CrMo, termi\u010dki obra\u0111en \u2022 Hemijski molibden za za\u0161titu od korozije \u2022 Idealan za vazdu\u0161ne, elektri\u010dne ili ru\u010dne udarne klju\u010deve \u2022 Pakovanje: plasti\u010dna vje\u0161alica sa etiketom u boji<\/p>\n","protected":false},"featured_media":17793,"comment_status":"open","ping_status":"closed","template":"","meta":{"pagelayer_contact_templates":[],"_pagelayer_content":""},"product_brand":[],"product_cat":[159],"product_tag":[],"class_list":{"0":"post-17792","1":"product","2":"type-product","3":"status-publish","4":"has-post-thumbnail","6":"product_cat-mehanicarski-alati","8":"first","9":"instock","10":"shipping-taxable","11":"purchasable","12":"product-type-simple"},"_links":{"self":[{"href":"https:\/\/amd-bl.website\/index.php?rest_route=\/wp\/v2\/product\/17792","targetHints":{"allow":["GET"]}}],"collection":[{"href":"https:\/\/amd-bl.website\/index.php?rest_route=\/wp\/v2\/product"}],"about":[{"href":"https:\/\/amd-bl.website\/index.php?rest_route=\/wp\/v2\/types\/product"}],"replies":[{"embeddable":true,"href":"https:\/\/amd-bl.website\/index.php?rest_route=%2Fwp%2Fv2%2Fcomments&post=17792"}],"wp:featuredmedia":[{"embeddable":true,"href":"https:\/\/amd-bl.website\/index.php?rest_route=\/wp\/v2\/media\/17793"}],"wp:attachment":[{"href":"https:\/\/amd-bl.website\/index.php?rest_route=%2Fwp%2Fv2%2Fmedia&parent=17792"}],"wp:term":[{"taxonomy":"product_brand","embeddable":true,"href":"https:\/\/amd-bl.website\/index.php?rest_route=%2Fwp%2Fv2%2Fproduct_brand&post=17792"},{"taxonomy":"product_cat","embeddable":true,"href":"https:\/\/amd-bl.website\/index.php?rest_route=%2Fwp%2Fv2%2Fproduct_cat&post=17792"},{"taxonomy":"product_tag","embeddable":true,"href":"https:\/\/amd-bl.website\/index.php?rest_route=%2Fwp%2Fv2%2Fproduct_tag&post=17792"}],"curies":[{"name":"wp","href":"https:\/\/api.w.org\/{rel}","templated":true}]}}