{"id":17786,"date":"2024-04-01T18:52:53","date_gmt":"2024-04-01T18:52:53","guid":{"rendered":"https:\/\/amd-bl.website\/?post_type=product&#038;p=17786"},"modified":"2026-03-23T13:16:42","modified_gmt":"2026-03-23T13:16:42","slug":"15152-set-racna-1-2-12kom","status":"publish","type":"product","link":"https:\/\/amd-bl.website\/?product=15152-set-racna-1-2-12kom","title":{"rendered":"15152 Set ra\u010dna 1\/2 12kom"},"content":{"rendered":"<p>LOK:A1<br \/>\nEAN:6933528717218<\/p>\n<p>\u2022 10 kom metri\u010dkih CrV uti\u010dnica:<br \/>\n10,12,13,14,16,17,18,19,21,22 mm<br \/>\n\u2022 1 kom CrV produ\u017ena \u0161ipka: 125 mm<br \/>\n\u2022 1 kom dvokomponentna ergonomska dr\u0161ka sa \u010degrtaljkom,<br \/>\n72T, CrV, brzo otpu\u0161tanje<br \/>\n\u2022 Pakovanje: plasti\u010dna vje\u0161alica sa etiketom u boji<\/p>\n","protected":false},"excerpt":{"rendered":"<p>LOK:A1 EAN:6933528717218 \u2022 10 kom metri\u010dkih CrV uti\u010dnica: 10,12,13,14,16,17,18,19,21,22 mm \u2022 1 kom CrV produ\u017ena \u0161ipka: 125 mm \u2022 1 kom dvokomponentna ergonomska dr\u0161ka sa \u010degrtaljkom, 72T, CrV, brzo otpu\u0161tanje \u2022 Pakovanje: plasti\u010dna vje\u0161alica sa etiketom u boji<\/p>\n","protected":false},"featured_media":17787,"comment_status":"open","ping_status":"closed","template":"","meta":{"pagelayer_contact_templates":[],"_pagelayer_content":""},"product_brand":[],"product_cat":[159,174],"product_tag":[],"class_list":{"0":"post-17786","1":"product","2":"type-product","3":"status-publish","4":"has-post-thumbnail","6":"product_cat-mehanicarski-alati","7":"product_cat-mehanicarski-alat-mehanicarski-alati","9":"first","10":"instock","11":"shipping-taxable","12":"purchasable","13":"product-type-simple"},"_links":{"self":[{"href":"https:\/\/amd-bl.website\/index.php?rest_route=\/wp\/v2\/product\/17786","targetHints":{"allow":["GET"]}}],"collection":[{"href":"https:\/\/amd-bl.website\/index.php?rest_route=\/wp\/v2\/product"}],"about":[{"href":"https:\/\/amd-bl.website\/index.php?rest_route=\/wp\/v2\/types\/product"}],"replies":[{"embeddable":true,"href":"https:\/\/amd-bl.website\/index.php?rest_route=%2Fwp%2Fv2%2Fcomments&post=17786"}],"wp:featuredmedia":[{"embeddable":true,"href":"https:\/\/amd-bl.website\/index.php?rest_route=\/wp\/v2\/media\/17787"}],"wp:attachment":[{"href":"https:\/\/amd-bl.website\/index.php?rest_route=%2Fwp%2Fv2%2Fmedia&parent=17786"}],"wp:term":[{"taxonomy":"product_brand","embeddable":true,"href":"https:\/\/amd-bl.website\/index.php?rest_route=%2Fwp%2Fv2%2Fproduct_brand&post=17786"},{"taxonomy":"product_cat","embeddable":true,"href":"https:\/\/amd-bl.website\/index.php?rest_route=%2Fwp%2Fv2%2Fproduct_cat&post=17786"},{"taxonomy":"product_tag","embeddable":true,"href":"https:\/\/amd-bl.website\/index.php?rest_route=%2Fwp%2Fv2%2Fproduct_tag&post=17786"}],"curies":[{"name":"wp","href":"https:\/\/api.w.org\/{rel}","templated":true}]}}