{"id":17784,"date":"2024-04-01T18:50:18","date_gmt":"2024-04-01T18:50:18","guid":{"rendered":"https:\/\/amd-bl.website\/?post_type=product&#038;p=17784"},"modified":"2026-03-23T13:15:42","modified_gmt":"2026-03-23T13:15:42","slug":"15150-set-racna-1-4-14kom","status":"publish","type":"product","link":"https:\/\/amd-bl.website\/?product=15150-set-racna-1-4-14kom","title":{"rendered":"15150 Set ra\u010dna 1\/4 14kom"},"content":{"rendered":"<p>LOK:A1<br \/>\nEAN:6933528717195<\/p>\n<p>\u2022 12 kom metri\u010dkih CrV uti\u010dnica:<br \/>\n4,5,5.5,6,7,8,9,10,11,12,13,14mm<br \/>\n\u2022 1kom CrV produ\u017ena \u0161ipka: 50mm<br \/>\n\u2022 1kom dvokomponentna ergonomska dr\u0161ka sa \u010degrtaljkom,<br \/>\n72T, CrV, brza otpu\u0161tanje<br \/>\n\u2022 Pakovanje: plasti\u010dna vje\u0161alica sa etiketom u boji<\/p>\n","protected":false},"excerpt":{"rendered":"<p>LOK:A1 EAN:6933528717195 \u2022 12 kom metri\u010dkih CrV uti\u010dnica: 4,5,5.5,6,7,8,9,10,11,12,13,14mm \u2022 1kom CrV produ\u017ena \u0161ipka: 50mm \u2022 1kom dvokomponentna ergonomska dr\u0161ka sa \u010degrtaljkom, 72T, CrV, brza otpu\u0161tanje \u2022 Pakovanje: plasti\u010dna vje\u0161alica sa etiketom u boji<\/p>\n","protected":false},"featured_media":17785,"comment_status":"open","ping_status":"closed","template":"","meta":{"pagelayer_contact_templates":[],"_pagelayer_content":""},"product_brand":[],"product_cat":[159,174],"product_tag":[],"class_list":{"0":"post-17784","1":"product","2":"type-product","3":"status-publish","4":"has-post-thumbnail","6":"product_cat-mehanicarski-alati","7":"product_cat-mehanicarski-alat-mehanicarski-alati","9":"first","10":"instock","11":"shipping-taxable","12":"purchasable","13":"product-type-simple"},"_links":{"self":[{"href":"https:\/\/amd-bl.website\/index.php?rest_route=\/wp\/v2\/product\/17784","targetHints":{"allow":["GET"]}}],"collection":[{"href":"https:\/\/amd-bl.website\/index.php?rest_route=\/wp\/v2\/product"}],"about":[{"href":"https:\/\/amd-bl.website\/index.php?rest_route=\/wp\/v2\/types\/product"}],"replies":[{"embeddable":true,"href":"https:\/\/amd-bl.website\/index.php?rest_route=%2Fwp%2Fv2%2Fcomments&post=17784"}],"wp:featuredmedia":[{"embeddable":true,"href":"https:\/\/amd-bl.website\/index.php?rest_route=\/wp\/v2\/media\/17785"}],"wp:attachment":[{"href":"https:\/\/amd-bl.website\/index.php?rest_route=%2Fwp%2Fv2%2Fmedia&parent=17784"}],"wp:term":[{"taxonomy":"product_brand","embeddable":true,"href":"https:\/\/amd-bl.website\/index.php?rest_route=%2Fwp%2Fv2%2Fproduct_brand&post=17784"},{"taxonomy":"product_cat","embeddable":true,"href":"https:\/\/amd-bl.website\/index.php?rest_route=%2Fwp%2Fv2%2Fproduct_cat&post=17784"},{"taxonomy":"product_tag","embeddable":true,"href":"https:\/\/amd-bl.website\/index.php?rest_route=%2Fwp%2Fv2%2Fproduct_tag&post=17784"}],"curies":[{"name":"wp","href":"https:\/\/api.w.org\/{rel}","templated":true}]}}