{"id":17767,"date":"2024-03-31T16:48:16","date_gmt":"2024-03-31T16:48:16","guid":{"rendered":"https:\/\/amd-bl.website\/?post_type=product&#038;p=17767"},"modified":"2025-10-02T11:45:36","modified_gmt":"2025-10-02T11:45:36","slug":"79608-usisivac-1200w-30l","status":"publish","type":"product","link":"https:\/\/amd-bl.website\/?product=79608-usisivac-1200w-30l","title":{"rendered":"79608 Usisiva\u010d 1200W 30l"},"content":{"rendered":"<p><span>EAN:6933528789482<\/span><\/p>\n<p><span>\u2022 CE odobrenje<\/span><br \/>\n<span>\u2022 Mokro i suho \u010di\u0161\u0107enje<\/span><br \/>\n<span>\u2022 Ulazna snaga: 1200W<\/span><br \/>\n<span>\u2022 Napon: 220-240V<\/span><br \/>\n<span>\u2022 Frekvencija: 50\/60Hz<\/span><br \/>\n<span>\u2022 Motor od bakrene \u017eice<\/span><br \/>\n<span>\u2022 Spremnik od nehr\u0111aju\u0107eg \u010delika<\/span><br \/>\n<span>\u2022 Kapacitet pra\u0161ine:30L<\/span><br \/>\n<span>\u2022 Protok zraka:1,9m\u00b3\/min<\/span><br \/>\n<span>\u2022 Vakumski pritisak: 17KPa<\/span><br \/>\n<span>\u2022 1,5 m fleksibilno crijevo<\/span><br \/>\n<span>\u2022 2 kom plasti\u010dne cijevi<\/span><br \/>\n<span>\u2022 1 kom spu\u017evasta filtracija<\/span><br \/>\n<span>\u2022 1 set 2 u 1 \u010detkica<\/span><br \/>\n<span>\u2022 1 kom ravna usta<\/span><br \/>\n<span>\u2022 1 kom stubast ulo\u017eak<\/span><br \/>\n<span>\u2022 Ukupna du\u017eina kabla 2,3 m<\/span><br \/>\n<span>\u2022 HEPA filter<\/span><br \/>\n<span>\u2022 Pakovanje: kutija u boji<\/span><\/p>\n","protected":false},"excerpt":{"rendered":"<p>EAN:6933528789482 \u2022 CE odobrenje \u2022 Mokro i suho \u010di\u0161\u0107enje \u2022 Ulazna snaga: 1200W \u2022 Napon: 220-240V \u2022 Frekvencija: 50\/60Hz \u2022 Motor od bakrene \u017eice \u2022 Spremnik od nehr\u0111aju\u0107eg \u010delika \u2022 Kapacitet pra\u0161ine:30L \u2022 Protok zraka:1,9m\u00b3\/min \u2022 Vakumski pritisak: 17KPa \u2022 1,5 m fleksibilno crijevo \u2022 2 kom plasti\u010dne cijevi \u2022 1 kom spu\u017evasta filtracija \u2022 [&hellip;]<\/p>\n","protected":false},"featured_media":19545,"comment_status":"open","ping_status":"closed","template":"","meta":{"pagelayer_contact_templates":[],"_pagelayer_content":""},"product_brand":[],"product_cat":[65],"product_tag":[],"class_list":{"0":"post-17767","1":"product","2":"type-product","3":"status-publish","4":"has-post-thumbnail","6":"product_cat-rucni-alati","8":"first","9":"instock","10":"shipping-taxable","11":"purchasable","12":"product-type-simple"},"_links":{"self":[{"href":"https:\/\/amd-bl.website\/index.php?rest_route=\/wp\/v2\/product\/17767","targetHints":{"allow":["GET"]}}],"collection":[{"href":"https:\/\/amd-bl.website\/index.php?rest_route=\/wp\/v2\/product"}],"about":[{"href":"https:\/\/amd-bl.website\/index.php?rest_route=\/wp\/v2\/types\/product"}],"replies":[{"embeddable":true,"href":"https:\/\/amd-bl.website\/index.php?rest_route=%2Fwp%2Fv2%2Fcomments&post=17767"}],"wp:featuredmedia":[{"embeddable":true,"href":"https:\/\/amd-bl.website\/index.php?rest_route=\/wp\/v2\/media\/19545"}],"wp:attachment":[{"href":"https:\/\/amd-bl.website\/index.php?rest_route=%2Fwp%2Fv2%2Fmedia&parent=17767"}],"wp:term":[{"taxonomy":"product_brand","embeddable":true,"href":"https:\/\/amd-bl.website\/index.php?rest_route=%2Fwp%2Fv2%2Fproduct_brand&post=17767"},{"taxonomy":"product_cat","embeddable":true,"href":"https:\/\/amd-bl.website\/index.php?rest_route=%2Fwp%2Fv2%2Fproduct_cat&post=17767"},{"taxonomy":"product_tag","embeddable":true,"href":"https:\/\/amd-bl.website\/index.php?rest_route=%2Fwp%2Fv2%2Fproduct_tag&post=17767"}],"curies":[{"name":"wp","href":"https:\/\/api.w.org\/{rel}","templated":true}]}}