{"id":17759,"date":"2024-03-31T16:38:10","date_gmt":"2024-03-31T16:38:10","guid":{"rendered":"https:\/\/amd-bl.website\/?post_type=product&#038;p=17759"},"modified":"2025-01-05T14:27:51","modified_gmt":"2025-01-05T14:27:51","slug":"79100-fen-230v-50hz","status":"publish","type":"product","link":"https:\/\/amd-bl.website\/?product=79100-fen-230v-50hz","title":{"rendered":"79100 Fen 230V-50HZ, 2000W"},"content":{"rendered":"<p>EAN:6933528777663<\/p>\n<p>\u2022 Odobreno od strane TUV\/GS, CE+EMC<br \/>\n\u2022 230V-50HZ<br \/>\n\u2022 2 podesiva temperaturna opsega<br \/>\n1 = 1000W, 300L\/min na 350\u00b0C<br \/>\nopseg 2 = 2000W, 500L\/min na 550\u00b0C<br \/>\n\u2022 Uklju\u010duju\u0107i \u0161irok spektar dodataka<br \/>\n1 kom \u0161iljasta mlaznica<br \/>\n1 kom mlaznica za obrnuto<br \/>\n1 kom \u0161irokokutna mlaznica<br \/>\n1 kom mlaznica za za\u0161titu<br \/>\nrubova \u2022 Pakovanje: kutija u boji<\/p>\n","protected":false},"excerpt":{"rendered":"<p>EAN:6933528777663 \u2022 Odobreno od strane TUV\/GS, CE+EMC \u2022 230V-50HZ \u2022 2 podesiva temperaturna opsega 1 = 1000W, 300L\/min na 350\u00b0C opseg 2 = 2000W, 500L\/min na 550\u00b0C \u2022 Uklju\u010duju\u0107i \u0161irok spektar dodataka 1 kom \u0161iljasta mlaznica 1 kom mlaznica za obrnuto 1 kom \u0161irokokutna mlaznica 1 kom mlaznica za za\u0161titu rubova \u2022 Pakovanje: kutija u [&hellip;]<\/p>\n","protected":false},"featured_media":18997,"comment_status":"open","ping_status":"closed","template":"","meta":{"pagelayer_contact_templates":[],"_pagelayer_content":""},"product_brand":[],"product_cat":[65],"product_tag":[],"class_list":{"0":"post-17759","1":"product","2":"type-product","3":"status-publish","4":"has-post-thumbnail","6":"product_cat-rucni-alati","8":"first","9":"instock","10":"shipping-taxable","11":"purchasable","12":"product-type-simple"},"_links":{"self":[{"href":"https:\/\/amd-bl.website\/index.php?rest_route=\/wp\/v2\/product\/17759","targetHints":{"allow":["GET"]}}],"collection":[{"href":"https:\/\/amd-bl.website\/index.php?rest_route=\/wp\/v2\/product"}],"about":[{"href":"https:\/\/amd-bl.website\/index.php?rest_route=\/wp\/v2\/types\/product"}],"replies":[{"embeddable":true,"href":"https:\/\/amd-bl.website\/index.php?rest_route=%2Fwp%2Fv2%2Fcomments&post=17759"}],"wp:featuredmedia":[{"embeddable":true,"href":"https:\/\/amd-bl.website\/index.php?rest_route=\/wp\/v2\/media\/18997"}],"wp:attachment":[{"href":"https:\/\/amd-bl.website\/index.php?rest_route=%2Fwp%2Fv2%2Fmedia&parent=17759"}],"wp:term":[{"taxonomy":"product_brand","embeddable":true,"href":"https:\/\/amd-bl.website\/index.php?rest_route=%2Fwp%2Fv2%2Fproduct_brand&post=17759"},{"taxonomy":"product_cat","embeddable":true,"href":"https:\/\/amd-bl.website\/index.php?rest_route=%2Fwp%2Fv2%2Fproduct_cat&post=17759"},{"taxonomy":"product_tag","embeddable":true,"href":"https:\/\/amd-bl.website\/index.php?rest_route=%2Fwp%2Fv2%2Fproduct_tag&post=17759"}],"curies":[{"name":"wp","href":"https:\/\/api.w.org\/{rel}","templated":true}]}}