{"id":17740,"date":"2024-03-31T16:13:53","date_gmt":"2024-03-31T16:13:53","guid":{"rendered":"https:\/\/amd-bl.website\/?post_type=product&#038;p=17740"},"modified":"2024-08-17T10:27:31","modified_gmt":"2024-08-17T10:27:31","slug":"42025-marker","status":"publish","type":"product","link":"https:\/\/amd-bl.website\/?product=42025-marker","title":{"rendered":"42025 Marker"},"content":{"rendered":"<p><span>EAN:6933528742111<\/span><\/p>\n<p><span>\u2022 Marker boje koji se koristi za industriju<\/span><br \/>\n<span>\u2022 Prozirno mastilo na bazi ulja, mo\u017ee pro\u0107i test ASTM i<\/span><br \/>\n<span>EN71. otporan na svjetlost, vodootporan, brzo se su\u0161i, slabog mirisa.<\/span><br \/>\n<span>\u2022 Pogodno pisanje na povr\u0161inama kao \u0161to su staklo, papir,<\/span><br \/>\n<span>plastika, metal, drvo i porcelan itd.<\/span><br \/>\n<span>\u2022 Pakovanje: 12 kom u kutiji u jednoj boji<\/span><\/p>\n","protected":false},"excerpt":{"rendered":"<p>EAN:6933528742111 \u2022 Marker boje koji se koristi za industriju \u2022 Prozirno mastilo na bazi ulja, mo\u017ee pro\u0107i test ASTM i EN71. otporan na svjetlost, vodootporan, brzo se su\u0161i, slabog mirisa. \u2022 Pogodno pisanje na povr\u0161inama kao \u0161to su staklo, papir, plastika, metal, drvo i porcelan itd. \u2022 Pakovanje: 12 kom u kutiji u jednoj boji<\/p>\n","protected":false},"featured_media":17741,"comment_status":"open","ping_status":"closed","template":"","meta":{"pagelayer_contact_templates":[],"_pagelayer_content":""},"product_brand":[],"product_cat":[86],"product_tag":[],"class_list":{"0":"post-17740","1":"product","2":"type-product","3":"status-publish","4":"has-post-thumbnail","6":"product_cat-gradjevinsko-stolarski-alati","8":"first","9":"instock","10":"shipping-taxable","11":"purchasable","12":"product-type-simple"},"_links":{"self":[{"href":"https:\/\/amd-bl.website\/index.php?rest_route=\/wp\/v2\/product\/17740","targetHints":{"allow":["GET"]}}],"collection":[{"href":"https:\/\/amd-bl.website\/index.php?rest_route=\/wp\/v2\/product"}],"about":[{"href":"https:\/\/amd-bl.website\/index.php?rest_route=\/wp\/v2\/types\/product"}],"replies":[{"embeddable":true,"href":"https:\/\/amd-bl.website\/index.php?rest_route=%2Fwp%2Fv2%2Fcomments&post=17740"}],"wp:featuredmedia":[{"embeddable":true,"href":"https:\/\/amd-bl.website\/index.php?rest_route=\/wp\/v2\/media\/17741"}],"wp:attachment":[{"href":"https:\/\/amd-bl.website\/index.php?rest_route=%2Fwp%2Fv2%2Fmedia&parent=17740"}],"wp:term":[{"taxonomy":"product_brand","embeddable":true,"href":"https:\/\/amd-bl.website\/index.php?rest_route=%2Fwp%2Fv2%2Fproduct_brand&post=17740"},{"taxonomy":"product_cat","embeddable":true,"href":"https:\/\/amd-bl.website\/index.php?rest_route=%2Fwp%2Fv2%2Fproduct_cat&post=17740"},{"taxonomy":"product_tag","embeddable":true,"href":"https:\/\/amd-bl.website\/index.php?rest_route=%2Fwp%2Fv2%2Fproduct_tag&post=17740"}],"curies":[{"name":"wp","href":"https:\/\/api.w.org\/{rel}","templated":true}]}}