{"id":17709,"date":"2024-03-29T23:24:03","date_gmt":"2024-03-29T23:24:03","guid":{"rendered":"https:\/\/amd-bl.website\/?post_type=product&#038;p=17709"},"modified":"2025-12-30T14:44:55","modified_gmt":"2025-12-30T14:44:55","slug":"20014-set-odvijaca-6kom","status":"publish","type":"product","link":"https:\/\/amd-bl.website\/?product=20014-set-odvijaca-6kom","title":{"rendered":"20014 Set odvija\u010da 6kom"},"content":{"rendered":"<p><span>EAN:6933528720102<\/span><\/p>\n<p><span>\u2022 CrV<\/span><br \/>\n<span>\u2022 Dvokomponentni udoban rukohvat<\/span><br \/>\n<span>\u2022 Crni magnetni vrh<\/span><br \/>\n<span>\u2022 Pakovanje: dupli blister<\/span><br \/>\nSet izvija\u010da 6 komada<br \/>\nSet \u0161rafcigera 6 kom ( \u0161arafcigera )<\/p>\n","protected":false},"excerpt":{"rendered":"<p>EAN:6933528720102 \u2022 CrV \u2022 Dvokomponentni udoban rukohvat \u2022 Crni magnetni vrh \u2022 Pakovanje: dupli blister Set izvija\u010da 6 komada Set \u0161rafcigera 6 kom ( \u0161arafcigera )<\/p>\n","protected":false},"featured_media":18963,"comment_status":"open","ping_status":"closed","template":"","meta":{"pagelayer_contact_templates":[],"_pagelayer_content":""},"product_brand":[],"product_cat":[154],"product_tag":[],"class_list":{"0":"post-17709","1":"product","2":"type-product","3":"status-publish","4":"has-post-thumbnail","6":"product_cat-izvijaci-2","8":"first","9":"instock","10":"shipping-taxable","11":"product-type-simple"},"_links":{"self":[{"href":"https:\/\/amd-bl.website\/index.php?rest_route=\/wp\/v2\/product\/17709","targetHints":{"allow":["GET"]}}],"collection":[{"href":"https:\/\/amd-bl.website\/index.php?rest_route=\/wp\/v2\/product"}],"about":[{"href":"https:\/\/amd-bl.website\/index.php?rest_route=\/wp\/v2\/types\/product"}],"replies":[{"embeddable":true,"href":"https:\/\/amd-bl.website\/index.php?rest_route=%2Fwp%2Fv2%2Fcomments&post=17709"}],"wp:featuredmedia":[{"embeddable":true,"href":"https:\/\/amd-bl.website\/index.php?rest_route=\/wp\/v2\/media\/18963"}],"wp:attachment":[{"href":"https:\/\/amd-bl.website\/index.php?rest_route=%2Fwp%2Fv2%2Fmedia&parent=17709"}],"wp:term":[{"taxonomy":"product_brand","embeddable":true,"href":"https:\/\/amd-bl.website\/index.php?rest_route=%2Fwp%2Fv2%2Fproduct_brand&post=17709"},{"taxonomy":"product_cat","embeddable":true,"href":"https:\/\/amd-bl.website\/index.php?rest_route=%2Fwp%2Fv2%2Fproduct_cat&post=17709"},{"taxonomy":"product_tag","embeddable":true,"href":"https:\/\/amd-bl.website\/index.php?rest_route=%2Fwp%2Fv2%2Fproduct_tag&post=17709"}],"curies":[{"name":"wp","href":"https:\/\/api.w.org\/{rel}","templated":true}]}}