{"id":17705,"date":"2024-03-29T23:18:49","date_gmt":"2024-03-29T23:18:49","guid":{"rendered":"https:\/\/amd-bl.website\/?post_type=product&#038;p=17705"},"modified":"2026-03-31T15:39:35","modified_gmt":"2026-03-31T15:39:35","slug":"38071-pistolj-za-ljepilo-60w","status":"publish","type":"product","link":"https:\/\/amd-bl.website\/?product=38071-pistolj-za-ljepilo-60w","title":{"rendered":"38071 Pi\u0161tolj za ljepilo 60W"},"content":{"rendered":"","protected":false},"excerpt":{"rendered":"<p>EAN:6933528738565<\/p>\n<p>\u2022 CE odobrenje<br \/>\n\u2022 Ulazna snaga: 60W<br \/>\n\u2022 Nazivni napon: 220-240V<br \/>\n\u2022 Frekvencija:50Hz<br \/>\n\u2022 Kapacitet lijepljenja:15-20g\/min<br \/>\n\u2022 Pre\u010dnik \u0161tapa ljepila: 11,2mm<br \/>\n\u2022 Sa za\u0161titom od prekomjerne struje<br \/>\n\u2022 Visoko efikasan PTC \u0161tedi 50% energije<br \/>\n\u2022 3 min brzog predgrijavanja<br \/>\n\u2022 Dizajn protiv curenja<br \/>\n\u2022 Idealan za pri\u010dvr\u0161\u0107ivanje ljepila, izradu modela, popravak,<br \/>\nzaptivanje i spajanje<br \/>\n\u2022 Mehani\u010dki sistem za dovod za osjetljivo doziranje i brzu<br \/>\nprimjenu<br \/>\n\u2022 Pakovanje: dupli blister<\/p>\n","protected":false},"featured_media":18951,"comment_status":"open","ping_status":"closed","template":"","meta":{"pagelayer_contact_templates":[],"_pagelayer_content":""},"product_brand":[176],"product_cat":[65],"product_tag":[],"class_list":{"0":"post-17705","1":"product","2":"type-product","3":"status-publish","4":"has-post-thumbnail","6":"product_brand-rucni-alati","7":"product_cat-rucni-alati","9":"first","10":"instock","11":"shipping-taxable","12":"purchasable","13":"product-type-simple"},"_links":{"self":[{"href":"https:\/\/amd-bl.website\/index.php?rest_route=\/wp\/v2\/product\/17705","targetHints":{"allow":["GET"]}}],"collection":[{"href":"https:\/\/amd-bl.website\/index.php?rest_route=\/wp\/v2\/product"}],"about":[{"href":"https:\/\/amd-bl.website\/index.php?rest_route=\/wp\/v2\/types\/product"}],"replies":[{"embeddable":true,"href":"https:\/\/amd-bl.website\/index.php?rest_route=%2Fwp%2Fv2%2Fcomments&post=17705"}],"wp:featuredmedia":[{"embeddable":true,"href":"https:\/\/amd-bl.website\/index.php?rest_route=\/wp\/v2\/media\/18951"}],"wp:attachment":[{"href":"https:\/\/amd-bl.website\/index.php?rest_route=%2Fwp%2Fv2%2Fmedia&parent=17705"}],"wp:term":[{"taxonomy":"product_brand","embeddable":true,"href":"https:\/\/amd-bl.website\/index.php?rest_route=%2Fwp%2Fv2%2Fproduct_brand&post=17705"},{"taxonomy":"product_cat","embeddable":true,"href":"https:\/\/amd-bl.website\/index.php?rest_route=%2Fwp%2Fv2%2Fproduct_cat&post=17705"},{"taxonomy":"product_tag","embeddable":true,"href":"https:\/\/amd-bl.website\/index.php?rest_route=%2Fwp%2Fv2%2Fproduct_tag&post=17705"}],"curies":[{"name":"wp","href":"https:\/\/api.w.org\/{rel}","templated":true}]}}