{"id":17703,"date":"2024-03-29T23:16:11","date_gmt":"2024-03-29T23:16:11","guid":{"rendered":"https:\/\/amd-bl.website\/?post_type=product&#038;p=17703"},"modified":"2026-03-31T15:24:50","modified_gmt":"2026-03-31T15:24:50","slug":"38070-pistolj-za-ljepilo-20w","status":"publish","type":"product","link":"https:\/\/amd-bl.website\/?product=38070-pistolj-za-ljepilo-20w","title":{"rendered":"38070 Pi\u0161tolj za ljepilo 20W"},"content":{"rendered":"","protected":false},"excerpt":{"rendered":"<p>EAN:6933528738558<\/p>\n<p>CE odobrenje<br \/>\nUlazna snaga: 20W<br \/>\nNazivni napon: 220-240V<br \/>\nFrekvencija:50Hz<br \/>\nKapacitet lijepljenja:8-10g\/min<br \/>\nPre\u010dnik \u0161tapa ljepila: 7,0-7,5mm<br \/>\nSa za\u0161titom od prekomjerne struje<br \/>\nVisoko efikasan PTC \u0161tedi 50% energije<br \/>\n3 minute brzo prethodno zagrijavanje<br \/>\nAnti- dizajn curenja<br \/>\nIdealan za pri\u010dvr\u0161\u0107ivanje ljepila, izradu modela, popravak, zaptivanje i spajanje<br \/>\nMehani\u010dki sistem napajanja za osjetljivo doziranje i brzo nano\u0161enje<br \/>\nPakovanje: dupli blister<\/p>\n","protected":false},"featured_media":18955,"comment_status":"open","ping_status":"closed","template":"","meta":{"pagelayer_contact_templates":[],"_pagelayer_content":""},"product_brand":[176],"product_cat":[65],"product_tag":[],"class_list":{"0":"post-17703","1":"product","2":"type-product","3":"status-publish","4":"has-post-thumbnail","6":"product_brand-rucni-alati","7":"product_cat-rucni-alati","9":"first","10":"instock","11":"shipping-taxable","12":"purchasable","13":"product-type-simple"},"_links":{"self":[{"href":"https:\/\/amd-bl.website\/index.php?rest_route=\/wp\/v2\/product\/17703","targetHints":{"allow":["GET"]}}],"collection":[{"href":"https:\/\/amd-bl.website\/index.php?rest_route=\/wp\/v2\/product"}],"about":[{"href":"https:\/\/amd-bl.website\/index.php?rest_route=\/wp\/v2\/types\/product"}],"replies":[{"embeddable":true,"href":"https:\/\/amd-bl.website\/index.php?rest_route=%2Fwp%2Fv2%2Fcomments&post=17703"}],"wp:featuredmedia":[{"embeddable":true,"href":"https:\/\/amd-bl.website\/index.php?rest_route=\/wp\/v2\/media\/18955"}],"wp:attachment":[{"href":"https:\/\/amd-bl.website\/index.php?rest_route=%2Fwp%2Fv2%2Fmedia&parent=17703"}],"wp:term":[{"taxonomy":"product_brand","embeddable":true,"href":"https:\/\/amd-bl.website\/index.php?rest_route=%2Fwp%2Fv2%2Fproduct_brand&post=17703"},{"taxonomy":"product_cat","embeddable":true,"href":"https:\/\/amd-bl.website\/index.php?rest_route=%2Fwp%2Fv2%2Fproduct_cat&post=17703"},{"taxonomy":"product_tag","embeddable":true,"href":"https:\/\/amd-bl.website\/index.php?rest_route=%2Fwp%2Fv2%2Fproduct_tag&post=17703"}],"curies":[{"name":"wp","href":"https:\/\/api.w.org\/{rel}","templated":true}]}}