{"id":17687,"date":"2024-03-29T22:17:18","date_gmt":"2024-03-29T22:17:18","guid":{"rendered":"https:\/\/amd-bl.website\/?post_type=product&#038;p=17687"},"modified":"2025-08-21T07:39:18","modified_gmt":"2025-08-21T07:39:18","slug":"30045-makaze-200mm-8","status":"publish","type":"product","link":"https:\/\/amd-bl.website\/?product=30045-makaze-200mm-8","title":{"rendered":"30045 Makaze 200mm 8&#8221;"},"content":{"rendered":"<p>\u0160kare 200mm 8&#8221;<br \/>\nLOK:A2<br \/>\nEAN:6933528730194<\/p>\n<p>\u2022 O\u0161trica od ner\u0111aju\u0107eg \u010delika<br \/>\n\u2022 Pakovanje: blister kartica<\/p>\n","protected":false},"excerpt":{"rendered":"<p>\u0160kare 200mm 8&#8221; LOK:A2 EAN:6933528730194 \u2022 O\u0161trica od ner\u0111aju\u0107eg \u010delika \u2022 Pakovanje: blister kartica<\/p>\n","protected":false},"featured_media":17688,"comment_status":"open","ping_status":"closed","template":"","meta":{"pagelayer_contact_templates":[],"_pagelayer_content":""},"product_brand":[],"product_cat":[161],"product_tag":[],"class_list":{"0":"post-17687","1":"product","2":"type-product","3":"status-publish","4":"has-post-thumbnail","6":"product_cat-rezni-alati","8":"first","9":"instock","10":"shipping-taxable","11":"purchasable","12":"product-type-simple"},"_links":{"self":[{"href":"https:\/\/amd-bl.website\/index.php?rest_route=\/wp\/v2\/product\/17687","targetHints":{"allow":["GET"]}}],"collection":[{"href":"https:\/\/amd-bl.website\/index.php?rest_route=\/wp\/v2\/product"}],"about":[{"href":"https:\/\/amd-bl.website\/index.php?rest_route=\/wp\/v2\/types\/product"}],"replies":[{"embeddable":true,"href":"https:\/\/amd-bl.website\/index.php?rest_route=%2Fwp%2Fv2%2Fcomments&post=17687"}],"wp:featuredmedia":[{"embeddable":true,"href":"https:\/\/amd-bl.website\/index.php?rest_route=\/wp\/v2\/media\/17688"}],"wp:attachment":[{"href":"https:\/\/amd-bl.website\/index.php?rest_route=%2Fwp%2Fv2%2Fmedia&parent=17687"}],"wp:term":[{"taxonomy":"product_brand","embeddable":true,"href":"https:\/\/amd-bl.website\/index.php?rest_route=%2Fwp%2Fv2%2Fproduct_brand&post=17687"},{"taxonomy":"product_cat","embeddable":true,"href":"https:\/\/amd-bl.website\/index.php?rest_route=%2Fwp%2Fv2%2Fproduct_cat&post=17687"},{"taxonomy":"product_tag","embeddable":true,"href":"https:\/\/amd-bl.website\/index.php?rest_route=%2Fwp%2Fv2%2Fproduct_tag&post=17687"}],"curies":[{"name":"wp","href":"https:\/\/api.w.org\/{rel}","templated":true}]}}