{"id":17662,"date":"2024-03-28T20:41:12","date_gmt":"2024-03-28T20:41:12","guid":{"rendered":"https:\/\/amd-bl.website\/?post_type=product&#038;p=17662"},"modified":"2025-08-22T14:15:43","modified_gmt":"2025-08-22T14:15:43","slug":"25171-cekic-160z","status":"publish","type":"product","link":"https:\/\/amd-bl.website\/?product=25171-cekic-160z","title":{"rendered":"25171 \u010ceki\u0107 160Z"},"content":{"rendered":"<p>Gra\u0111evinski \u010deki\u0107<\/p>\n<p>Zidarski \u010deki\u0107<\/p>\n<p>EAN:6933528725817<\/p>\n<p>16OZ<br \/>\n\u010cvrsti kovani jedan komad, kaljen i kaljen;<br \/>\nPotpuno polirani i lakirani;<br \/>\n\u010cvrsta kovana osovina s ru\u010dkom od stakloplastike koja apsorbira zalihe za smanjenje vibracija pri udaru;<br \/>\nSa magnetnim dr\u017ea\u010dem za nokte;<br \/>\nPakovanje: oka\u010diti etiketu sa kutijom u boji<\/p>\n","protected":false},"excerpt":{"rendered":"<p>Gra\u0111evinski \u010deki\u0107 Zidarski \u010deki\u0107 EAN:6933528725817 16OZ \u010cvrsti kovani jedan komad, kaljen i kaljen; Potpuno polirani i lakirani; \u010cvrsta kovana osovina s ru\u010dkom od stakloplastike koja apsorbira zalihe za smanjenje vibracija pri udaru; Sa magnetnim dr\u017ea\u010dem za nokte; Pakovanje: oka\u010diti etiketu sa kutijom u boji<\/p>\n","protected":false},"featured_media":18942,"comment_status":"open","ping_status":"closed","template":"","meta":{"pagelayer_contact_templates":[],"_pagelayer_content":""},"product_brand":[],"product_cat":[158],"product_tag":[],"class_list":{"0":"post-17662","1":"product","2":"type-product","3":"status-publish","4":"has-post-thumbnail","6":"product_cat-cekici","8":"first","9":"instock","10":"shipping-taxable","11":"purchasable","12":"product-type-simple"},"_links":{"self":[{"href":"https:\/\/amd-bl.website\/index.php?rest_route=\/wp\/v2\/product\/17662","targetHints":{"allow":["GET"]}}],"collection":[{"href":"https:\/\/amd-bl.website\/index.php?rest_route=\/wp\/v2\/product"}],"about":[{"href":"https:\/\/amd-bl.website\/index.php?rest_route=\/wp\/v2\/types\/product"}],"replies":[{"embeddable":true,"href":"https:\/\/amd-bl.website\/index.php?rest_route=%2Fwp%2Fv2%2Fcomments&post=17662"}],"wp:featuredmedia":[{"embeddable":true,"href":"https:\/\/amd-bl.website\/index.php?rest_route=\/wp\/v2\/media\/18942"}],"wp:attachment":[{"href":"https:\/\/amd-bl.website\/index.php?rest_route=%2Fwp%2Fv2%2Fmedia&parent=17662"}],"wp:term":[{"taxonomy":"product_brand","embeddable":true,"href":"https:\/\/amd-bl.website\/index.php?rest_route=%2Fwp%2Fv2%2Fproduct_brand&post=17662"},{"taxonomy":"product_cat","embeddable":true,"href":"https:\/\/amd-bl.website\/index.php?rest_route=%2Fwp%2Fv2%2Fproduct_cat&post=17662"},{"taxonomy":"product_tag","embeddable":true,"href":"https:\/\/amd-bl.website\/index.php?rest_route=%2Fwp%2Fv2%2Fproduct_tag&post=17662"}],"curies":[{"name":"wp","href":"https:\/\/api.w.org\/{rel}","templated":true}]}}