{"id":17633,"date":"2024-03-26T17:05:43","date_gmt":"2024-03-26T17:05:43","guid":{"rendered":"https:\/\/amd-bl.website\/?post_type=product&#038;p=17633"},"modified":"2025-12-30T15:07:06","modified_gmt":"2025-12-30T15:07:06","slug":"41016-spahtla-280x120mm","status":"publish","type":"product","link":"https:\/\/amd-bl.website\/?product=41016-spahtla-280x120mm","title":{"rendered":"41016 Gleter 280x120mm"},"content":{"rendered":"<p>LOK:A6<br \/>\nEAN:6933528741084<br \/>\n\u2022 Plasti\u010dna ru\u010dka<\/span><br \/>\n<span>\u2022 Ner\u0111aju\u0107i \u010delik<\/span><br \/>\n<span>\u2022 Pakovanje: poli vre\u0107ica sa nalepnicom u boji<\/span><\/p>\n","protected":false},"excerpt":{"rendered":"<p>LOK:A6 EAN:6933528741084 \u2022 Plasti\u010dna ru\u010dka \u2022 Ner\u0111aju\u0107i \u010delik \u2022 Pakovanje: poli vre\u0107ica sa nalepnicom u boji<\/p>\n","protected":false},"featured_media":17634,"comment_status":"open","ping_status":"closed","template":"","meta":{"pagelayer_contact_templates":[],"_pagelayer_content":""},"product_brand":[],"product_cat":[86],"product_tag":[],"class_list":{"0":"post-17633","1":"product","2":"type-product","3":"status-publish","4":"has-post-thumbnail","6":"product_cat-gradjevinsko-stolarski-alati","8":"first","9":"instock","10":"shipping-taxable","11":"purchasable","12":"product-type-simple"},"_links":{"self":[{"href":"https:\/\/amd-bl.website\/index.php?rest_route=\/wp\/v2\/product\/17633","targetHints":{"allow":["GET"]}}],"collection":[{"href":"https:\/\/amd-bl.website\/index.php?rest_route=\/wp\/v2\/product"}],"about":[{"href":"https:\/\/amd-bl.website\/index.php?rest_route=\/wp\/v2\/types\/product"}],"replies":[{"embeddable":true,"href":"https:\/\/amd-bl.website\/index.php?rest_route=%2Fwp%2Fv2%2Fcomments&post=17633"}],"wp:featuredmedia":[{"embeddable":true,"href":"https:\/\/amd-bl.website\/index.php?rest_route=\/wp\/v2\/media\/17634"}],"wp:attachment":[{"href":"https:\/\/amd-bl.website\/index.php?rest_route=%2Fwp%2Fv2%2Fmedia&parent=17633"}],"wp:term":[{"taxonomy":"product_brand","embeddable":true,"href":"https:\/\/amd-bl.website\/index.php?rest_route=%2Fwp%2Fv2%2Fproduct_brand&post=17633"},{"taxonomy":"product_cat","embeddable":true,"href":"https:\/\/amd-bl.website\/index.php?rest_route=%2Fwp%2Fv2%2Fproduct_cat&post=17633"},{"taxonomy":"product_tag","embeddable":true,"href":"https:\/\/amd-bl.website\/index.php?rest_route=%2Fwp%2Fv2%2Fproduct_tag&post=17633"}],"curies":[{"name":"wp","href":"https:\/\/api.w.org\/{rel}","templated":true}]}}