{"id":17631,"date":"2024-03-26T16:58:35","date_gmt":"2024-03-26T16:58:35","guid":{"rendered":"https:\/\/amd-bl.website\/?post_type=product&#038;p=17631"},"modified":"2024-08-17T10:27:28","modified_gmt":"2024-08-17T10:27:28","slug":"40088-set-za-krecenje","status":"publish","type":"product","link":"https:\/\/amd-bl.website\/?product=40088-set-za-krecenje","title":{"rendered":"40088 Set za kre\u010denje"},"content":{"rendered":"<p><span>EAN:6933528740827<\/span><\/p>\n<p><span>\u2022 1kom okvir valjka za farbanje (TOLSEN 40059)<\/span><br \/>\n<span>Pre\u010dnik centralnog dr\u0161ka: 5,7mm<\/span><br \/>\n<span>Veli\u010dina: 225mm,9\u2033<\/span><br \/>\n<span>\u2022 1kom poklopac valjka (TOLSEN 40070)<\/span><br \/>\n<span>Materijal: poliester i akril<\/span><br \/>\n<span>Visina vlakna: 11mm<\/span><br \/>\n<span>Veli\u010dina: 225mm,9\u2033\u00a0boja<\/span><br \/>\n<span>\u2022 1kom<\/span><br \/>\n<span>:360x270x60mm<\/span><br \/>\n<span>Materijal: Plastika<\/span><br \/>\n<span>\u2022 Pakovanje: etiketa u boji sa skupljanjem<\/span><\/p>\n","protected":false},"excerpt":{"rendered":"<p>EAN:6933528740827 \u2022 1kom okvir valjka za farbanje (TOLSEN 40059) Pre\u010dnik centralnog dr\u0161ka: 5,7mm Veli\u010dina: 225mm,9\u2033 \u2022 1kom poklopac valjka (TOLSEN 40070) Materijal: poliester i akril Visina vlakna: 11mm Veli\u010dina: 225mm,9\u2033\u00a0boja \u2022 1kom :360x270x60mm Materijal: Plastika \u2022 Pakovanje: etiketa u boji sa skupljanjem<\/p>\n","protected":false},"featured_media":17632,"comment_status":"open","ping_status":"closed","template":"","meta":{"pagelayer_contact_templates":[],"_pagelayer_content":""},"product_brand":[],"product_cat":[86],"product_tag":[],"class_list":{"0":"post-17631","1":"product","2":"type-product","3":"status-publish","4":"has-post-thumbnail","6":"product_cat-gradjevinsko-stolarski-alati","8":"first","9":"instock","10":"shipping-taxable","11":"purchasable","12":"product-type-simple"},"_links":{"self":[{"href":"https:\/\/amd-bl.website\/index.php?rest_route=\/wp\/v2\/product\/17631","targetHints":{"allow":["GET"]}}],"collection":[{"href":"https:\/\/amd-bl.website\/index.php?rest_route=\/wp\/v2\/product"}],"about":[{"href":"https:\/\/amd-bl.website\/index.php?rest_route=\/wp\/v2\/types\/product"}],"replies":[{"embeddable":true,"href":"https:\/\/amd-bl.website\/index.php?rest_route=%2Fwp%2Fv2%2Fcomments&post=17631"}],"wp:featuredmedia":[{"embeddable":true,"href":"https:\/\/amd-bl.website\/index.php?rest_route=\/wp\/v2\/media\/17632"}],"wp:attachment":[{"href":"https:\/\/amd-bl.website\/index.php?rest_route=%2Fwp%2Fv2%2Fmedia&parent=17631"}],"wp:term":[{"taxonomy":"product_brand","embeddable":true,"href":"https:\/\/amd-bl.website\/index.php?rest_route=%2Fwp%2Fv2%2Fproduct_brand&post=17631"},{"taxonomy":"product_cat","embeddable":true,"href":"https:\/\/amd-bl.website\/index.php?rest_route=%2Fwp%2Fv2%2Fproduct_cat&post=17631"},{"taxonomy":"product_tag","embeddable":true,"href":"https:\/\/amd-bl.website\/index.php?rest_route=%2Fwp%2Fv2%2Fproduct_tag&post=17631"}],"curies":[{"name":"wp","href":"https:\/\/api.w.org\/{rel}","templated":true}]}}