{"id":17624,"date":"2024-03-26T16:44:28","date_gmt":"2024-03-26T16:44:28","guid":{"rendered":"https:\/\/amd-bl.website\/?post_type=product&#038;p=17624"},"modified":"2025-08-21T09:18:22","modified_gmt":"2025-08-21T09:18:22","slug":"40015-spahtla-100mm-4","status":"publish","type":"product","link":"https:\/\/amd-bl.website\/?product=40015-spahtla-100mm-4","title":{"rendered":"40015 \u0160pahtla 100mm 4&#8221;"},"content":{"rendered":"<p>LOK:A6<br \/>\nEAN:6933528740087<\/p>\n<p><span>\u2022 Visokokvalitetni alatni \u010delik, termi\u010dki obra\u0111en<\/span><br \/>\n<span>\u2022 Zrcalno polirani<\/span><br \/>\n<span>\u2022 Dvokomponentna TPR ru\u010dka<\/span><br \/>\n<span>\u2022 Pakovanje: poli vre\u0107ica sa etiketom u boji<\/span><\/p>\n","protected":false},"excerpt":{"rendered":"<p>LOK:A6 EAN:6933528740087 \u2022 Visokokvalitetni alatni \u010delik, termi\u010dki obra\u0111en \u2022 Zrcalno polirani \u2022 Dvokomponentna TPR ru\u010dka \u2022 Pakovanje: poli vre\u0107ica sa etiketom u boji<\/p>\n","protected":false},"featured_media":17621,"comment_status":"open","ping_status":"closed","template":"","meta":{"pagelayer_contact_templates":[],"_pagelayer_content":""},"product_brand":[],"product_cat":[86],"product_tag":[],"class_list":{"0":"post-17624","1":"product","2":"type-product","3":"status-publish","4":"has-post-thumbnail","6":"product_cat-gradjevinsko-stolarski-alati","8":"first","9":"instock","10":"shipping-taxable","11":"purchasable","12":"product-type-simple"},"_links":{"self":[{"href":"https:\/\/amd-bl.website\/index.php?rest_route=\/wp\/v2\/product\/17624","targetHints":{"allow":["GET"]}}],"collection":[{"href":"https:\/\/amd-bl.website\/index.php?rest_route=\/wp\/v2\/product"}],"about":[{"href":"https:\/\/amd-bl.website\/index.php?rest_route=\/wp\/v2\/types\/product"}],"replies":[{"embeddable":true,"href":"https:\/\/amd-bl.website\/index.php?rest_route=%2Fwp%2Fv2%2Fcomments&post=17624"}],"wp:featuredmedia":[{"embeddable":true,"href":"https:\/\/amd-bl.website\/index.php?rest_route=\/wp\/v2\/media\/17621"}],"wp:attachment":[{"href":"https:\/\/amd-bl.website\/index.php?rest_route=%2Fwp%2Fv2%2Fmedia&parent=17624"}],"wp:term":[{"taxonomy":"product_brand","embeddable":true,"href":"https:\/\/amd-bl.website\/index.php?rest_route=%2Fwp%2Fv2%2Fproduct_brand&post=17624"},{"taxonomy":"product_cat","embeddable":true,"href":"https:\/\/amd-bl.website\/index.php?rest_route=%2Fwp%2Fv2%2Fproduct_cat&post=17624"},{"taxonomy":"product_tag","embeddable":true,"href":"https:\/\/amd-bl.website\/index.php?rest_route=%2Fwp%2Fv2%2Fproduct_tag&post=17624"}],"curies":[{"name":"wp","href":"https:\/\/api.w.org\/{rel}","templated":true}]}}