{"id":17477,"date":"2024-03-23T17:50:06","date_gmt":"2024-03-23T17:50:06","guid":{"rendered":"https:\/\/amd-bl.website\/?post_type=product&#038;p=17477"},"modified":"2024-03-23T17:50:06","modified_gmt":"2024-03-23T17:50:06","slug":"76133-disk-za-rezanje-metala-125x1-0x2-2mm","status":"publish","type":"product","link":"https:\/\/amd-bl.website\/?product=76133-disk-za-rezanje-metala-125x1-0x2-2mm","title":{"rendered":"76133 Disk za rezanje metala 125&#215;1.0x2.2mm"},"content":{"rendered":"<p>EAN:6933528787686<\/p>\n<p>\u2022 Za metal i ner\u0111aju\u0107i \u010delik<\/p>\n<p>125\u00d71.0&#215;22.0 mm 5\u2033 x 1\/25\u2033 x 7\/8\u2033<\/p>\n<p><strong>MAX RPM. 12250<\/strong><\/p>\n","protected":false},"excerpt":{"rendered":"<p>EAN:6933528787686 \u2022 Za metal i ner\u0111aju\u0107i \u010delik 125\u00d71.0&#215;22.0 mm 5\u2033 x 1\/25\u2033 x 7\/8\u2033 MAX RPM. 12250<\/p>\n","protected":false},"featured_media":17270,"comment_status":"closed","ping_status":"closed","template":"","meta":{"pagelayer_contact_templates":[],"_pagelayer_content":""},"product_brand":[],"product_cat":[101],"product_tag":[],"class_list":{"0":"post-17477","1":"product","2":"type-product","3":"status-publish","4":"has-post-thumbnail","6":"product_cat-rotacione-cetke-i-rezne-ploce","8":"first","9":"instock","10":"shipping-taxable","11":"product-type-simple"},"_links":{"self":[{"href":"https:\/\/amd-bl.website\/index.php?rest_route=\/wp\/v2\/product\/17477","targetHints":{"allow":["GET"]}}],"collection":[{"href":"https:\/\/amd-bl.website\/index.php?rest_route=\/wp\/v2\/product"}],"about":[{"href":"https:\/\/amd-bl.website\/index.php?rest_route=\/wp\/v2\/types\/product"}],"replies":[{"embeddable":true,"href":"https:\/\/amd-bl.website\/index.php?rest_route=%2Fwp%2Fv2%2Fcomments&post=17477"}],"wp:featuredmedia":[{"embeddable":true,"href":"https:\/\/amd-bl.website\/index.php?rest_route=\/wp\/v2\/media\/17270"}],"wp:attachment":[{"href":"https:\/\/amd-bl.website\/index.php?rest_route=%2Fwp%2Fv2%2Fmedia&parent=17477"}],"wp:term":[{"taxonomy":"product_brand","embeddable":true,"href":"https:\/\/amd-bl.website\/index.php?rest_route=%2Fwp%2Fv2%2Fproduct_brand&post=17477"},{"taxonomy":"product_cat","embeddable":true,"href":"https:\/\/amd-bl.website\/index.php?rest_route=%2Fwp%2Fv2%2Fproduct_cat&post=17477"},{"taxonomy":"product_tag","embeddable":true,"href":"https:\/\/amd-bl.website\/index.php?rest_route=%2Fwp%2Fv2%2Fproduct_tag&post=17477"}],"curies":[{"name":"wp","href":"https:\/\/api.w.org\/{rel}","templated":true}]}}