{"id":17475,"date":"2024-03-23T17:43:18","date_gmt":"2024-03-23T17:43:18","guid":{"rendered":"https:\/\/amd-bl.website\/?post_type=product&#038;p=17475"},"modified":"2024-08-17T10:27:33","modified_gmt":"2024-08-17T10:27:33","slug":"76102-disk-za-rezanje-metala-115x1-2x22-2mm","status":"publish","type":"product","link":"https:\/\/amd-bl.website\/?product=76102-disk-za-rezanje-metala-115x1-2x22-2mm","title":{"rendered":"76102 Disk za rezanje metala 115&#215;1.2&#215;22.2mm"},"content":{"rendered":"<p>EAN:6933528776024<\/p>\n<p>\u2022 Za metal i ner\u0111aju\u0107i \u010delik<\/p>\n<p>115\u00d71,2\u00d722,2 mm 4-1\/2\u2033x1\/21\u2033x7\/8\u2033<\/p>\n<p><strong>MAX RPM 13300<\/strong><\/p>\n","protected":false},"excerpt":{"rendered":"<p>EAN:6933528776024 \u2022 Za metal i ner\u0111aju\u0107i \u010delik 115\u00d71,2\u00d722,2 mm 4-1\/2\u2033x1\/21\u2033x7\/8\u2033 MAX RPM 13300<\/p>\n","protected":false},"featured_media":17270,"comment_status":"closed","ping_status":"closed","template":"","meta":{"pagelayer_contact_templates":[],"_pagelayer_content":""},"product_brand":[],"product_cat":[101],"product_tag":[],"class_list":{"0":"post-17475","1":"product","2":"type-product","3":"status-publish","4":"has-post-thumbnail","6":"product_cat-rotacione-cetke-i-rezne-ploce","8":"first","9":"instock","10":"shipping-taxable","11":"purchasable","12":"product-type-simple"},"_links":{"self":[{"href":"https:\/\/amd-bl.website\/index.php?rest_route=\/wp\/v2\/product\/17475","targetHints":{"allow":["GET"]}}],"collection":[{"href":"https:\/\/amd-bl.website\/index.php?rest_route=\/wp\/v2\/product"}],"about":[{"href":"https:\/\/amd-bl.website\/index.php?rest_route=\/wp\/v2\/types\/product"}],"replies":[{"embeddable":true,"href":"https:\/\/amd-bl.website\/index.php?rest_route=%2Fwp%2Fv2%2Fcomments&post=17475"}],"wp:featuredmedia":[{"embeddable":true,"href":"https:\/\/amd-bl.website\/index.php?rest_route=\/wp\/v2\/media\/17270"}],"wp:attachment":[{"href":"https:\/\/amd-bl.website\/index.php?rest_route=%2Fwp%2Fv2%2Fmedia&parent=17475"}],"wp:term":[{"taxonomy":"product_brand","embeddable":true,"href":"https:\/\/amd-bl.website\/index.php?rest_route=%2Fwp%2Fv2%2Fproduct_brand&post=17475"},{"taxonomy":"product_cat","embeddable":true,"href":"https:\/\/amd-bl.website\/index.php?rest_route=%2Fwp%2Fv2%2Fproduct_cat&post=17475"},{"taxonomy":"product_tag","embeddable":true,"href":"https:\/\/amd-bl.website\/index.php?rest_route=%2Fwp%2Fv2%2Fproduct_tag&post=17475"}],"curies":[{"name":"wp","href":"https:\/\/api.w.org\/{rel}","templated":true}]}}