{"id":17439,"date":"2024-03-23T10:52:51","date_gmt":"2024-03-23T10:52:51","guid":{"rendered":"https:\/\/amd-bl.website\/?post_type=product&#038;p=17439"},"modified":"2024-08-17T10:27:21","modified_gmt":"2024-08-17T10:27:21","slug":"25006-cekic-1000g","status":"publish","type":"product","link":"https:\/\/amd-bl.website\/?product=25006-cekic-1000g","title":{"rendered":"25006 \u010ceki\u0107 1000g"},"content":{"rendered":"<p>EAN:6933528725039<\/p>\n<p><span>\u2022 Glava \u010deki\u0107a od kovanog uglji\u010dnog \u010delika<\/span><br \/>\n<span>\u2022 Crno obojena, termi\u010dka obrada<\/span><br \/>\n<span>\u2022 Dr\u0161ka od fiberglasa<\/span><br \/>\n<span>\u2022 Pakovanje: etiketa u boji<\/span><\/p>\n","protected":false},"excerpt":{"rendered":"<p>EAN:6933528725039 \u2022 Glava \u010deki\u0107a od kovanog uglji\u010dnog \u010delika \u2022 Crno obojena, termi\u010dka obrada \u2022 Dr\u0161ka od fiberglasa \u2022 Pakovanje: etiketa u boji<\/p>\n","protected":false},"featured_media":17437,"comment_status":"closed","ping_status":"closed","template":"","meta":{"pagelayer_contact_templates":[],"_pagelayer_content":""},"product_brand":[],"product_cat":[158],"product_tag":[],"class_list":{"0":"post-17439","1":"product","2":"type-product","3":"status-publish","4":"has-post-thumbnail","6":"product_cat-cekici","8":"first","9":"instock","10":"shipping-taxable","11":"purchasable","12":"product-type-simple"},"_links":{"self":[{"href":"https:\/\/amd-bl.website\/index.php?rest_route=\/wp\/v2\/product\/17439","targetHints":{"allow":["GET"]}}],"collection":[{"href":"https:\/\/amd-bl.website\/index.php?rest_route=\/wp\/v2\/product"}],"about":[{"href":"https:\/\/amd-bl.website\/index.php?rest_route=\/wp\/v2\/types\/product"}],"replies":[{"embeddable":true,"href":"https:\/\/amd-bl.website\/index.php?rest_route=%2Fwp%2Fv2%2Fcomments&post=17439"}],"wp:featuredmedia":[{"embeddable":true,"href":"https:\/\/amd-bl.website\/index.php?rest_route=\/wp\/v2\/media\/17437"}],"wp:attachment":[{"href":"https:\/\/amd-bl.website\/index.php?rest_route=%2Fwp%2Fv2%2Fmedia&parent=17439"}],"wp:term":[{"taxonomy":"product_brand","embeddable":true,"href":"https:\/\/amd-bl.website\/index.php?rest_route=%2Fwp%2Fv2%2Fproduct_brand&post=17439"},{"taxonomy":"product_cat","embeddable":true,"href":"https:\/\/amd-bl.website\/index.php?rest_route=%2Fwp%2Fv2%2Fproduct_cat&post=17439"},{"taxonomy":"product_tag","embeddable":true,"href":"https:\/\/amd-bl.website\/index.php?rest_route=%2Fwp%2Fv2%2Fproduct_tag&post=17439"}],"curies":[{"name":"wp","href":"https:\/\/api.w.org\/{rel}","templated":true}]}}