{"id":17436,"date":"2024-03-23T10:46:25","date_gmt":"2024-03-23T10:46:25","guid":{"rendered":"https:\/\/amd-bl.website\/?post_type=product&#038;p=17436"},"modified":"2024-08-17T10:27:21","modified_gmt":"2024-08-17T10:27:21","slug":"25003-cekic-500g","status":"publish","type":"product","link":"https:\/\/amd-bl.website\/?product=25003-cekic-500g","title":{"rendered":"25003 \u010ceki\u0107 500g"},"content":{"rendered":"<p>EAN:6933528725022<\/p>\n<p>\u2022 Glava \u010deki\u0107a od kovanog uglji\u010dnog \u010delika<br \/>\n\u2022 Crno obojena, termi\u010dka obrada<br \/>\n\u2022 Dr\u0161ka od fiberglasa<br \/>\n\u2022 Pakovanje: etiketa u boji<\/p>\n","protected":false},"excerpt":{"rendered":"<p>EAN:6933528725022 \u2022 Glava \u010deki\u0107a od kovanog uglji\u010dnog \u010delika \u2022 Crno obojena, termi\u010dka obrada \u2022 Dr\u0161ka od fiberglasa \u2022 Pakovanje: etiketa u boji<\/p>\n","protected":false},"featured_media":17437,"comment_status":"closed","ping_status":"closed","template":"","meta":{"pagelayer_contact_templates":[],"_pagelayer_content":""},"product_brand":[],"product_cat":[158],"product_tag":[],"class_list":{"0":"post-17436","1":"product","2":"type-product","3":"status-publish","4":"has-post-thumbnail","6":"product_cat-cekici","8":"first","9":"instock","10":"shipping-taxable","11":"purchasable","12":"product-type-simple"},"_links":{"self":[{"href":"https:\/\/amd-bl.website\/index.php?rest_route=\/wp\/v2\/product\/17436","targetHints":{"allow":["GET"]}}],"collection":[{"href":"https:\/\/amd-bl.website\/index.php?rest_route=\/wp\/v2\/product"}],"about":[{"href":"https:\/\/amd-bl.website\/index.php?rest_route=\/wp\/v2\/types\/product"}],"replies":[{"embeddable":true,"href":"https:\/\/amd-bl.website\/index.php?rest_route=%2Fwp%2Fv2%2Fcomments&post=17436"}],"wp:featuredmedia":[{"embeddable":true,"href":"https:\/\/amd-bl.website\/index.php?rest_route=\/wp\/v2\/media\/17437"}],"wp:attachment":[{"href":"https:\/\/amd-bl.website\/index.php?rest_route=%2Fwp%2Fv2%2Fmedia&parent=17436"}],"wp:term":[{"taxonomy":"product_brand","embeddable":true,"href":"https:\/\/amd-bl.website\/index.php?rest_route=%2Fwp%2Fv2%2Fproduct_brand&post=17436"},{"taxonomy":"product_cat","embeddable":true,"href":"https:\/\/amd-bl.website\/index.php?rest_route=%2Fwp%2Fv2%2Fproduct_cat&post=17436"},{"taxonomy":"product_tag","embeddable":true,"href":"https:\/\/amd-bl.website\/index.php?rest_route=%2Fwp%2Fv2%2Fproduct_tag&post=17436"}],"curies":[{"name":"wp","href":"https:\/\/api.w.org\/{rel}","templated":true}]}}