{"id":17332,"date":"2024-03-18T19:59:51","date_gmt":"2024-03-18T19:59:51","guid":{"rendered":"https:\/\/amd-bl.website\/?product=wtp30x-usisivac-30l"},"modified":"2025-11-06T09:12:41","modified_gmt":"2025-11-06T09:12:41","slug":"wtp30x-usisivac-30l","status":"publish","type":"product","link":"https:\/\/amd-bl.website\/?product=wtp30x-usisivac-30l","title":{"rendered":"WTP30X USISIVA\u010c 30L"},"content":{"rendered":"<p>Mokri i suvi usisiva\u010d idealan za bilo koju vrstu zadatka \u010di\u0161\u0107enja u doma\u0107instvu. Prakti\u010dna gornja ru\u010dka i okretni kota\u010di postavljeni na podno\u017eje kota\u010da za dr\u017ea\u010d pribora olak\u0161avaju pomicanje usisiva\u010da gdje god je potrebno. Kompletan set pribora za usisavanje bilo koje vrste suhih ostataka ili za usisavanje te\u010dnosti. Zahvaljuju\u0107i prakti\u010dnom dr\u017ea\u010du pribora koji se nalazi na dnu rezervoara, mogu\u0107e je pohraniti cijevi i mlaznicu na kraju radne faze.<\/p>\n<p>GLAVNE KARAKTERISTIKE<br \/>\nSilenced motor<br \/>\nDvostruka elektri\u010dna izolacija<br \/>\nUsisni sistem sa by-pass hla\u0111enjem<br \/>\nSkladi\u0161te pribora<br \/>\nRezervoar od ner\u0111aju\u0107eg \u010delika 30 l.<br \/>\nDr\u017ea\u010d kabla za napajanje<br \/>\n4 okretna to\u010dka<br \/>\nMetalne kuke za zatvaranje<br \/>\nKabl za napajanje 4 m<br \/>\nFlex crijevo 2 m<br \/>\nKartrid\u017e filter koji se mo\u017ee prati<\/p>\n","protected":false},"excerpt":{"rendered":"<p>Mokri i suvi usisiva\u010d idealan za bilo koju vrstu zadatka \u010di\u0161\u0107enja u doma\u0107instvu. Prakti\u010dna gornja ru\u010dka i okretni kota\u010di postavljeni na podno\u017eje kota\u010da za dr\u017ea\u010d pribora olak\u0161avaju pomicanje usisiva\u010da gdje god je potrebno. Kompletan set pribora za usisavanje bilo koje vrste suhih ostataka ili za usisavanje te\u010dnosti. Zahvaljuju\u0107i prakti\u010dnom dr\u017ea\u010du pribora koji se nalazi na [&hellip;]<\/p>\n","protected":false},"featured_media":18870,"comment_status":"open","ping_status":"closed","template":"","meta":{"pagelayer_contact_templates":[],"_pagelayer_content":""},"product_brand":[],"product_cat":[157,65],"product_tag":[],"class_list":{"0":"post-17332","1":"product","2":"type-product","3":"status-publish","4":"has-post-thumbnail","6":"product_cat-roba-na-akciji","7":"product_cat-rucni-alati","9":"first","10":"instock","11":"sale","12":"shipping-taxable","13":"purchasable","14":"product-type-simple"},"_links":{"self":[{"href":"https:\/\/amd-bl.website\/index.php?rest_route=\/wp\/v2\/product\/17332","targetHints":{"allow":["GET"]}}],"collection":[{"href":"https:\/\/amd-bl.website\/index.php?rest_route=\/wp\/v2\/product"}],"about":[{"href":"https:\/\/amd-bl.website\/index.php?rest_route=\/wp\/v2\/types\/product"}],"replies":[{"embeddable":true,"href":"https:\/\/amd-bl.website\/index.php?rest_route=%2Fwp%2Fv2%2Fcomments&post=17332"}],"wp:featuredmedia":[{"embeddable":true,"href":"https:\/\/amd-bl.website\/index.php?rest_route=\/wp\/v2\/media\/18870"}],"wp:attachment":[{"href":"https:\/\/amd-bl.website\/index.php?rest_route=%2Fwp%2Fv2%2Fmedia&parent=17332"}],"wp:term":[{"taxonomy":"product_brand","embeddable":true,"href":"https:\/\/amd-bl.website\/index.php?rest_route=%2Fwp%2Fv2%2Fproduct_brand&post=17332"},{"taxonomy":"product_cat","embeddable":true,"href":"https:\/\/amd-bl.website\/index.php?rest_route=%2Fwp%2Fv2%2Fproduct_cat&post=17332"},{"taxonomy":"product_tag","embeddable":true,"href":"https:\/\/amd-bl.website\/index.php?rest_route=%2Fwp%2Fv2%2Fproduct_tag&post=17332"}],"curies":[{"name":"wp","href":"https:\/\/api.w.org\/{rel}","templated":true}]}}