{"id":17327,"date":"2024-03-18T19:59:50","date_gmt":"2024-03-18T19:59:50","guid":{"rendered":"https:\/\/amd-bl.website\/?product=rnj1110-rukavice-crne"},"modified":"2024-08-17T10:26:57","modified_gmt":"2024-08-17T10:26:57","slug":"rnj1110-rukavice-crne","status":"publish","type":"product","link":"https:\/\/amd-bl.website\/?product=rnj1110-rukavice-crne","title":{"rendered":"RNJ1110 Nitrilne rukavice crne XL"},"content":{"rendered":"<div id=\"kontrolka-95\" class=\"kontrolka-PoleProduktu col-12  \" data-kid=\"95\">\n<pre class=\"pole-opis-wartosc\"><span class=\"wartosc\"><span>Jake rukavice za jednokratnu upotrebu.\u00a0Ne sadr\u017ee puder, \u010dime se smanjuje rizik od alergija ili iritacije ko\u017ee.\u00a0Savr\u0161eni su za upotrebu u mehani\u010dkim postrojenjima, farbarskim postrojenjima, ku\u0107anskim radovima, frizerskim salonima EN 420:2003<\/span><\/span><\/pre>\n<\/div>\n<pre id=\"kontrolka-1226\" class=\"kontrolka-Tekst col-12  \" data-kid=\"1226\"><\/pre>\n<div id=\"kontrolka-90\" class=\"kontrolka-PoleProduktu col-12  \" data-kid=\"90\">\n<h3><span>Nitrilne rukavice za jednokratnu upotrebu crne XL 100 kom<\/span><\/h3>\n<pre class=\"pole-opis-wartosc\"><span class=\"wartosc\"><span>Nitrilne rukavice za jednokratnu upotrebu crne XL 100 kom su jake rukavice za jednokratnu upotrebu koje ne sadr\u017ee puder, \u010dime se smanjuje rizik od alergija ili iritacije ko\u017ee.\u00a0Idealni su za upotrebu u ma\u0161inskim postrojenjima, farbarama, ku\u0107nim radovima, frizerskim salonima, kao i u medicinskom okru\u017eenju.<\/span>\r\n\r\n<span>Rukavice odgovaraju desnoj i lijevoj ruci i imaju karton na vrhovima prstiju, \u0161to ih \u010dini lak\u0161im za dr\u017eanje.\u00a0Pakovanje omogu\u0107ava da se rukavice pojedina\u010dno skidaju za man\u017eetnu sa prednje strane pakovanja.\u00a0Rukavice su iznutra klorirane i otporne su na mnoge otrovne kemikalije.\u00a0Odobreni su za kontakt sa hranom i ispunjavaju zahtjeve standarda EN455, EN374-2, EN374-4, EN ISO 374-5, EN ISO 374-1, EN16523.<\/span>\r\n\r\n<span>Pakovanje sadr\u017ei 100 komada rukavica.\u00a0Te\u017eina paketa je 0,503 kg.\u00a0EAN13 bar kod je 5903347032572.<\/span><\/span><\/pre>\n<\/div>\n","protected":false},"excerpt":{"rendered":"<p>Jake rukavice za jednokratnu upotrebu.\u00a0Ne sadr\u017ee puder, \u010dime se smanjuje rizik od alergija ili iritacije ko\u017ee.\u00a0Savr\u0161eni su za upotrebu u mehani\u010dkim postrojenjima, farbarskim postrojenjima, ku\u0107anskim radovima, frizerskim salonima EN 420:2003 Nitrilne rukavice za jednokratnu upotrebu crne XL 100 kom Nitrilne rukavice za jednokratnu upotrebu crne XL 100 kom su jake rukavice za jednokratnu upotrebu koje [&hellip;]<\/p>\n","protected":false},"featured_media":17356,"comment_status":"closed","ping_status":"closed","template":"","meta":{"pagelayer_contact_templates":[],"_pagelayer_content":""},"product_brand":[],"product_cat":[69],"product_tag":[],"class_list":{"0":"post-17327","1":"product","2":"type-product","3":"status-publish","4":"has-post-thumbnail","6":"product_cat-htz-oprema-i-ostalo","8":"first","9":"instock","10":"shipping-taxable","11":"purchasable","12":"product-type-simple"},"_links":{"self":[{"href":"https:\/\/amd-bl.website\/index.php?rest_route=\/wp\/v2\/product\/17327","targetHints":{"allow":["GET"]}}],"collection":[{"href":"https:\/\/amd-bl.website\/index.php?rest_route=\/wp\/v2\/product"}],"about":[{"href":"https:\/\/amd-bl.website\/index.php?rest_route=\/wp\/v2\/types\/product"}],"replies":[{"embeddable":true,"href":"https:\/\/amd-bl.website\/index.php?rest_route=%2Fwp%2Fv2%2Fcomments&post=17327"}],"wp:featuredmedia":[{"embeddable":true,"href":"https:\/\/amd-bl.website\/index.php?rest_route=\/wp\/v2\/media\/17356"}],"wp:attachment":[{"href":"https:\/\/amd-bl.website\/index.php?rest_route=%2Fwp%2Fv2%2Fmedia&parent=17327"}],"wp:term":[{"taxonomy":"product_brand","embeddable":true,"href":"https:\/\/amd-bl.website\/index.php?rest_route=%2Fwp%2Fv2%2Fproduct_brand&post=17327"},{"taxonomy":"product_cat","embeddable":true,"href":"https:\/\/amd-bl.website\/index.php?rest_route=%2Fwp%2Fv2%2Fproduct_cat&post=17327"},{"taxonomy":"product_tag","embeddable":true,"href":"https:\/\/amd-bl.website\/index.php?rest_route=%2Fwp%2Fv2%2Fproduct_tag&post=17327"}],"curies":[{"name":"wp","href":"https:\/\/api.w.org\/{rel}","templated":true}]}}