{"id":17326,"date":"2024-03-18T19:59:50","date_gmt":"2024-03-18T19:59:50","guid":{"rendered":"https:\/\/amd-bl.website\/?product=pkg10-fleksibilna-sipka-za-cetku"},"modified":"2025-11-11T13:29:15","modified_gmt":"2025-11-11T13:29:15","slug":"pkg10-fleksibilna-sipka-za-cetku","status":"publish","type":"product","link":"https:\/\/amd-bl.website\/?product=pkg10-fleksibilna-sipka-za-cetku","title":{"rendered":"PKG10 Fleksibilna \u0161ipka za \u010detku"},"content":{"rendered":"<pre>Fleksibilna \u010detka L-100cm za rad pod uglom\r\n\r\nOpis:\r\nSavitljiva \u010detka L-100cm za rad pod uglom je pouzdan alat koji omogu\u0107ava lako i efikasno \u010di\u0161\u0107enje cijevi.\u00a0Zahvaljuju\u0107i svojoj fleksibilnosti, ovaj \u0161tap omogu\u0107ava uvo\u0111enje \u010detke u cijev pod razli\u010ditim uglovima, \u0161to znatno olak\u0161ava postizanje \u017eeljenog efekta.\u00a0Izra\u0111en od visokokvalitetnog \u010delika, garantuje izdr\u017eljivost i pouzdanost u upotrebi.\u00a0Ukupna du\u017eina \u0161tapa je 100 cm, \u0161to omogu\u0107ava efikasno \u010di\u0161\u0107enje \u010dak i na te\u0161ko dostupnim mestima.\u00a0\u0160tap ima M12 navoj koji omogu\u0107ava lako i brzo pri\u010dvr\u0161\u0107ivanje \u010detke.\r\n\r\nParametri:\r\n- Marka proizvoda: XL-TOOLS Poljska\r\n- \u0160ifra proizvoda: PKG10\r\n- EAN13 \u0161ifra: 5907630132659\r\n- Ukupna du\u017eina: 100 cm\r\n- Materijal: \u010celik\r\n- Navoj: M12\r\n\r\nKarakteristike:\r\n- Fleksibilna \u0161ipka za \u010detkicu, omogu\u0107ava rad pod uglom\r\n- \u0160ipke koje se spajaju zajedno osiguravaju udoban rad i olak\u0161ava postizanje \u017eeljenih efekata\r\n- Izra\u0111en od visokokvalitetnog \u010delika koji garantuje trajnost i pouzdanost\r\n- Du\u017eina od 100 cm omogu\u0107ava efikasno \u010di\u0161\u0107enje \u010dak i na te\u0161ko dostupnim mestima\r\n- M12 konac omogu\u0107ava jednostavno i brzo pri\u010dvr\u0161\u0107ivanje \u010detke\r\n- Savr\u0161eno za samostalno \u010di\u0161\u0107enje dimnjaka\r\n- Marka proizvoda: XL-TOOLS Poljska<\/pre>\n","protected":false},"excerpt":{"rendered":"<p>Fleksibilna \u010detka L-100cm za rad pod uglom Opis: Savitljiva \u010detka L-100cm za rad pod uglom je pouzdan alat koji omogu\u0107ava lako i efikasno \u010di\u0161\u0107enje cijevi.\u00a0Zahvaljuju\u0107i svojoj fleksibilnosti, ovaj \u0161tap omogu\u0107ava uvo\u0111enje \u010detke u cijev pod razli\u010ditim uglovima, \u0161to znatno olak\u0161ava postizanje \u017eeljenog efekta.\u00a0Izra\u0111en od visokokvalitetnog \u010delika, garantuje izdr\u017eljivost i pouzdanost u upotrebi.\u00a0Ukupna du\u017eina \u0161tapa je [&hellip;]<\/p>\n","protected":false},"featured_media":17363,"comment_status":"closed","ping_status":"closed","template":"","meta":{"pagelayer_contact_templates":[],"_pagelayer_content":""},"product_brand":[],"product_cat":[157],"product_tag":[],"class_list":{"0":"post-17326","1":"product","2":"type-product","3":"status-publish","4":"has-post-thumbnail","6":"product_cat-roba-na-akciji","8":"first","9":"instock","10":"sale","11":"shipping-taxable","12":"purchasable","13":"product-type-simple"},"_links":{"self":[{"href":"https:\/\/amd-bl.website\/index.php?rest_route=\/wp\/v2\/product\/17326","targetHints":{"allow":["GET"]}}],"collection":[{"href":"https:\/\/amd-bl.website\/index.php?rest_route=\/wp\/v2\/product"}],"about":[{"href":"https:\/\/amd-bl.website\/index.php?rest_route=\/wp\/v2\/types\/product"}],"replies":[{"embeddable":true,"href":"https:\/\/amd-bl.website\/index.php?rest_route=%2Fwp%2Fv2%2Fcomments&post=17326"}],"wp:featuredmedia":[{"embeddable":true,"href":"https:\/\/amd-bl.website\/index.php?rest_route=\/wp\/v2\/media\/17363"}],"wp:attachment":[{"href":"https:\/\/amd-bl.website\/index.php?rest_route=%2Fwp%2Fv2%2Fmedia&parent=17326"}],"wp:term":[{"taxonomy":"product_brand","embeddable":true,"href":"https:\/\/amd-bl.website\/index.php?rest_route=%2Fwp%2Fv2%2Fproduct_brand&post=17326"},{"taxonomy":"product_cat","embeddable":true,"href":"https:\/\/amd-bl.website\/index.php?rest_route=%2Fwp%2Fv2%2Fproduct_cat&post=17326"},{"taxonomy":"product_tag","embeddable":true,"href":"https:\/\/amd-bl.website\/index.php?rest_route=%2Fwp%2Fv2%2Fproduct_tag&post=17326"}],"curies":[{"name":"wp","href":"https:\/\/api.w.org\/{rel}","templated":true}]}}