{"id":17325,"date":"2024-03-18T19:59:50","date_gmt":"2024-03-18T19:59:50","guid":{"rendered":"https:\/\/amd-bl.website\/?product=pkg8-fleksibilna-sipka-za-cetku-80cm"},"modified":"2025-11-11T13:28:40","modified_gmt":"2025-11-11T13:28:40","slug":"pkg8-fleksibilna-sipka-za-cetku-80cm","status":"publish","type":"product","link":"https:\/\/amd-bl.website\/?product=pkg8-fleksibilna-sipka-za-cetku-80cm","title":{"rendered":"PKG8 Fleksibilna \u0161ipka za \u010detku 80cm"},"content":{"rendered":"<div id=\"kontrolka-95\" class=\"kontrolka-PoleProduktu col-12 \" data-kid=\"95\">\n<pre class=\"pole-opis-wartosc\"><span class=\"wartosc\">Omogu\u0107ava vam da umetnete \u010detku u cijev pod uglom.\u00a0Dva \u0161tapa upletena zajedno osiguravaju udoban rad i olak\u0161avaju postizanje \u017eeljenog efekta.\r\nUkupna du\u017eina: 80cm\r\nMaterijal: \u010celik\r\nNavoj: M12<\/span><\/pre>\n<\/div>\n<pre id=\"kontrolka-1226\" class=\"kontrolka-Tekst col-12 \" data-kid=\"1226\"><\/pre>\n<div id=\"kontrolka-90\" class=\"kontrolka-PoleProduktu col-12 \" data-kid=\"90\">\n<h3>Fleksibilna \u010detka L-80cm za rad pod uglom<\/h3>\n<pre class=\"pole-opis-wartosc\"><span class=\"wartosc\">Opis:\r\nFleksibilna \u0161ipka za \u010detkicu L-80cm je pouzdan alat koji vam omogu\u0107ava da umetnete \u010detku u cijev pod uglom.\u00a0Zahvaljuju\u0107i dva \u0161tapa upletena zajedno, rad postaje udoban, a postizanje \u017eeljenog efekta je mnogo lak\u0161e.\u00a0Ukupna du\u017eina \u0161tapa je 80 cm, \u0161to omogu\u0107ava udobno manevrisanje na te\u0161ko dostupnim mestima.\u00a0Izra\u0111en od visokokvalitetnog \u010delika, \u0161tap je izuzetno izdr\u017eljiv i otporan na o\u0161te\u0107enja.\u00a0M12 navoj osigurava sigurno i stabilno pri\u010dvr\u0161\u0107ivanje \u010detke.\r\n\r\nParametri:\r\n- \u0160ifra proizvoda: PKG8\r\n- Naziv proizvoda: Fleksibilna \u0161ipka za \u010detkicu L-80cm za rad pod uglom\r\n- EAN13 \u0161ifra: 5907630154057\r\n- Te\u017eina: 0,289 kg\r\n- Dimenzije: 0,165 m\r\n\r\nKarakteristike:\r\n- Omogu\u0107ava umetanje \u010detke u cijev na ugao\r\n- Uvijene \u0161ipke osiguravaju udoban rad i olak\u0161avaju postizanje \u017eeljenog efekta\r\n- Ukupna du\u017eina od 80 cm omogu\u0107ava prakti\u010dno manevriranje na te\u0161ko dostupnim mjestima\r\n- Od kvalitetnog \u010delika, otpornog na o\u0161te\u0107enja\r\n- M12 navoj osigurava sigurnost i stabilno pri\u010dvr\u0161\u0107ivanje \u010detke\r\n\r\nMarka proizvoda: XL-TOOLS Poljska<\/span><\/pre>\n<\/div>\n","protected":false},"excerpt":{"rendered":"<p>Omogu\u0107ava vam da umetnete \u010detku u cijev pod uglom.\u00a0Dva \u0161tapa upletena zajedno osiguravaju udoban rad i olak\u0161avaju postizanje \u017eeljenog efekta. Ukupna du\u017eina: 80cm Materijal: \u010celik Navoj: M12 Fleksibilna \u010detka L-80cm za rad pod uglom Opis: Fleksibilna \u0161ipka za \u010detkicu L-80cm je pouzdan alat koji vam omogu\u0107ava da umetnete \u010detku u cijev pod uglom.\u00a0Zahvaljuju\u0107i dva \u0161tapa [&hellip;]<\/p>\n","protected":false},"featured_media":17363,"comment_status":"closed","ping_status":"closed","template":"","meta":{"pagelayer_contact_templates":[],"_pagelayer_content":""},"product_brand":[],"product_cat":[157],"product_tag":[],"class_list":{"0":"post-17325","1":"product","2":"type-product","3":"status-publish","4":"has-post-thumbnail","6":"product_cat-roba-na-akciji","8":"first","9":"instock","10":"sale","11":"shipping-taxable","12":"purchasable","13":"product-type-simple"},"_links":{"self":[{"href":"https:\/\/amd-bl.website\/index.php?rest_route=\/wp\/v2\/product\/17325","targetHints":{"allow":["GET"]}}],"collection":[{"href":"https:\/\/amd-bl.website\/index.php?rest_route=\/wp\/v2\/product"}],"about":[{"href":"https:\/\/amd-bl.website\/index.php?rest_route=\/wp\/v2\/types\/product"}],"replies":[{"embeddable":true,"href":"https:\/\/amd-bl.website\/index.php?rest_route=%2Fwp%2Fv2%2Fcomments&post=17325"}],"wp:featuredmedia":[{"embeddable":true,"href":"https:\/\/amd-bl.website\/index.php?rest_route=\/wp\/v2\/media\/17363"}],"wp:attachment":[{"href":"https:\/\/amd-bl.website\/index.php?rest_route=%2Fwp%2Fv2%2Fmedia&parent=17325"}],"wp:term":[{"taxonomy":"product_brand","embeddable":true,"href":"https:\/\/amd-bl.website\/index.php?rest_route=%2Fwp%2Fv2%2Fproduct_brand&post=17325"},{"taxonomy":"product_cat","embeddable":true,"href":"https:\/\/amd-bl.website\/index.php?rest_route=%2Fwp%2Fv2%2Fproduct_cat&post=17325"},{"taxonomy":"product_tag","embeddable":true,"href":"https:\/\/amd-bl.website\/index.php?rest_route=%2Fwp%2Fv2%2Fproduct_tag&post=17325"}],"curies":[{"name":"wp","href":"https:\/\/api.w.org\/{rel}","templated":true}]}}