{"id":17322,"date":"2024-03-18T19:59:49","date_gmt":"2024-03-18T19:59:49","guid":{"rendered":"https:\/\/amd-bl.website\/?product=ct38-alat-za-strezanje-opruga"},"modified":"2025-12-01T08:37:48","modified_gmt":"2025-12-01T08:37:48","slug":"ct38-alat-za-strezanje-opruga","status":"publish","type":"product","link":"https:\/\/amd-bl.website\/?product=ct38-alat-za-strezanje-opruga","title":{"rendered":"CT38 Alat za strezanje opruga"},"content":{"rendered":"<h3>McPEHRSON 380 CT34 opru\u017eni kompresor<\/h3>\n<p>Opis:<br \/>\nMcPHERSON 380 CT34 opru\u017eni kompresori su idealan alat za auto radionice, servise i gara\u017ee. Prilago\u0111eni svim tipovima McPHERSON podupira\u010da ili nezavisnih opruga ovjesa, pru\u017eaju profesionalno i sigurno rje\u0161enje. Izra\u0111eni od visokokvalitetnih materijala, imaju izdr\u017eljiv trapezni navoj koji olak\u0161ava rad pod oprugom.<\/p>\n<p>Karakteristike:<br \/>\n&#8211; Radi sa \u010degrtaljkom od 1\/2&#8221;<br \/>\n&#8211; Izdr\u017eljiv trapezni navoj<br \/>\n&#8211; Min\/max razmak &#8211; 8\/38 cm<br \/>\n&#8211; Torzioni vijak &#8211; 21<br \/>\n&#8211; Otvor za \u010degrtaljku (kvadrat) 1\/2&#8221;<br \/>\n&#8211; Trapezni navoj sa korakom od 1,5<\/p>\n<p>parametara :<br \/>\n&#8211; \u0160ifra proizvoda: CT34<br \/>\n&#8211; Min\/max razmak: 8\/38 cm<br \/>\n&#8211; Torzioni vijak za klju\u010d: 21<br \/>\n&#8211; Otvor sa \u010degrtaljkom (kvadrat): 1\/2&#8221;<br \/>\n&#8211; Trapezni navoj: korak 1,5<br \/>\n&#8211; Jedinica mjere: kom<br \/>\n&#8211; Te\u017eina proizvoda: 1.884 kg<br \/>\n&#8211; Bar kod EAN13: 5907630152725<br \/>\n&#8211; Proizvo\u0111a\u010d: XL-TOOLS Poljska<\/p>\n<p>Primjena:<br \/>\nMcPHERSON 380 CT34 kompresori s oprugama su nezamjenjiv alat prilikom demonta\u017ee i ugradnje opruga ovjesa u automobilima.Oni \u010dine rad lak\u0161im, sigurnijim i efikasnijim.Mogu se koristiti u automobilu. radionice, servisi i gara\u017ee.<\/p>\n","protected":false},"excerpt":{"rendered":"<p>McPEHRSON 380 CT34 opru\u017eni kompresor Opis: McPHERSON 380 CT34 opru\u017eni kompresori su idealan alat za auto radionice, servise i gara\u017ee. Prilago\u0111eni svim tipovima McPHERSON podupira\u010da ili nezavisnih opruga ovjesa, pru\u017eaju profesionalno i sigurno rje\u0161enje. Izra\u0111eni od visokokvalitetnih materijala, imaju izdr\u017eljiv trapezni navoj koji olak\u0161ava rad pod oprugom. Karakteristike: &#8211; Radi sa \u010degrtaljkom od 1\/2&#8221; &#8211; [&hellip;]<\/p>\n","protected":false},"featured_media":17495,"comment_status":"closed","ping_status":"closed","template":"","meta":{"pagelayer_contact_templates":[],"_pagelayer_content":""},"product_brand":[],"product_cat":[157,167],"product_tag":[],"class_list":{"0":"post-17322","1":"product","2":"type-product","3":"status-publish","4":"has-post-thumbnail","6":"product_cat-roba-na-akciji","7":"product_cat-automobilski-alati","9":"first","10":"instock","11":"sale","12":"shipping-taxable","13":"purchasable","14":"product-type-simple"},"_links":{"self":[{"href":"https:\/\/amd-bl.website\/index.php?rest_route=\/wp\/v2\/product\/17322","targetHints":{"allow":["GET"]}}],"collection":[{"href":"https:\/\/amd-bl.website\/index.php?rest_route=\/wp\/v2\/product"}],"about":[{"href":"https:\/\/amd-bl.website\/index.php?rest_route=\/wp\/v2\/types\/product"}],"replies":[{"embeddable":true,"href":"https:\/\/amd-bl.website\/index.php?rest_route=%2Fwp%2Fv2%2Fcomments&post=17322"}],"wp:featuredmedia":[{"embeddable":true,"href":"https:\/\/amd-bl.website\/index.php?rest_route=\/wp\/v2\/media\/17495"}],"wp:attachment":[{"href":"https:\/\/amd-bl.website\/index.php?rest_route=%2Fwp%2Fv2%2Fmedia&parent=17322"}],"wp:term":[{"taxonomy":"product_brand","embeddable":true,"href":"https:\/\/amd-bl.website\/index.php?rest_route=%2Fwp%2Fv2%2Fproduct_brand&post=17322"},{"taxonomy":"product_cat","embeddable":true,"href":"https:\/\/amd-bl.website\/index.php?rest_route=%2Fwp%2Fv2%2Fproduct_cat&post=17322"},{"taxonomy":"product_tag","embeddable":true,"href":"https:\/\/amd-bl.website\/index.php?rest_route=%2Fwp%2Fv2%2Fproduct_tag&post=17322"}],"curies":[{"name":"wp","href":"https:\/\/api.w.org\/{rel}","templated":true}]}}