{"id":17321,"date":"2024-03-18T19:59:49","date_gmt":"2024-03-18T19:59:49","guid":{"rendered":"https:\/\/amd-bl.website\/?product=olk18-drvena-olovka-18cm"},"modified":"2025-11-11T13:26:06","modified_gmt":"2025-11-11T13:26:06","slug":"olk18-drvena-olovka-18cm","status":"publish","type":"product","link":"https:\/\/amd-bl.website\/?product=olk18-drvena-olovka-18cm","title":{"rendered":"OLK18 Drvena olovka 18cm"},"content":{"rendered":"<div id=\"kontrolka-90\" class=\"kontrolka-PoleProduktu col-12 \" data-kid=\"90\">\n<pre class=\"pole-opis-wartosc\"><span class=\"wartosc\">Opis:\r\nPROFI zelena 4H kamena olovka od 18 cm izra\u0111ena je od visokokvalitetnog lipovog drveta.\u00a0Ovo meko tvrdo drvo ima odli\u010dne karakteristike kaljenja i nudi odli\u010dnu kombinaciju stabilnosti i fleksibilnosti.\u00a0Olovka ima tvrdo\u0107u 4H, \u0161to je \u010dini idealnom za ozna\u010davanje grubih i tvrdih povr\u0161ina kao \u0161to su cigla, kamen ili beton.\u00a0Natpisi na olovci su otporni na vremenske prilike, sun\u010devu svjetlost i umjetnu svjetlost.\r\n\r\nKarakteristike:\r\n- Izra\u0111en od visokokvalitetnog lipovog drveta\r\n- Meko tvrdo drvo omogu\u0107ava odli\u010dno o\u0161trenje\r\n- Nudi odli\u010dnu kombinaciju stabilnosti i fleksibilnosti\r\n- Tvrdo\u0107a 4H\r\n- Za ozna\u010davanje grubih i tvrdih povr\u0161ina, npr. cigla, kamen, beton\r\n- Natpisi otporni na vremenske uvjete i sun\u010devu svjetlost i ve\u0161ta\u010dki\r\n\r\nparametri:\r\n- \u0160ifra proizvoda: OLK18\r\n- Jedinica mere: kom\r\n- Te\u017eina: 0,008 kg\r\n- Marka proizvoda: XL-TOOLS\r\n- EAN13 Bar kod: 5907630193728\r\n\r\nPrimena:\r\nKamena olovka 18cm PROFI zelena 4H idealna je za obele\u017eavanje razli\u010ditih grubih i tvrdih povr\u0161ina kao \u0161to su cigla, kamen ili beton.\u00a0Mo\u017ee se koristiti u profesionalnim i ku\u0107nim aplikacijama.\u00a0Zahvaljuju\u0107i tvrdo\u0107i 4H, otporan je na habanje i pru\u017ea izdr\u017eljive i jasne natpise.\u00a0Proizvod je prakti\u010dan i lak za upotrebu, a zahvaljuju\u0107i kvaliteti je i izdr\u017eljiv i izdr\u017eljiv.<\/span><\/pre>\n<\/div>\n","protected":false},"excerpt":{"rendered":"<p>Opis: PROFI zelena 4H kamena olovka od 18 cm izra\u0111ena je od visokokvalitetnog lipovog drveta.\u00a0Ovo meko tvrdo drvo ima odli\u010dne karakteristike kaljenja i nudi odli\u010dnu kombinaciju stabilnosti i fleksibilnosti.\u00a0Olovka ima tvrdo\u0107u 4H, \u0161to je \u010dini idealnom za ozna\u010davanje grubih i tvrdih povr\u0161ina kao \u0161to su cigla, kamen ili beton.\u00a0Natpisi na olovci su otporni na vremenske [&hellip;]<\/p>\n","protected":false},"featured_media":17357,"comment_status":"closed","ping_status":"closed","template":"","meta":{"pagelayer_contact_templates":[],"_pagelayer_content":""},"product_brand":[],"product_cat":[157,86],"product_tag":[],"class_list":{"0":"post-17321","1":"product","2":"type-product","3":"status-publish","4":"has-post-thumbnail","6":"product_cat-roba-na-akciji","7":"product_cat-gradjevinsko-stolarski-alati","9":"first","10":"instock","11":"sale","12":"shipping-taxable","13":"purchasable","14":"product-type-simple"},"_links":{"self":[{"href":"https:\/\/amd-bl.website\/index.php?rest_route=\/wp\/v2\/product\/17321","targetHints":{"allow":["GET"]}}],"collection":[{"href":"https:\/\/amd-bl.website\/index.php?rest_route=\/wp\/v2\/product"}],"about":[{"href":"https:\/\/amd-bl.website\/index.php?rest_route=\/wp\/v2\/types\/product"}],"replies":[{"embeddable":true,"href":"https:\/\/amd-bl.website\/index.php?rest_route=%2Fwp%2Fv2%2Fcomments&post=17321"}],"wp:featuredmedia":[{"embeddable":true,"href":"https:\/\/amd-bl.website\/index.php?rest_route=\/wp\/v2\/media\/17357"}],"wp:attachment":[{"href":"https:\/\/amd-bl.website\/index.php?rest_route=%2Fwp%2Fv2%2Fmedia&parent=17321"}],"wp:term":[{"taxonomy":"product_brand","embeddable":true,"href":"https:\/\/amd-bl.website\/index.php?rest_route=%2Fwp%2Fv2%2Fproduct_brand&post=17321"},{"taxonomy":"product_cat","embeddable":true,"href":"https:\/\/amd-bl.website\/index.php?rest_route=%2Fwp%2Fv2%2Fproduct_cat&post=17321"},{"taxonomy":"product_tag","embeddable":true,"href":"https:\/\/amd-bl.website\/index.php?rest_route=%2Fwp%2Fv2%2Fproduct_tag&post=17321"}],"curies":[{"name":"wp","href":"https:\/\/api.w.org\/{rel}","templated":true}]}}