{"id":17320,"date":"2024-03-18T19:59:48","date_gmt":"2024-03-18T19:59:48","guid":{"rendered":"https:\/\/amd-bl.website\/?product=lat35-led-lampa"},"modified":"2025-11-11T13:25:06","modified_gmt":"2025-11-11T13:25:06","slug":"lat35-led-lampa","status":"publish","type":"product","link":"https:\/\/amd-bl.website\/?product=lat35-led-lampa","title":{"rendered":"LAT35 LED lampa sa senzorom pokreta"},"content":{"rendered":"<h3>Lagani LED COB+XPE far sa senzorom pokreta<\/h3>\n<p>Opis:<br \/>\nLagana LED COB+XPE prednja lampa sa senzorom pokreta ozna\u010dena \u0161ifrom proizvoda LAT35 je efikasan izvor svjetlosti sa jakom svjetlinom od 350 lumena. Opremljena inovativnim senzorom pokreta, baterijska lampa vam omogu\u0107ava da je jednostavno uklju\u010dite i isklju\u010dite pomo\u0107u pokreta ili dugmeta. Zahvaljuju\u0107i upotrebi COB diode i XPE diode, svjetiljka nudi pet razli\u010ditih na\u010dina osvjetljenja, \u0161to joj omogu\u0107ava da se prilagodi individualnim potrebama korisnika. Tako\u0111e je opremljen stroboskopskom funkcijom.<\/p>\n<p>Parametri:<br \/>\n&#8211; Naziv proizvoda: Svjetlosna LED prednja svjetla COB+XPE senzor pokreta<br \/>\n&#8211; \u0160ifra proizvoda: LAT35<br \/>\n&#8211; Marka proizvoda: XL-TOOLS<br \/>\n&#8211; Boja: crna<br \/>\n&#8211; Klasa otpornosti: IPX4 (vodootporan)<br \/>\n&#8211; Nivo svjetline: 350 lm<br \/>\n&#8211; Glavna dioda: 40 COB<br \/>\n&#8211; Bo\u010dna dioda: XPE<br \/>\n&#8211; Boja svjetla: hladno bela<br \/>\n&#8211; Broj modova osvjetljenja: 5<br \/>\n&#8211; Materijal: guma + ABS<br \/>\n&#8211; Vrijeme rada: od 2,5 do 7 sati u zavisnosti od re\u017eima<br \/>\n&#8211; Napajanje: punjiva<br \/>\n&#8211; Kapacitet baterije: 1200mAh<br \/>\n&#8211; Punjenje: USB Type-C kabel uklju\u010den<br \/>\n&#8211; Te\u017eina svjetiljke: 70 g<br \/>\n&#8211; EAN13 bar kod: 5903347040324<\/p>\n<p>Karakteristike:<br \/>\n&#8211; Lagani dizajn<br \/>\n&#8211; Senzor pokreta koji vam omogu\u0107ava da jednostavno uklju\u010dite i isklju\u010dite svjetiljku pokretom ruke ili gumbom<br \/>\n&#8211; Pet na\u010dina osvjetljenja<br \/>\n&#8211; Strobe funkcija<br \/>\n&#8211; Pra\u0161ina i otpornost na udarce<br \/>\n&#8211; Izdr\u017eljiva konstrukcija od gume + ABS materijala<br \/>\n&#8211; Jednostavno punjenje putem USB Type-C kabla<br \/>\n&#8211; Efikasna baterija kapaciteta 1200mAh<br \/>\n&#8211; Dugo vrijeme rada od 2,5-7 sati<br \/>\n&#8211; Visoka svjetlina od 350 lumena<\/p>\n<p>Primjena:<br \/>\nLagani COB + XPE LED senzor pokreta prednjih svjetala Idealan je za kori\u0161tenje u raznim situacijama kao \u0161to su kampiranje, planinarenje, popravke kod ku\u0107e ili u radionici. Zahvaljuju\u0107i svojoj funkcionalnosti i efikasnosti, baterijska lampa pru\u017ea pouzdan izvor svjetlosti u razli\u010ditim uvjetima.<\/p>\n<p>Dimenzije:<br \/>\n&#8211; Te\u017eina: 0,075 kg<\/p>\n<p>Set uklju\u010duje:<br \/>\n&#8211; Prednju lampu<br \/>\n&#8211; USB Type-C kabl za punjenje<\/p>\n<p>EAN13 bar kod: 5903347040324<\/p>\n","protected":false},"excerpt":{"rendered":"<p>Lagani LED COB+XPE far sa senzorom pokreta Opis: Lagana LED COB+XPE prednja lampa sa senzorom pokreta ozna\u010dena \u0161ifrom proizvoda LAT35 je efikasan izvor svjetlosti sa jakom svjetlinom od 350 lumena. Opremljena inovativnim senzorom pokreta, baterijska lampa vam omogu\u0107ava da je jednostavno uklju\u010dite i isklju\u010dite pomo\u0107u pokreta ili dugmeta. Zahvaljuju\u0107i upotrebi COB diode i XPE diode, [&hellip;]<\/p>\n","protected":false},"featured_media":17509,"comment_status":"closed","ping_status":"closed","template":"","meta":{"pagelayer_contact_templates":[],"_pagelayer_content":""},"product_brand":[],"product_cat":[157,167],"product_tag":[],"class_list":{"0":"post-17320","1":"product","2":"type-product","3":"status-publish","4":"has-post-thumbnail","6":"product_cat-roba-na-akciji","7":"product_cat-automobilski-alati","9":"first","10":"instock","11":"sale","12":"shipping-taxable","13":"purchasable","14":"product-type-simple"},"_links":{"self":[{"href":"https:\/\/amd-bl.website\/index.php?rest_route=\/wp\/v2\/product\/17320","targetHints":{"allow":["GET"]}}],"collection":[{"href":"https:\/\/amd-bl.website\/index.php?rest_route=\/wp\/v2\/product"}],"about":[{"href":"https:\/\/amd-bl.website\/index.php?rest_route=\/wp\/v2\/types\/product"}],"replies":[{"embeddable":true,"href":"https:\/\/amd-bl.website\/index.php?rest_route=%2Fwp%2Fv2%2Fcomments&post=17320"}],"wp:featuredmedia":[{"embeddable":true,"href":"https:\/\/amd-bl.website\/index.php?rest_route=\/wp\/v2\/media\/17509"}],"wp:attachment":[{"href":"https:\/\/amd-bl.website\/index.php?rest_route=%2Fwp%2Fv2%2Fmedia&parent=17320"}],"wp:term":[{"taxonomy":"product_brand","embeddable":true,"href":"https:\/\/amd-bl.website\/index.php?rest_route=%2Fwp%2Fv2%2Fproduct_brand&post=17320"},{"taxonomy":"product_cat","embeddable":true,"href":"https:\/\/amd-bl.website\/index.php?rest_route=%2Fwp%2Fv2%2Fproduct_cat&post=17320"},{"taxonomy":"product_tag","embeddable":true,"href":"https:\/\/amd-bl.website\/index.php?rest_route=%2Fwp%2Fv2%2Fproduct_tag&post=17320"}],"curies":[{"name":"wp","href":"https:\/\/api.w.org\/{rel}","templated":true}]}}