{"id":17318,"date":"2024-03-18T19:59:48","date_gmt":"2024-03-18T19:59:48","guid":{"rendered":"https:\/\/amd-bl.website\/?product=trx50-nasadni-kljuc-torx-t50-1-2"},"modified":"2024-08-17T10:26:57","modified_gmt":"2024-08-17T10:26:57","slug":"trx50-nasadni-kljuc-torx-t50-1-2","status":"publish","type":"product","link":"https:\/\/amd-bl.website\/?product=trx50-nasadni-kljuc-torx-t50-1-2","title":{"rendered":"TRX50 Nasadni klju\u010d TORX-T50 1\/2"},"content":{"rendered":"<h3><span>TORX-T50 uti\u010dnica 1\/2&#8217; Cr.V \/privjesak\/ NXL<\/span><\/h3>\n<p><span>Opis:<\/span><br \/>\n<span>TORX-T50 1\/2&#8217; uti\u010dnica je izra\u0111ena od hrom-vanadijum \u010delika, dizajnirana za rad sa 1\/2&#8217; pogonskim klju\u010devima.\u00a0Njegov dizajn TORX uti\u010dnice omogu\u0107ava efikasan prenos obrtnog momenta i spre\u010dava o\u0161te\u0107enje vijaka.\u00a0Ova uti\u010dnica je univerzalni alat koji se koristi u mnogim tehni\u010dkim oblastima, uklju\u010duju\u0107i automehani\u010daru i monta\u017eu ma\u0161ina.<\/span><\/p>\n<p><span>Karakteristike:<\/span><br \/>\n<span>&#8211; Napravljen od hrom-vanadijum \u010delika<\/span><br \/>\n<span>&#8211; TORX uti\u010dnica<\/span><br \/>\n<span>&#8211; Kompatibilan sa klju\u010devima veli\u010dine 1\/2&#8217;<\/span><br \/>\n<span>&#8211; Spre\u010dava otpu\u0161tanje vijaka<\/span><br \/>\n<span>&#8211; Upakovan na plasti\u010dnu ve\u0161alicu<\/span><\/p>\n<p><span>Parametri:<\/span><br \/>\n<span>\u0160ifra proizvoda: TRX50<\/span><br \/>\n<span>&#8211; Veli\u010dina: T50<\/span><br \/>\n<span>&#8211; Ru\u010dka: 1\/2&#8217;<\/span><br \/>\n<span>&#8211; Pakovanje: na vje\u0161alici<\/span><br \/>\n<span>&#8211; Marka proizvoda: XL-TOOLS<\/span><br \/>\n<span>&#8211; Te\u017eina proizvoda: 0,08 kg<\/span><br \/>\n<span>&#8211; Jedinica mjere: kom<\/span><br \/>\n<span>&#8211; EAN13 bar kod: 5907630144188<\/span><\/p>\n<p><span>Primjena:<\/span><br \/>\n<span>Uti\u010dnica TORX-T50 1\/2&#8217; XL-TOOLS idealna je za upotrebu u radionicama automobila, u servisiranju i monta\u017ei ma\u0161ina, u gra\u0111evinarstvu i zavr\u0161nim uslugama, u vodoinstalaterskim radovima iu gara\u017eama i doma\u0107instvima.<\/span><\/p>\n<p><span>Upute za upotrebu:<\/span><br \/>\n<span>1. Odaberite odgovaraju\u0107i klju\u010d 1\/2&#8217;.<\/span><br \/>\n<span>2. Postavite TORX-T50 uti\u010dnicu na klju\u010d, paze\u0107i da je pravilno postavljen.<\/span><br \/>\n<span>3. Odaberite T50 TORX vijak ili vijak.<\/span><br \/>\n<span>4. Postavite uti\u010dnicu na vijak ili zavrtanj i okrenite klju\u010d da biste stegnuli ili olabavili komponentu.<\/span><br \/>\n<span>5. Nakon zavr\u0161etka rada, uklonite poklopac sa klju\u010da i \u010duvajte ga na suvom mestu kako biste izbegli koroziju.<\/span><\/p>\n","protected":false},"excerpt":{"rendered":"<p>TORX-T50 uti\u010dnica 1\/2&#8217; Cr.V \/privjesak\/ NXL Opis: TORX-T50 1\/2&#8217; uti\u010dnica je izra\u0111ena od hrom-vanadijum \u010delika, dizajnirana za rad sa 1\/2&#8217; pogonskim klju\u010devima.\u00a0Njegov dizajn TORX uti\u010dnice omogu\u0107ava efikasan prenos obrtnog momenta i spre\u010dava o\u0161te\u0107enje vijaka.\u00a0Ova uti\u010dnica je univerzalni alat koji se koristi u mnogim tehni\u010dkim oblastima, uklju\u010duju\u0107i automehani\u010daru i monta\u017eu ma\u0161ina. Karakteristike: &#8211; Napravljen od hrom-vanadijum [&hellip;]<\/p>\n","protected":false},"featured_media":17546,"comment_status":"closed","ping_status":"closed","template":"","meta":{"pagelayer_contact_templates":[],"_pagelayer_content":""},"product_brand":[],"product_cat":[91],"product_tag":[],"class_list":{"0":"post-17318","1":"product","2":"type-product","3":"status-publish","4":"has-post-thumbnail","6":"product_cat-nasadni-bit-torx","8":"first","9":"instock","10":"shipping-taxable","11":"purchasable","12":"product-type-simple"},"_links":{"self":[{"href":"https:\/\/amd-bl.website\/index.php?rest_route=\/wp\/v2\/product\/17318","targetHints":{"allow":["GET"]}}],"collection":[{"href":"https:\/\/amd-bl.website\/index.php?rest_route=\/wp\/v2\/product"}],"about":[{"href":"https:\/\/amd-bl.website\/index.php?rest_route=\/wp\/v2\/types\/product"}],"replies":[{"embeddable":true,"href":"https:\/\/amd-bl.website\/index.php?rest_route=%2Fwp%2Fv2%2Fcomments&post=17318"}],"wp:featuredmedia":[{"embeddable":true,"href":"https:\/\/amd-bl.website\/index.php?rest_route=\/wp\/v2\/media\/17546"}],"wp:attachment":[{"href":"https:\/\/amd-bl.website\/index.php?rest_route=%2Fwp%2Fv2%2Fmedia&parent=17318"}],"wp:term":[{"taxonomy":"product_brand","embeddable":true,"href":"https:\/\/amd-bl.website\/index.php?rest_route=%2Fwp%2Fv2%2Fproduct_brand&post=17318"},{"taxonomy":"product_cat","embeddable":true,"href":"https:\/\/amd-bl.website\/index.php?rest_route=%2Fwp%2Fv2%2Fproduct_cat&post=17318"},{"taxonomy":"product_tag","embeddable":true,"href":"https:\/\/amd-bl.website\/index.php?rest_route=%2Fwp%2Fv2%2Fproduct_tag&post=17318"}],"curies":[{"name":"wp","href":"https:\/\/api.w.org\/{rel}","templated":true}]}}