{"id":17317,"date":"2024-03-18T19:59:48","date_gmt":"2024-03-18T19:59:48","guid":{"rendered":"https:\/\/amd-bl.website\/?product=kun71-kljuc-za-radijatore-2"},"modified":"2024-08-17T10:26:57","modified_gmt":"2024-08-17T10:26:57","slug":"kun71-kljuc-za-radijatore-2","status":"publish","type":"product","link":"https:\/\/amd-bl.website\/?product=kun71-kljuc-za-radijatore-2","title":{"rendered":"KUN71 Klju\u010d za radijatore"},"content":{"rendered":"<h3><span>Univerzalni klju\u010d 60&#215;86 za komandne ormare. grija\u010d+BIT<\/span><\/h3>\n<p><span>Opis:<\/span><br \/>\n<span>Univerzalni klju\u010d 60&#215;86 je alat namijenjen za upravljanje bravama u \u0161irokom spektru primjena, uklju\u010duju\u0107i upravlja\u010dke ormare i grijanje, elektri\u010dne i plinske instalacije. Njegova univerzalnost rezultat je integracije mnogih savjeta koji omogu\u0107avaju otvaranje i zatvaranje najpopularnijih sigurnosnih sistema. Proizvod lako le\u017ei u ruci zahvaljuju\u0107i svojim kompaktnim dimenzijama, \u0161to ga \u010dini prakti\u010dnim alatom za profesionalce kao \u0161to su instalateri i radnici na odr\u017eavanju.<\/span><\/p>\n<p><span>Karakteristike:<\/span><br \/>\n<span>&#8211; Od alatnog \u010delika<\/span><br \/>\n<span>&#8211; Vi\u0161enamjenski zahvaljuju\u0107i raznim vrhovima: \u010detvrtasti klju\u010devi i unutra\u0161nji klju\u010devi, trokutni klju\u010d, adapter sa bitovima<\/span><br \/>\n<span>&#8211; Mala veli\u010dina i te\u017eina<\/span><br \/>\n<span>&#8211; Set uklju\u010duje lanac sa adapterom i dva bita<\/span><br \/>\n<span>&#8211; Pogodnost i lako no\u0161enje<\/span><\/p>\n<p><span>Parametri :<\/span><br \/>\n<span>\u0160ifra proizvoda: KUN71<\/span><br \/>\n<span>&#8211; Dimenzije: 8,5 cm x 6 cm<\/span><br \/>\n<span>&#8211; Te\u017eina proizvoda: 0,09 kg<\/span><br \/>\n<span>&#8211; Jedinica mjere: kom<\/span><br \/>\n<span>&#8211; EAN13 Bar kod: 5907630115331<\/span><br \/>\n<span>&#8211; Marka proizvoda: XL-TOOLS<\/span><\/p>\n<p><span>Primjena:<\/span><br \/>\n<span>Univerzalni klju\u010d XL-TOOLS je neophodan za razli\u010dite sigurnosni sistemi, uklju\u010duju\u0107i elektri\u010dne, grijanje, sanitarne i plinske instalacije. Koristi se i u liftovima i drugim tehni\u010dkim ure\u0111ajima koji zahtijevaju otvaranje ili zatvaranje klju\u010devima razli\u010ditih profila.<\/span><\/p>\n<p><span>Upute za upotrebu:<\/span><br \/>\n<span>1. Odaberite odgovaraju\u0107i vrh klju\u010da koji odgovara bravi (kvadratni, trouglasti ili bitni).<\/span><br \/>\n<span>2. Ubacite klju\u010d u bravu.<\/span><br \/>\n<span>3. Okrenite klju\u010d u odgovaraju\u0107em smjeru da otvorite ili zatvorite bravu.<\/span><br \/>\n<span>4. Kada zavr\u0161ite, odvojite vrh koji se koristi i odlo\u017eite klju\u010d i pribor na sigurno mjesto.<\/span><\/p>\n","protected":false},"excerpt":{"rendered":"<p>Univerzalni klju\u010d 60&#215;86 za komandne ormare. grija\u010d+BIT Opis: Univerzalni klju\u010d 60&#215;86 je alat namijenjen za upravljanje bravama u \u0161irokom spektru primjena, uklju\u010duju\u0107i upravlja\u010dke ormare i grijanje, elektri\u010dne i plinske instalacije. Njegova univerzalnost rezultat je integracije mnogih savjeta koji omogu\u0107avaju otvaranje i zatvaranje najpopularnijih sigurnosnih sistema. Proizvod lako le\u017ei u ruci zahvaljuju\u0107i svojim kompaktnim dimenzijama, \u0161to [&hellip;]<\/p>\n","protected":false},"featured_media":17507,"comment_status":"closed","ping_status":"closed","template":"","meta":{"pagelayer_contact_templates":[],"_pagelayer_content":""},"product_brand":[],"product_cat":[102],"product_tag":[],"class_list":{"0":"post-17317","1":"product","2":"type-product","3":"status-publish","4":"has-post-thumbnail","6":"product_cat-razno","8":"first","9":"instock","10":"shipping-taxable","11":"purchasable","12":"product-type-simple"},"_links":{"self":[{"href":"https:\/\/amd-bl.website\/index.php?rest_route=\/wp\/v2\/product\/17317","targetHints":{"allow":["GET"]}}],"collection":[{"href":"https:\/\/amd-bl.website\/index.php?rest_route=\/wp\/v2\/product"}],"about":[{"href":"https:\/\/amd-bl.website\/index.php?rest_route=\/wp\/v2\/types\/product"}],"replies":[{"embeddable":true,"href":"https:\/\/amd-bl.website\/index.php?rest_route=%2Fwp%2Fv2%2Fcomments&post=17317"}],"wp:featuredmedia":[{"embeddable":true,"href":"https:\/\/amd-bl.website\/index.php?rest_route=\/wp\/v2\/media\/17507"}],"wp:attachment":[{"href":"https:\/\/amd-bl.website\/index.php?rest_route=%2Fwp%2Fv2%2Fmedia&parent=17317"}],"wp:term":[{"taxonomy":"product_brand","embeddable":true,"href":"https:\/\/amd-bl.website\/index.php?rest_route=%2Fwp%2Fv2%2Fproduct_brand&post=17317"},{"taxonomy":"product_cat","embeddable":true,"href":"https:\/\/amd-bl.website\/index.php?rest_route=%2Fwp%2Fv2%2Fproduct_cat&post=17317"},{"taxonomy":"product_tag","embeddable":true,"href":"https:\/\/amd-bl.website\/index.php?rest_route=%2Fwp%2Fv2%2Fproduct_tag&post=17317"}],"curies":[{"name":"wp","href":"https:\/\/api.w.org\/{rel}","templated":true}]}}