{"id":17316,"date":"2024-03-18T19:59:48","date_gmt":"2024-03-18T19:59:48","guid":{"rendered":"https:\/\/amd-bl.website\/?product=mlgp35-gumeno-plasticni-cekic-35mm"},"modified":"2025-11-11T13:20:38","modified_gmt":"2025-11-11T13:20:38","slug":"mlgp35-gumeno-plasticni-cekic-35mm","status":"publish","type":"product","link":"https:\/\/amd-bl.website\/?product=mlgp35-gumeno-plasticni-cekic-35mm","title":{"rendered":"MLGP35 Gumeno-plasti\u010dni \u010deki\u0107 35mm"},"content":{"rendered":"<pre><span>Gumeno-plasti\u010dni \u010deki\u0107 35mm, metalna dr\u0161ka<\/span>\r\n\r\n<span>Opis:<\/span>\r\n<span>Gumoplasti\u010dni \u010deki\u0107 pre\u010dnika 35 mm i metalnom dr\u0161kom je dvostrani alat sa raznim vrhovima razli\u010dite tvrdo\u0107e.\u00a0To je ure\u0111aj koji se uglavnom koristi za radove koji zahtijevaju delikatno oblikovanje i gla\u010danje povr\u0161ina bez opasnosti od o\u0161te\u0107enja materijala, kao \u0161to su radovi od lima ili zavarivanje.\u00a0Plasti\u010dne glave su postavljene na navojnu glavu \u010deki\u0107a, \u0161to im omogu\u0107ava laku zamjenu ovisno o potrebama zadatka.<\/span>\r\n\r\n<span>Karakteristike:<\/span>\r\n<span>- Dvostrani \u010deki\u0107 razli\u010dite tvrdo\u0107e vrha<\/span>\r\n<span>- Pre\u010dnik glave je 35 mm<\/span>\r\n<span>- Metalna osovina koja osigurava izdr\u017eljivost<\/span>\r\n<span>- \u010celi\u010dna glava garantuje odgovaraju\u0107u udarnu masu<\/span>\r\n<span>- Vrhovi \u010deki\u0107a od plastike<\/span>\r\n<span>- Postavljanje glava na navojnu glavu olak\u0161ava zamjenu<\/span>\r\n\r\n<span>Parametri:<\/span>\r\n<span>\u0160ifra proizvoda : MLGP35<\/span>\r\n<span>Pre\u010dnik [mm]: 35<\/span>\r\n<span>Materijal osovine: metal<\/span>\r\n<span>Materijal glave: \u010delik<\/span>\r\n<span>Marka proizvoda: XL-TOOLS<\/span>\r\n<span>Te\u017eina (kg): 0,369<\/span>\r\n<span>Jedinica mjere: kom<\/span>\r\n<span>EAN13 bar kod: 5903347003312<\/span><\/pre>\n","protected":false},"excerpt":{"rendered":"<p>Gumeno-plasti\u010dni \u010deki\u0107 35mm, metalna dr\u0161ka Opis: Gumoplasti\u010dni \u010deki\u0107 pre\u010dnika 35 mm i metalnom dr\u0161kom je dvostrani alat sa raznim vrhovima razli\u010dite tvrdo\u0107e.\u00a0To je ure\u0111aj koji se uglavnom koristi za radove koji zahtijevaju delikatno oblikovanje i gla\u010danje povr\u0161ina bez opasnosti od o\u0161te\u0107enja materijala, kao \u0161to su radovi od lima ili zavarivanje.\u00a0Plasti\u010dne glave su postavljene na navojnu [&hellip;]<\/p>\n","protected":false},"featured_media":17359,"comment_status":"closed","ping_status":"closed","template":"","meta":{"pagelayer_contact_templates":[],"_pagelayer_content":""},"product_brand":[],"product_cat":[157,158],"product_tag":[],"class_list":{"0":"post-17316","1":"product","2":"type-product","3":"status-publish","4":"has-post-thumbnail","6":"product_cat-roba-na-akciji","7":"product_cat-cekici","9":"first","10":"instock","11":"sale","12":"shipping-taxable","13":"purchasable","14":"product-type-simple"},"_links":{"self":[{"href":"https:\/\/amd-bl.website\/index.php?rest_route=\/wp\/v2\/product\/17316","targetHints":{"allow":["GET"]}}],"collection":[{"href":"https:\/\/amd-bl.website\/index.php?rest_route=\/wp\/v2\/product"}],"about":[{"href":"https:\/\/amd-bl.website\/index.php?rest_route=\/wp\/v2\/types\/product"}],"replies":[{"embeddable":true,"href":"https:\/\/amd-bl.website\/index.php?rest_route=%2Fwp%2Fv2%2Fcomments&post=17316"}],"wp:featuredmedia":[{"embeddable":true,"href":"https:\/\/amd-bl.website\/index.php?rest_route=\/wp\/v2\/media\/17359"}],"wp:attachment":[{"href":"https:\/\/amd-bl.website\/index.php?rest_route=%2Fwp%2Fv2%2Fmedia&parent=17316"}],"wp:term":[{"taxonomy":"product_brand","embeddable":true,"href":"https:\/\/amd-bl.website\/index.php?rest_route=%2Fwp%2Fv2%2Fproduct_brand&post=17316"},{"taxonomy":"product_cat","embeddable":true,"href":"https:\/\/amd-bl.website\/index.php?rest_route=%2Fwp%2Fv2%2Fproduct_cat&post=17316"},{"taxonomy":"product_tag","embeddable":true,"href":"https:\/\/amd-bl.website\/index.php?rest_route=%2Fwp%2Fv2%2Fproduct_tag&post=17316"}],"curies":[{"name":"wp","href":"https:\/\/api.w.org\/{rel}","templated":true}]}}