{"id":17315,"date":"2024-03-18T19:59:47","date_gmt":"2024-03-18T19:59:47","guid":{"rendered":"https:\/\/amd-bl.website\/?product=pk1512-pneumatsko-crijevo-15m"},"modified":"2025-11-11T13:19:30","modified_gmt":"2025-11-11T13:19:30","slug":"pk1512-pneumatsko-crijevo-15m","status":"publish","type":"product","link":"https:\/\/amd-bl.website\/?product=pk1512-pneumatsko-crijevo-15m","title":{"rendered":"PK1512 Pneumatsko crijevo 15m"},"content":{"rendered":"<h3>PE 12\/8mm visokoproto\u010dno pneumatsko crijevo, 15m<\/h3>\n<p>Opis:<br \/>\nPE 12\/8mm visokoproto\u010dno pneumatsko crevo, du\u017eine 15m, namenjeno za prenos vazduha u pneumatskim sistemima.\u00a0Napravljen od polietilena, fleksibilan je i otporan na razne vrste o\u0161te\u0107enja, kao \u0161to su vibracije, udarci i ogrebotine.\u00a0Proizvod je opremljen brzim spojnicama, \u0161to olak\u0161ava njegovu monta\u017eu i demonta\u017eu.<\/p>\n<p>Dimenzije:<br \/>\n&#8211; Ukupna du\u017eina: 15m<br \/>\n&#8211; Vanjski pre\u010dnik creva: 12mm<br \/>\n&#8211; Unutra\u0161nji pre\u010dnik creva: 8mm<\/p>\n<p>Karakteristike:<br \/>\n&#8211; Fleksibilnost i izdr\u017eljivost<br \/>\n&#8211; Otpornost na vibracije, udarce i ogrebotine<br \/>\n&#8211; Od polietilena<br \/>\n&#8211; Opremljen brzim spojnicama<\/p>\n<p>Parametri:<br \/>\n&#8211; Proizvod \u0161ifra: PK1512<br \/>\n&#8211; Du\u017eina: 15m<br \/>\n&#8211; Unutra\u0161nji pre\u010dnik: 8mm<br \/>\n&#8211; Vanjski pre\u010dnik: 12mm<br \/>\n&#8211; Maksimalni radni pritisak: 8 bar &#8211;<br \/>\nMarka proizvoda: XL-TOOLS<br \/>\n&#8211; Te\u017eina proizvoda: 0,85 kg<br \/>\n&#8211; Jedinica mere: kom &#8211; EAN13 Bar\u00a0kod<br \/>\n: 5907630150882\u00a0Proizvod se koristi uglavnom pri radu sa kompresorima, pi\u0161toljima za pranje i podmazivanje i puha\u010dima.\u00a0Pneumatsko crijevo je neophodan element u radionicama, proizvodnim pogonima i servisima koji se bave popravkom i odr\u017eavanjem raznih vrsta ma\u0161ina i ure\u0111aja.\u00a0Upute za upotrebu:\u00a01. Spojite jednu stranu pneumatskog crijeva na kompresor ili drugi izvor dovoda zraka pomo\u0107u instaliranih brzih konektora.\u00a02. Pove\u017eite drugu stranu crijeva na pneumatski alat, kao \u0161to je pi\u0161tolj za pranje ili puhanje.\u00a03. Prije upotrebe, provjerite jesu li spojevi \u010dvrsti i sigurni.\u00a04. Pratite sistemski pritisak kako biste osigurali da maksimalni dozvoljeni radni pritisak nije prekora\u010den, a to je 8 bara.\u00a05. Kada zavr\u0161ite sa radom, odvojite alate i crevo iz izvora napajanja, a zatim ispraznite crevo za vazduh.\u00a06. \u010cuvajte crevo na suvom, senovitom mestu, dalje od direktne sun\u010deve svetlosti i ekstremnih temperatura.<\/p>\n","protected":false},"excerpt":{"rendered":"<p>PE 12\/8mm visokoproto\u010dno pneumatsko crijevo, 15m Opis: PE 12\/8mm visokoproto\u010dno pneumatsko crevo, du\u017eine 15m, namenjeno za prenos vazduha u pneumatskim sistemima.\u00a0Napravljen od polietilena, fleksibilan je i otporan na razne vrste o\u0161te\u0107enja, kao \u0161to su vibracije, udarci i ogrebotine.\u00a0Proizvod je opremljen brzim spojnicama, \u0161to olak\u0161ava njegovu monta\u017eu i demonta\u017eu. Dimenzije: &#8211; Ukupna du\u017eina: 15m &#8211; Vanjski [&hellip;]<\/p>\n","protected":false},"featured_media":17527,"comment_status":"closed","ping_status":"closed","template":"","meta":{"pagelayer_contact_templates":[],"_pagelayer_content":""},"product_brand":[],"product_cat":[157],"product_tag":[],"class_list":{"0":"post-17315","1":"product","2":"type-product","3":"status-publish","4":"has-post-thumbnail","6":"product_cat-roba-na-akciji","8":"first","9":"instock","10":"sale","11":"shipping-taxable","12":"purchasable","13":"product-type-simple"},"_links":{"self":[{"href":"https:\/\/amd-bl.website\/index.php?rest_route=\/wp\/v2\/product\/17315","targetHints":{"allow":["GET"]}}],"collection":[{"href":"https:\/\/amd-bl.website\/index.php?rest_route=\/wp\/v2\/product"}],"about":[{"href":"https:\/\/amd-bl.website\/index.php?rest_route=\/wp\/v2\/types\/product"}],"replies":[{"embeddable":true,"href":"https:\/\/amd-bl.website\/index.php?rest_route=%2Fwp%2Fv2%2Fcomments&post=17315"}],"wp:featuredmedia":[{"embeddable":true,"href":"https:\/\/amd-bl.website\/index.php?rest_route=\/wp\/v2\/media\/17527"}],"wp:attachment":[{"href":"https:\/\/amd-bl.website\/index.php?rest_route=%2Fwp%2Fv2%2Fmedia&parent=17315"}],"wp:term":[{"taxonomy":"product_brand","embeddable":true,"href":"https:\/\/amd-bl.website\/index.php?rest_route=%2Fwp%2Fv2%2Fproduct_brand&post=17315"},{"taxonomy":"product_cat","embeddable":true,"href":"https:\/\/amd-bl.website\/index.php?rest_route=%2Fwp%2Fv2%2Fproduct_cat&post=17315"},{"taxonomy":"product_tag","embeddable":true,"href":"https:\/\/amd-bl.website\/index.php?rest_route=%2Fwp%2Fv2%2Fproduct_tag&post=17315"}],"curies":[{"name":"wp","href":"https:\/\/api.w.org\/{rel}","templated":true}]}}