{"id":17312,"date":"2024-03-18T19:59:47","date_gmt":"2024-03-18T19:59:47","guid":{"rendered":"https:\/\/amd-bl.website\/?product=18674-nastavak-l250mm"},"modified":"2024-08-17T10:26:51","modified_gmt":"2024-08-17T10:26:51","slug":"18674-nastavak-l250mm","status":"publish","type":"product","link":"https:\/\/amd-bl.website\/?product=18674-nastavak-l250mm","title":{"rendered":"18674 NASTAVAK 1\/2&#8221; L250mm"},"content":{"rendered":"<ul>\n<li>Omogu\u0107ava rad na te\u0161ko dostupnim mjestima<\/li>\n<li>Opremljen loptom za zaklju\u010davanje i lociranjem poklopca tokom rada<\/li>\n<li>Nastavak ima nastavku kvadratnog presjeka na jednoj strani i \u010detvrtastu, zaobljenu iglu na drugoj, \u0161to omogu\u0107ava rad pod uglom.<\/li>\n<li>EAN:5903755186744<\/li>\n<\/ul>\n","protected":false},"excerpt":{"rendered":"<p>Omogu\u0107ava rad na te\u0161ko dostupnim mjestima Opremljen loptom za zaklju\u010davanje i lociranjem poklopca tokom rada Nastavak ima nastavku kvadratnog presjeka na jednoj strani i \u010detvrtastu, zaobljenu iglu na drugoj, \u0161to omogu\u0107ava rad pod uglom. EAN:5903755186744<\/p>\n","protected":false},"featured_media":17544,"comment_status":"closed","ping_status":"closed","template":"","meta":{"pagelayer_contact_templates":[],"_pagelayer_content":""},"product_brand":[],"product_cat":[159],"product_tag":[],"class_list":{"0":"post-17312","1":"product","2":"type-product","3":"status-publish","4":"has-post-thumbnail","6":"product_cat-mehanicarski-alati","8":"first","9":"instock","10":"shipping-taxable","11":"purchasable","12":"product-type-simple"},"_links":{"self":[{"href":"https:\/\/amd-bl.website\/index.php?rest_route=\/wp\/v2\/product\/17312","targetHints":{"allow":["GET"]}}],"collection":[{"href":"https:\/\/amd-bl.website\/index.php?rest_route=\/wp\/v2\/product"}],"about":[{"href":"https:\/\/amd-bl.website\/index.php?rest_route=\/wp\/v2\/types\/product"}],"replies":[{"embeddable":true,"href":"https:\/\/amd-bl.website\/index.php?rest_route=%2Fwp%2Fv2%2Fcomments&post=17312"}],"wp:featuredmedia":[{"embeddable":true,"href":"https:\/\/amd-bl.website\/index.php?rest_route=\/wp\/v2\/media\/17544"}],"wp:attachment":[{"href":"https:\/\/amd-bl.website\/index.php?rest_route=%2Fwp%2Fv2%2Fmedia&parent=17312"}],"wp:term":[{"taxonomy":"product_brand","embeddable":true,"href":"https:\/\/amd-bl.website\/index.php?rest_route=%2Fwp%2Fv2%2Fproduct_brand&post=17312"},{"taxonomy":"product_cat","embeddable":true,"href":"https:\/\/amd-bl.website\/index.php?rest_route=%2Fwp%2Fv2%2Fproduct_cat&post=17312"},{"taxonomy":"product_tag","embeddable":true,"href":"https:\/\/amd-bl.website\/index.php?rest_route=%2Fwp%2Fv2%2Fproduct_tag&post=17312"}],"curies":[{"name":"wp","href":"https:\/\/api.w.org\/{rel}","templated":true}]}}