{"id":17310,"date":"2024-03-18T19:59:46","date_gmt":"2024-03-18T19:59:46","guid":{"rendered":"https:\/\/amd-bl.website\/?product=18672-nastavak-l125mm"},"modified":"2024-08-17T10:26:51","modified_gmt":"2024-08-17T10:26:51","slug":"18672-nastavak-l125mm","status":"publish","type":"product","link":"https:\/\/amd-bl.website\/?product=18672-nastavak-l125mm","title":{"rendered":"18672 NASTAVAK L125mm 1\/2&#8221;"},"content":{"rendered":"<p>EAN: 5903755186720<\/p>\n<ul>\n<li><span>Omogu\u0107ava rad na te\u0161ko dostupnim mjestima<\/span><\/li>\n<li><span>Opremljen blokadom loptice i odre\u0111ivanjem le\u017ei\u0161ta tokom rada<\/span><\/li>\n<li><span>Produ\u017eetak ima \u010detvrtastu uti\u010dnicu na jednom kraju i zaobljenu \u010detvrtastu iglu na drugom kraju koja omogu\u0107ava rad pod uglom<\/span><\/li>\n<\/ul>\n","protected":false},"excerpt":{"rendered":"<p>EAN: 5903755186720 Omogu\u0107ava rad na te\u0161ko dostupnim mjestima Opremljen blokadom loptice i odre\u0111ivanjem le\u017ei\u0161ta tokom rada Produ\u017eetak ima \u010detvrtastu uti\u010dnicu na jednom kraju i zaobljenu \u010detvrtastu iglu na drugom kraju koja omogu\u0107ava rad pod uglom<\/p>\n","protected":false},"featured_media":17544,"comment_status":"open","ping_status":"closed","template":"","meta":{"pagelayer_contact_templates":[],"_pagelayer_content":""},"product_brand":[],"product_cat":[159],"product_tag":[],"class_list":{"0":"post-17310","1":"product","2":"type-product","3":"status-publish","4":"has-post-thumbnail","6":"product_cat-mehanicarski-alati","8":"first","9":"instock","10":"shipping-taxable","11":"purchasable","12":"product-type-simple"},"_links":{"self":[{"href":"https:\/\/amd-bl.website\/index.php?rest_route=\/wp\/v2\/product\/17310","targetHints":{"allow":["GET"]}}],"collection":[{"href":"https:\/\/amd-bl.website\/index.php?rest_route=\/wp\/v2\/product"}],"about":[{"href":"https:\/\/amd-bl.website\/index.php?rest_route=\/wp\/v2\/types\/product"}],"replies":[{"embeddable":true,"href":"https:\/\/amd-bl.website\/index.php?rest_route=%2Fwp%2Fv2%2Fcomments&post=17310"}],"wp:featuredmedia":[{"embeddable":true,"href":"https:\/\/amd-bl.website\/index.php?rest_route=\/wp\/v2\/media\/17544"}],"wp:attachment":[{"href":"https:\/\/amd-bl.website\/index.php?rest_route=%2Fwp%2Fv2%2Fmedia&parent=17310"}],"wp:term":[{"taxonomy":"product_brand","embeddable":true,"href":"https:\/\/amd-bl.website\/index.php?rest_route=%2Fwp%2Fv2%2Fproduct_brand&post=17310"},{"taxonomy":"product_cat","embeddable":true,"href":"https:\/\/amd-bl.website\/index.php?rest_route=%2Fwp%2Fv2%2Fproduct_cat&post=17310"},{"taxonomy":"product_tag","embeddable":true,"href":"https:\/\/amd-bl.website\/index.php?rest_route=%2Fwp%2Fv2%2Fproduct_tag&post=17310"}],"curies":[{"name":"wp","href":"https:\/\/api.w.org\/{rel}","templated":true}]}}