{"id":17293,"date":"2024-03-18T19:58:43","date_gmt":"2024-03-18T19:58:43","guid":{"rendered":"https:\/\/amd-bl.website\/?product=00600402-univerzalni-pistolj-boll"},"modified":"2025-11-17T15:07:12","modified_gmt":"2025-11-17T15:07:12","slug":"00600402-univerzalni-pistolj-boll","status":"publish","type":"product","link":"https:\/\/amd-bl.website\/?product=00600402-univerzalni-pistolj-boll","title":{"rendered":"00600402 Univerzalni pi\u0161tolj &#8221; Boll &#8220;"},"content":{"rendered":"<p>EAN: 5907588403108<\/p>\n<p>Univerzalni pi\u0161tolj za sredstva za za\u0161titu karoserije automobila, odr\u017eavanje \u0161asije i zatvorenih profila u kantama od 1 i 2 l. Ima regulaciju koja omogu\u0107ava da se dobije \u017eeljena struktura.<\/p>\n","protected":false},"excerpt":{"rendered":"<p>EAN: 5907588403108 Univerzalni pi\u0161tolj za sredstva za za\u0161titu karoserije automobila, odr\u017eavanje \u0161asije i zatvorenih profila u kantama od 1 i 2 l. Ima regulaciju koja omogu\u0107ava da se dobije \u017eeljena struktura.<\/p>\n","protected":false},"featured_media":17600,"comment_status":"open","ping_status":"closed","template":"","meta":{"pagelayer_contact_templates":[],"_pagelayer_content":""},"product_brand":[],"product_cat":[157,166],"product_tag":[],"class_list":{"0":"post-17293","1":"product","2":"type-product","3":"status-publish","4":"has-post-thumbnail","6":"product_cat-roba-na-akciji","7":"product_cat-pneumatski-alat","9":"first","10":"instock","11":"sale","12":"shipping-taxable","13":"purchasable","14":"product-type-simple"},"_links":{"self":[{"href":"https:\/\/amd-bl.website\/index.php?rest_route=\/wp\/v2\/product\/17293","targetHints":{"allow":["GET"]}}],"collection":[{"href":"https:\/\/amd-bl.website\/index.php?rest_route=\/wp\/v2\/product"}],"about":[{"href":"https:\/\/amd-bl.website\/index.php?rest_route=\/wp\/v2\/types\/product"}],"replies":[{"embeddable":true,"href":"https:\/\/amd-bl.website\/index.php?rest_route=%2Fwp%2Fv2%2Fcomments&post=17293"}],"wp:featuredmedia":[{"embeddable":true,"href":"https:\/\/amd-bl.website\/index.php?rest_route=\/wp\/v2\/media\/17600"}],"wp:attachment":[{"href":"https:\/\/amd-bl.website\/index.php?rest_route=%2Fwp%2Fv2%2Fmedia&parent=17293"}],"wp:term":[{"taxonomy":"product_brand","embeddable":true,"href":"https:\/\/amd-bl.website\/index.php?rest_route=%2Fwp%2Fv2%2Fproduct_brand&post=17293"},{"taxonomy":"product_cat","embeddable":true,"href":"https:\/\/amd-bl.website\/index.php?rest_route=%2Fwp%2Fv2%2Fproduct_cat&post=17293"},{"taxonomy":"product_tag","embeddable":true,"href":"https:\/\/amd-bl.website\/index.php?rest_route=%2Fwp%2Fv2%2Fproduct_tag&post=17293"}],"curies":[{"name":"wp","href":"https:\/\/api.w.org\/{rel}","templated":true}]}}