{"id":17158,"date":"2023-09-10T19:38:04","date_gmt":"2023-09-10T19:38:04","guid":{"rendered":"https:\/\/amd-bl.website\/?product=proizvod-231"},"modified":"2025-11-06T09:09:20","modified_gmt":"2025-11-06T09:09:20","slug":"proizvod-231","status":"publish","type":"product","link":"https:\/\/amd-bl.website\/?product=proizvod-231","title":{"rendered":"24662K CILINDAR ZA BRAVU 62MM"},"content":{"rendered":"<p>Ulo\u017eak od mesinga.<\/p>\n<p>Veli\u010dina 62mm &#8211; simetri\u010dna.<\/p>\n<p>Ulo\u017eak se isporu\u010duje sa 3 klju\u010da.<\/p>\n","protected":false},"excerpt":{"rendered":"<p>Ulo\u017eak od mesinga. Veli\u010dina 62mm &#8211; simetri\u010dna. Ulo\u017eak se isporu\u010duje sa 3 klju\u010da.<\/p>\n","protected":false},"featured_media":17823,"comment_status":"closed","ping_status":"closed","template":"","meta":{"pagelayer_contact_templates":[],"_pagelayer_content":""},"product_brand":[],"product_cat":[157,102],"product_tag":[],"class_list":{"0":"post-17158","1":"product","2":"type-product","3":"status-publish","4":"has-post-thumbnail","6":"product_cat-roba-na-akciji","7":"product_cat-razno","9":"first","10":"instock","11":"sale","12":"shipping-taxable","13":"purchasable","14":"product-type-simple"},"_links":{"self":[{"href":"https:\/\/amd-bl.website\/index.php?rest_route=\/wp\/v2\/product\/17158","targetHints":{"allow":["GET"]}}],"collection":[{"href":"https:\/\/amd-bl.website\/index.php?rest_route=\/wp\/v2\/product"}],"about":[{"href":"https:\/\/amd-bl.website\/index.php?rest_route=\/wp\/v2\/types\/product"}],"replies":[{"embeddable":true,"href":"https:\/\/amd-bl.website\/index.php?rest_route=%2Fwp%2Fv2%2Fcomments&post=17158"}],"wp:featuredmedia":[{"embeddable":true,"href":"https:\/\/amd-bl.website\/index.php?rest_route=\/wp\/v2\/media\/17823"}],"wp:attachment":[{"href":"https:\/\/amd-bl.website\/index.php?rest_route=%2Fwp%2Fv2%2Fmedia&parent=17158"}],"wp:term":[{"taxonomy":"product_brand","embeddable":true,"href":"https:\/\/amd-bl.website\/index.php?rest_route=%2Fwp%2Fv2%2Fproduct_brand&post=17158"},{"taxonomy":"product_cat","embeddable":true,"href":"https:\/\/amd-bl.website\/index.php?rest_route=%2Fwp%2Fv2%2Fproduct_cat&post=17158"},{"taxonomy":"product_tag","embeddable":true,"href":"https:\/\/amd-bl.website\/index.php?rest_route=%2Fwp%2Fv2%2Fproduct_tag&post=17158"}],"curies":[{"name":"wp","href":"https:\/\/api.w.org\/{rel}","templated":true}]}}